{"id":107,"date":"2018-07-06T22:20:33","date_gmt":"2018-07-06T22:20:33","guid":{"rendered":"http:\/\/localhost\/sb\/?page_id=107"},"modified":"2021-06-27T19:12:49","modified_gmt":"2021-06-27T19:12:49","slug":"inicio","status":"publish","type":"page","link":"https:\/\/www.sanbernardoalzira.com\/web\/","title":{"rendered":"Inicio"},"content":{"rendered":"\n<h1 class=\"medievo segun centrot\">San Bernardo de Alzira<\/h1>\n\n\n\n<h2 class=\"medievo segun\">\u201cEn el lugar del Martirio no puede haber duda, que fue un bosque vecino a la Villa de Alzira. Mas despu\u00e9s del Martirio de nuestros Santos, es ya Casa de Dios, y puerta del Cielo.<br>\nDe ah\u00ed es, que a nuestro M\u00e1rtir le llaman todos, San Bernardo de Alzira, aunque naci\u00f3 en Carlet: Porque la Patria del M\u00e1rtir (como advierte San Gregorio Niseno) no tanto se debe llamar aquella en que naci\u00f3 al mundo, como aquella en que renaci\u00f3 para el Cielo, y en donde le tienen culto, y veneraci\u00f3n.\u201d<\/h2>\n<h4 class=\"centrot\">\u00ab <a href=\"libros\/las-tres-purpuras-de-alzira\/\">Las Tres P\u00farpuras de Alzira<\/a> \u00bb \u00b7 1707 A.D.<\/h4>\n\n\n\n<div style=\"height:25px\" aria-hidden=\"true\" class=\"wp-block-spacer\"><\/div>\n\n\n\n<hr class=\"wp-block-separator\"\/>\n\n\n\n<div style=\"height:25px\" aria-hidden=\"true\" class=\"wp-block-spacer\"><\/div>\n\n\n\n<div class=\"mini\"><iframe src=\"https:\/\/www.youtube.com\/embed\/zwNQsDIvPv0?rel=0\" allowfullscreen=\"allowfullscreen\" width=\"350\" height=\"197\" frameborder=\"0\"><\/iframe><\/div>\n<div class=\"mediano\" style=\"max-width: 80%; margin: 0 auto;\"><iframe src=\"https:\/\/www.youtube.com\/embed\/zwNQsDIvPv0?rel=0\" allowfullscreen=\"allowfullscreen\" width=\"560\" height=\"315\" frameborder=\"0\"><\/iframe><\/div>\n<div class=\"grande\" style=\"max-width: 80%; margin: 0 auto;\"><iframe src=\"https:\/\/www.youtube.com\/embed\/zwNQsDIvPv0?rel=0\" allowfullscreen=\"allowfullscreen\" width=\"700\" height=\"394\" frameborder=\"0\"><\/iframe><\/div>\n<h4>Video realizado por el Servicio Audiovisual Diocesano del Arzobispado de Valencia sobre la vida de los Santos Patronos Bernardo, Mar\u00eda y Gracia. Este video realizado en 2015 se enmarca dentro del proyecto \u00ab<b>H\u00e9roes de nuestra Fe<\/b>\u00bb para \u00abdifundir y resaltar la vida y testimonio de fe de todos los santos valencianos o vinculados a la di\u00f3cesis de Valencia, y su presencia actual en la sociedad\u00bb.<\/h4>\n<p><script type=\"application\/ld+json\">{\"@context\":\"http:\/\/schema.org\",\"@type\":\"Organization\",\"name\" : \"Archicofrad\u00eda de los Santos Patronos de Alzira\",\"alternateName\": \"Cofrad\u00eda de los Santos Patronos Bernardo, Mar\u00eda y Gracia\",\"legalName\":\"Pontificia Archicofrad\u00eda de los Santos Patronos de Alzira\",\"description\": \"Web de la Pontif\u00edcia Archicofrad\u00eda de los Santos Patronos de Alzira. Dedicada al culto de San Bernardo y sus hermanas santas Mar\u00eda y Gracia\", \"url\": \"https:\/\/www.sanbernardoalzira.es\/\"}<\/script><\/p>\n\n\n\n<p><script type=\"application\/ld+json\">{\"@context\":\"http:\/\/schema.org\",\"@type\":\"Organization\",\"name\" : \"Archicofrad\u00eda de los Santos Patronos de Alzira\",\"alternateName\": \"Cofrad\u00eda de los Santos Patronos Bernardo, Mar\u00eda y Gracia\",\"legalName\":\"Pontificia Archicofrad\u00eda de los Santos Patronos de Alzira\",\"description\": \"Web de la Pontificia Archicofrad\u00eda de los Santos Patronos de Alzira.Dedicada al culto de San Bernardo. Sant Bernat i les germanetes\",\"url\":\"https:\/\/www.sanbernardoalzira.es\/\"}<\/script><\/p>\n","protected":false},"excerpt":{"rendered":"<p>San Bernardo de Alzira \u201cEn el lugar del Martirio no puede haber duda, que fue un bosque vecino a la Villa de Alzira. Mas despu\u00e9s del Martirio de nuestros Santos, es ya Casa de Dios, y puerta del Cielo. De ah\u00ed es, que a nuestro M\u00e1rtir le llaman todos, San Bernardo de Alzira, aunque naci\u00f3<\/p>\n<p class=\"more-link\"><a href=\"https:\/\/www.sanbernardoalzira.com\/web\/\" class=\"themebutton\">Leer m\u00e1s<\/a><\/p>\n","protected":false},"author":4,"featured_media":2178,"parent":0,"menu_order":0,"comment_status":"closed","ping_status":"closed","template":"","meta":{"yasr_overall_rating":0,"yasr_post_is_review":"","yasr_auto_insert_disabled":"","yasr_review_type":""},"yoast_head":"<!-- This site is optimized with the Yoast SEO plugin v20.13 - https:\/\/yoast.com\/wordpress\/plugins\/seo\/ -->\n<title>Inicio - Santos Patronos de Alzira Bernardo, Mar\u00eda y Gracia<\/title>\n<meta name=\"description\" content=\"Sitio web de la Pontificia Archicofrad\u00eda de los Santos Patronos Bernardo, Mar\u00eda y Gracia de Alzira, Sant Bernat i les germanetes.\" \/>\n<meta name=\"robots\" content=\"index, follow, max-snippet:-1, max-image-preview:large, max-video-preview:-1\" \/>\n<link rel=\"canonical\" href=\"https:\/\/www.sanbernardoalzira.com\/web\/\" \/>\n<meta property=\"og:locale\" content=\"es_ES\" \/>\n<meta property=\"og:type\" content=\"article\" \/>\n<meta property=\"og:title\" content=\"Inicio - Santos Patronos de Alzira Bernardo, Mar\u00eda y Gracia\" \/>\n<meta property=\"og:description\" content=\"Sitio web de la Pontificia Archicofrad\u00eda de los Santos Patronos Bernardo, Mar\u00eda y Gracia de Alzira, Sant Bernat i les germanetes.\" \/>\n<meta property=\"og:url\" content=\"https:\/\/www.sanbernardoalzira.com\/web\/\" \/>\n<meta property=\"og:site_name\" content=\"Santos Patronos de Alzira Bernardo, Mar\u00eda y Gracia\" \/>\n<meta property=\"article:publisher\" content=\"https:\/\/www.facebook.com\/SanBernardoAlzira\/\" \/>\n<meta property=\"article:modified_time\" content=\"2021-06-27T19:12:49+00:00\" \/>\n<meta property=\"og:image\" content=\"https:\/\/www.sanbernardoalzira.com\/web\/wp-content\/uploads\/2018\/07\/Santos-Patronos-Alzira.jpg\" \/>\n\t<meta property=\"og:image:width\" content=\"400\" \/>\n\t<meta property=\"og:image:height\" content=\"479\" \/>\n\t<meta property=\"og:image:type\" content=\"image\/jpeg\" \/>\n<meta name=\"twitter:card\" content=\"summary_large_image\" \/>\n<meta name=\"twitter:label1\" content=\"Tiempo de lectura\" \/>\n\t<meta name=\"twitter:data1\" content=\"2 minutos\" \/>\n<script type=\"application\/ld+json\" class=\"yoast-schema-graph\">{\"@context\":\"https:\/\/schema.org\",\"@graph\":[{\"@type\":\"WebPage\",\"@id\":\"https:\/\/www.sanbernardoalzira.com\/web\/\",\"url\":\"https:\/\/www.sanbernardoalzira.com\/web\/\",\"name\":\"Inicio - Santos Patronos de Alzira Bernardo, Mar\u00eda y Gracia\",\"isPartOf\":{\"@id\":\"https:\/\/www.sanbernardoalzira.com\/web\/#website\"},\"datePublished\":\"2018-07-06T22:20:33+00:00\",\"dateModified\":\"2021-06-27T19:12:49+00:00\",\"description\":\"Sitio web de la Pontificia Archicofrad\u00eda de los Santos Patronos Bernardo, Mar\u00eda y Gracia de Alzira, Sant Bernat i les germanetes.\",\"breadcrumb\":{\"@id\":\"https:\/\/www.sanbernardoalzira.com\/web\/#breadcrumb\"},\"inLanguage\":\"es\",\"potentialAction\":[{\"@type\":\"ReadAction\",\"target\":[\"https:\/\/www.sanbernardoalzira.com\/web\/\"]}]},{\"@type\":\"BreadcrumbList\",\"@id\":\"https:\/\/www.sanbernardoalzira.com\/web\/#breadcrumb\",\"itemListElement\":[{\"@type\":\"ListItem\",\"position\":1,\"name\":\"Home\",\"item\":\"https:\/\/www.sanbernardoalzira.es\/web\/\"},{\"@type\":\"ListItem\",\"position\":2,\"name\":\"Inicio\"}]},{\"@type\":\"WebSite\",\"@id\":\"https:\/\/www.sanbernardoalzira.com\/web\/#website\",\"url\":\"https:\/\/www.sanbernardoalzira.com\/web\/\",\"name\":\"Santos Patronos de Alzira Bernardo, Mar\u00eda y Gracia\",\"description\":\"Pontificia Archicofrad\u00eda de los Santos Patronos de Alzira\",\"publisher\":{\"@id\":\"https:\/\/www.sanbernardoalzira.com\/web\/#organization\"},\"potentialAction\":[{\"@type\":\"SearchAction\",\"target\":{\"@type\":\"EntryPoint\",\"urlTemplate\":\"https:\/\/www.sanbernardoalzira.com\/web\/?s={search_term_string}\"},\"query-input\":\"required name=search_term_string\"}],\"inLanguage\":\"es\"},{\"@type\":\"Organization\",\"@id\":\"https:\/\/www.sanbernardoalzira.com\/web\/#organization\",\"name\":\"Archicofrad\u00eda de los Santos Patronos de Alzira\",\"url\":\"https:\/\/www.sanbernardoalzira.com\/web\/\",\"logo\":{\"@type\":\"ImageObject\",\"inLanguage\":\"es\",\"@id\":\"https:\/\/www.sanbernardoalzira.com\/web\/#\/schema\/logo\/image\/\",\"url\":\"https:\/\/www.sanbernardoalzira.com\/web\/wp-content\/uploads\/2018\/07\/logo.png\",\"contentUrl\":\"https:\/\/www.sanbernardoalzira.com\/web\/wp-content\/uploads\/2018\/07\/logo.png\",\"width\":816,\"height\":804,\"caption\":\"Archicofrad\u00eda de los Santos Patronos de Alzira\"},\"image\":{\"@id\":\"https:\/\/www.sanbernardoalzira.com\/web\/#\/schema\/logo\/image\/\"},\"sameAs\":[\"https:\/\/www.facebook.com\/SanBernardoAlzira\/\"]},false]}<\/script>\n<!-- \/ Yoast SEO plugin. -->","yoast_head_json":{"title":"Inicio - Santos Patronos de Alzira Bernardo, Mar\u00eda y Gracia","description":"Sitio web de la Pontificia Archicofrad\u00eda de los Santos Patronos Bernardo, Mar\u00eda y Gracia de Alzira, Sant Bernat i les germanetes.","robots":{"index":"index","follow":"follow","max-snippet":"max-snippet:-1","max-image-preview":"max-image-preview:large","max-video-preview":"max-video-preview:-1"},"canonical":"https:\/\/www.sanbernardoalzira.com\/web\/","og_locale":"es_ES","og_type":"article","og_title":"Inicio - Santos Patronos de Alzira Bernardo, Mar\u00eda y Gracia","og_description":"Sitio web de la Pontificia Archicofrad\u00eda de los Santos Patronos Bernardo, Mar\u00eda y Gracia de Alzira, Sant Bernat i les germanetes.","og_url":"https:\/\/www.sanbernardoalzira.com\/web\/","og_site_name":"Santos Patronos de Alzira Bernardo, Mar\u00eda y Gracia","article_publisher":"https:\/\/www.facebook.com\/SanBernardoAlzira\/","article_modified_time":"2021-06-27T19:12:49+00:00","og_image":[{"width":400,"height":479,"url":"https:\/\/www.sanbernardoalzira.com\/web\/wp-content\/uploads\/2018\/07\/Santos-Patronos-Alzira.jpg","type":"image\/jpeg"}],"twitter_card":"summary_large_image","twitter_misc":{"Tiempo de lectura":"2 minutos"},"schema":{"@context":"https:\/\/schema.org","@graph":[{"@type":"WebPage","@id":"https:\/\/www.sanbernardoalzira.com\/web\/","url":"https:\/\/www.sanbernardoalzira.com\/web\/","name":"Inicio - Santos Patronos de Alzira Bernardo, Mar\u00eda y Gracia","isPartOf":{"@id":"https:\/\/www.sanbernardoalzira.com\/web\/#website"},"datePublished":"2018-07-06T22:20:33+00:00","dateModified":"2021-06-27T19:12:49+00:00","description":"Sitio web de la Pontificia Archicofrad\u00eda de los Santos Patronos Bernardo, Mar\u00eda y Gracia de Alzira, Sant Bernat i les germanetes.","breadcrumb":{"@id":"https:\/\/www.sanbernardoalzira.com\/web\/#breadcrumb"},"inLanguage":"es","potentialAction":[{"@type":"ReadAction","target":["https:\/\/www.sanbernardoalzira.com\/web\/"]}]},{"@type":"BreadcrumbList","@id":"https:\/\/www.sanbernardoalzira.com\/web\/#breadcrumb","itemListElement":[{"@type":"ListItem","position":1,"name":"Home","item":"https:\/\/www.sanbernardoalzira.es\/web\/"},{"@type":"ListItem","position":2,"name":"Inicio"}]},{"@type":"WebSite","@id":"https:\/\/www.sanbernardoalzira.com\/web\/#website","url":"https:\/\/www.sanbernardoalzira.com\/web\/","name":"Santos Patronos de Alzira Bernardo, Mar\u00eda y Gracia","description":"Pontificia Archicofrad\u00eda de los Santos Patronos de Alzira","publisher":{"@id":"https:\/\/www.sanbernardoalzira.com\/web\/#organization"},"potentialAction":[{"@type":"SearchAction","target":{"@type":"EntryPoint","urlTemplate":"https:\/\/www.sanbernardoalzira.com\/web\/?s={search_term_string}"},"query-input":"required name=search_term_string"}],"inLanguage":"es"},{"@type":"Organization","@id":"https:\/\/www.sanbernardoalzira.com\/web\/#organization","name":"Archicofrad\u00eda de los Santos Patronos de Alzira","url":"https:\/\/www.sanbernardoalzira.com\/web\/","logo":{"@type":"ImageObject","inLanguage":"es","@id":"https:\/\/www.sanbernardoalzira.com\/web\/#\/schema\/logo\/image\/","url":"https:\/\/www.sanbernardoalzira.com\/web\/wp-content\/uploads\/2018\/07\/logo.png","contentUrl":"https:\/\/www.sanbernardoalzira.com\/web\/wp-content\/uploads\/2018\/07\/logo.png","width":816,"height":804,"caption":"Archicofrad\u00eda de los Santos Patronos de Alzira"},"image":{"@id":"https:\/\/www.sanbernardoalzira.com\/web\/#\/schema\/logo\/image\/"},"sameAs":["https:\/\/www.facebook.com\/SanBernardoAlzira\/"]},false]}},"yasr_visitor_votes":{"stars_attributes":{"read_only":false,"span_bottom":false},"number_of_votes":0,"sum_votes":0},"_links":{"self":[{"href":"https:\/\/www.sanbernardoalzira.com\/web\/wp-json\/wp\/v2\/pages\/107"}],"collection":[{"href":"https:\/\/www.sanbernardoalzira.com\/web\/wp-json\/wp\/v2\/pages"}],"about":[{"href":"https:\/\/www.sanbernardoalzira.com\/web\/wp-json\/wp\/v2\/types\/page"}],"author":[{"embeddable":true,"href":"https:\/\/www.sanbernardoalzira.com\/web\/wp-json\/wp\/v2\/users\/4"}],"replies":[{"embeddable":true,"href":"https:\/\/www.sanbernardoalzira.com\/web\/wp-json\/wp\/v2\/comments?post=107"}],"version-history":[{"count":10,"href":"https:\/\/www.sanbernardoalzira.com\/web\/wp-json\/wp\/v2\/pages\/107\/revisions"}],"predecessor-version":[{"id":4824,"href":"https:\/\/www.sanbernardoalzira.com\/web\/wp-json\/wp\/v2\/pages\/107\/revisions\/4824"}],"wp:featuredmedia":[{"embeddable":true,"href":"https:\/\/www.sanbernardoalzira.com\/web\/wp-json\/wp\/v2\/media\/2178"}],"wp:attachment":[{"href":"https:\/\/www.sanbernardoalzira.com\/web\/wp-json\/wp\/v2\/media?parent=107"}],"curies":[{"name":"wp","href":"https:\/\/api.w.org\/{rel}","templated":true}]}}