{"id":197,"date":"2018-07-08T15:40:15","date_gmt":"2018-07-08T15:40:15","guid":{"rendered":"http:\/\/localhost\/sb\/?page_id=197"},"modified":"2020-07-20T15:29:55","modified_gmt":"2020-07-20T15:29:55","slug":"ermita-de-san-bernardo-carlet","status":"publish","type":"page","link":"https:\/\/www.sanbernardoalzira.com\/web\/ermita-de-san-bernardo-carlet\/","title":{"rendered":"Ermita de San Bernardo en Carlet"},"content":{"rendered":"\n<div id=\"attachment_34\" style=\"width: 330px\" class=\"wp-caption alignright\"><a href=\"..\/wp-content\/uploads\/2018\/07\/Carlet-Ermita-01-600.jpg\"><img aria-describedby=\"caption-attachment-34\" fetchpriority=\"high\" decoding=\"async\" class=\"size-full wp-image-34\" src=\"..\/wp-content\/uploads\/2018\/07\/Carlet-Ermita-01-400.jpg\" alt=\"Foto Ermita de Sant Bernat en Carlet\" width=\"320\" height=\"220\"><\/a><p id=\"caption-attachment-34\" class=\"wp-caption-text\">Ermita de San Bernardo<\/p><\/div>\n<p>Al noroeste de la ciudad de Carlet, en el camino de Sant Bernat est\u00e1 situada la ermita donde se venera a los <strong>santos Bernardo, Mar\u00eda y Gracia<\/strong>. En estos terrenos estaba la antigua alquer\u00eda de Pintarrafes y el palacio donde nacieron los santos hermanos.<\/p>\n<p>El edificio actual se construy\u00f3 a finales del siglo XVIII en el lugar donde ya exist\u00eda otra ermita a su vez levantada sobre los restos del palacio. Tiene doble planta y est\u00e1 formado por dos muros conc\u00e9ntricos. El exterior es heptagonal y m\u00e1s bajo que el interior. Adem\u00e1s hace de contrafuerte al muro interior. Cada uno de los lados mide unos ocho metros. En cuanto al muro interior en su parte externa es, tambi\u00e9n, heptagonal. Es decir, que sus paredes son paralelas a las del muro exterior. Sin embargo, el lado interno es circular, de unos ocho metros de di\u00e1metro, y alberga la capilla. En la parte superior est\u00e1 el lucernario o iluminarias y encima la c\u00fapula. La segunda planta es un pasillo entre los dos muros con ventanas al exterior y al interior, es decir a la capilla. Las tejas que cubren la segunda planta son las curvadas habituales, mientras que las de la c\u00fapula est\u00e1n lacadas en azul.<\/p>\n<div id=\"attachment_34\" style=\"width: 330px\" class=\"wp-caption alignleft\"><a href=\"..\/wp-content\/uploads\/2018\/07\/Carlet-Ermita-03-600.jpg\"><img aria-describedby=\"caption-attachment-34\" decoding=\"async\" class=\"size-full wp-image-34\" src=\"..\/wp-content\/uploads\/2018\/07\/Carlet-Ermita-03-400.jpg\" alt=\"Foto Ermita de Sant Bernat en Carlet\" width=\"320\" height=\"400\"><\/a><p id=\"caption-attachment-34\" class=\"wp-caption-text\">Interior de la Ermita<\/p><\/div>\n<p class=\"medievo\" style=\"font-size: 1.3em;\">\u00abEn la Villa de Carlet, de tiempo inmemorial, se conserva una iglesia, y Ermita de San Bernardo, y sus hermanas, en el mismo sitio, en que por tradici\u00f3n se tiene, estaba el Palacio, en donde nacieron los tres Santos Hermanos. Y es tanta la devoci\u00f3n que se tiene a \u00e9ste santuario, que siempre que se hallan los hijos de aquella Villa en alg\u00fan ahogo, o aflicci\u00f3n, acuden all\u00ed con Procesiones, y Rogativas, por la experiencia que tienen de la protecci\u00f3n, y amor de sus Santos Paisanos\u00bb<\/p>\n<p>\u00ab<a href=\"..\/libros\/las-tres-purpuras-de-alzira\/\"><b>Las Tres P\u00farpuras de Alzira<\/b><\/a>\u00bb \u00b7 (1707 A.D.)<\/p>\n<div id=\"attachment_34\" style=\"width: 330px\" class=\"wp-caption alignright\"><a href=\"..\/wp-content\/uploads\/2018\/07\/Carlet-Ermita-04-693.jpg\"><img aria-describedby=\"caption-attachment-34\" decoding=\"async\" class=\"size-full wp-image-34\" src=\"..\/wp-content\/uploads\/2018\/07\/Carlet-Ermita-04-462.jpg\" alt=\"Foto imagen de Sant Bernat\" width=\"320\" height=\"400\"><\/a><p id=\"caption-attachment-34\" class=\"wp-caption-text\">Imagen de San Bernardo venerada en la Ermita<\/p><\/div>\n<p>La anterior ermita, que se finaliz\u00f3 en 1666, fue levantada por D.Jorge Castellv\u00ed, conde de Carlet, en gratitud por un milagro realizado por Sant Bernat ya que salv\u00f3 a su hijo de una enfermedad. El 19 de junio de 1999, una descendiente de \u00e9ste, la condesa de Carlet Paloma Barris y Armet de Castellv\u00ed don\u00f3 la ermita y las tierras que la rodean a la <strong>Cofrad\u00eda de los Santos Patronos Bernardo, Mar\u00eda y Gracia de Carlet<\/strong>. Este cambio de titularidad posibilit\u00f3 que en 2004 se procediera a una importante y necesaria restauraci\u00f3n que entre otras cosas se sustituyeran algunas vigas de madera y las tejas y se realizasen obras de carpinter\u00eda interior y exterior.<\/p>\n<p>Las im\u00e1genes de los Santos Patronos que hay en el altar son de mediados del siglo XX, ya que las existentes , as\u00ed como el retablo y otros muchas cosas, fueron destruidas o saqueadas a consecuencia de la persecuci\u00f3n religiosa que hubo durante la guerra civil. La propia ermita se lleg\u00f3 a usar como c\u00e1rcel y establo.<\/p>\n<p>La imagen de San Bernardo fue una donaci\u00f3n de la Caja de Ahorros de Carlet, mientras que de las <i>Germanetes<\/i> fue responsabilidad de las mujeres del pueblo el encargarse de las donaciones y rifas para recabar fondos.<\/p>\n<p>En el exterior hay un peque\u00f1o monolito que data de 1925, pero no as\u00ed el retablo de cer\u00e1mica de su interior que es de 2008.<\/p>\n<p>El lugar est\u00e1 rodeado de campos de frutales y en la parcela de la Ermita existe una zona de arbolado con mesas y sillas para descansar y disfrutar del entorno. Todos los a\u00f1os, el 23 de julio, tiene lugar una romer\u00eda en honor, l\u00f3gicamente, a San Bernardo.<\/p>\n<div class=\"mini\"><iframe style=\"border: 0;\" src=\"https:\/\/www.google.com\/maps\/embed?pb=!1m18!1m12!1m3!1d3090.427331152147!2d-0.5337282817374019!3d39.233170056250856!2m3!1f0!2f0!3f0!3m2!1i1024!2i768!4f13.1!3m3!1m2!1s0xd61a957084bdc0b%3A0xab38842068b714c5!2sErmita+de+Sant+Bernat!5e0!3m2!1ses!2ses!4v1531065113595\" allowfullscreen=\"allowfullscreen\" width=\"400\" height=\"300\" frameborder=\"0\"><\/iframe><\/div>\n<div class=\"mediano\"><center><br><iframe style=\"border: 0;\" src=\"https:\/\/www.google.com\/maps\/embed?pb=!1m18!1m12!1m3!1d3090.427331152147!2d-0.5337282817374019!3d39.233170056250856!2m3!1f0!2f0!3f0!3m2!1i1024!2i768!4f13.1!3m3!1m2!1s0xd61a957084bdc0b%3A0xab38842068b714c5!2sErmita+de+Sant+Bernat!5e0!3m2!1ses!2ses!4v1531065113595\" allowfullscreen=\"allowfullscreen\" width=\"600\" height=\"450\" frameborder=\"0\"><\/iframe><\/center><\/div>\n<div class=\"grande\"><center><br><iframe style=\"border: 0;\" src=\"https:\/\/www.google.com\/maps\/embed?pb=!1m18!1m12!1m3!1d98948.74008185348!2d-0.5441075000000121!3d39.1940828!2m3!1f0!2f0!3f0!3m2!1i1024!2i768!4f13.1!3m3!1m2!1s0xd61a957084bdc0b%3A0xab38842068b714c5!2sErmita+de+Sant+Bernat!5e0!3m2!1ses!2ses!4v1531065314076\" allowfullscreen=\"allowfullscreen\" width=\"800\" height=\"600\" frameborder=\"0\"><\/iframe><\/center><\/div>\n<p><script type=\"application\/ld+json\">{\"@context\":\"http:\/\/schema.org\",\"@type\":\"CatholicChurch\",\"name\" :\"Ermita de San Bernardo\",\"alternateName\":\"Ermita de Sant Bernat de Carlet\",\"description\":\"Ermita en honor a San Bernardo. Construida sobre en los terrenos donde estaba el palacio en que naci\u00f3 San Bernardo. Por eso es conocido como Sant Bernat de Carlet y tambi\u00e9n San Bernat de Poblet\",\"hasMap\": \"https:\/\/goo.gl\/maps\/owtrz3h9KFz\",\"geo\":{\"@type\":\"GeoCoordinates\",\"latitude\":\"39.233608\",\"longitude\":\"-0.533703\"},\"photo\":\"https:\/\/www.sanbernardoalzira.es\/web\/wp-content\/uploads\/2018\/07\/Carlet-Ermita-01-400.jpg\",\"url\":\"https:\/\/www.sanbernardoalzira.es\/web\/ermita-de-san-bernardo-carlet\/\",\"address\":{\"@type\": \"PostalAddress\",\"addressCountry\":\"ES\",\"addressRegion\":\"Valencia\",\"addressLocality\":\"Carlet\",\"postalCode\":\"46240\"}}<\/script><\/p>\n","protected":false},"excerpt":{"rendered":"<p>Al noroeste de la ciudad de Carlet, en el camino de Sant Bernat est\u00e1 situada la ermita donde se venera a los santos Bernardo, Mar\u00eda y Gracia. En estos terrenos estaba la antigua alquer\u00eda de Pintarrafes y el palacio donde nacieron los santos hermanos. El edificio actual se construy\u00f3 a finales del siglo XVIII en<\/p>\n<p class=\"more-link\"><a href=\"https:\/\/www.sanbernardoalzira.com\/web\/ermita-de-san-bernardo-carlet\/\" class=\"themebutton\">Leer m\u00e1s<\/a><\/p>\n","protected":false},"author":3,"featured_media":0,"parent":0,"menu_order":0,"comment_status":"closed","ping_status":"closed","template":"","meta":{"yasr_overall_rating":0,"yasr_post_is_review":"","yasr_auto_insert_disabled":"","yasr_review_type":""},"yoast_head":"<!-- This site is optimized with the Yoast SEO plugin v20.13 - https:\/\/yoast.com\/wordpress\/plugins\/seo\/ -->\n<title>Ermita de San Bernardo en Carlet - Santos Patronos de Alzira Bernardo, Mar\u00eda y Gracia<\/title>\n<meta name=\"description\" content=\"La Ermita de San Bernardo en Carlet se construy\u00f3 en los terrenos donde estaba el palacio en el que nacieron los Santos Patronos Bernardo, Mar\u00eda y Gracia.\" \/>\n<meta name=\"robots\" content=\"index, follow, max-snippet:-1, max-image-preview:large, max-video-preview:-1\" \/>\n<link rel=\"canonical\" href=\"https:\/\/www.sanbernardoalzira.com\/web\/ermita-de-san-bernardo-carlet\/\" \/>\n<meta property=\"og:locale\" content=\"es_ES\" \/>\n<meta property=\"og:type\" content=\"article\" \/>\n<meta property=\"og:title\" content=\"Ermita de San Bernardo en Carlet - Santos Patronos de Alzira Bernardo, Mar\u00eda y Gracia\" \/>\n<meta property=\"og:description\" content=\"La Ermita de San Bernardo en Carlet se construy\u00f3 en los terrenos donde estaba el palacio en el que nacieron los Santos Patronos Bernardo, Mar\u00eda y Gracia.\" \/>\n<meta property=\"og:url\" content=\"https:\/\/www.sanbernardoalzira.com\/web\/ermita-de-san-bernardo-carlet\/\" \/>\n<meta property=\"og:site_name\" content=\"Santos Patronos de Alzira Bernardo, Mar\u00eda y Gracia\" \/>\n<meta property=\"article:publisher\" content=\"https:\/\/www.facebook.com\/SanBernardoAlzira\/\" \/>\n<meta property=\"article:modified_time\" content=\"2020-07-20T15:29:55+00:00\" \/>\n<meta property=\"og:image\" content=\"https:\/\/www.sanbernardoalzira.com\/web\/wp-content\/uploads\/2018\/07\/Santos-Patronos-Alzira.jpg\" \/>\n\t<meta property=\"og:image:width\" content=\"400\" \/>\n\t<meta property=\"og:image:height\" content=\"479\" \/>\n\t<meta property=\"og:image:type\" content=\"image\/jpeg\" \/>\n<meta name=\"twitter:card\" content=\"summary_large_image\" \/>\n<meta name=\"twitter:label1\" content=\"Tiempo de lectura\" \/>\n\t<meta name=\"twitter:data1\" content=\"3 minutos\" \/>\n<script type=\"application\/ld+json\" class=\"yoast-schema-graph\">{\"@context\":\"https:\/\/schema.org\",\"@graph\":[{\"@type\":\"WebPage\",\"@id\":\"https:\/\/www.sanbernardoalzira.com\/web\/ermita-de-san-bernardo-carlet\/\",\"url\":\"https:\/\/www.sanbernardoalzira.com\/web\/ermita-de-san-bernardo-carlet\/\",\"name\":\"Ermita de San Bernardo en Carlet - Santos Patronos de Alzira Bernardo, Mar\u00eda y Gracia\",\"isPartOf\":{\"@id\":\"https:\/\/www.sanbernardoalzira.com\/web\/#website\"},\"datePublished\":\"2018-07-08T15:40:15+00:00\",\"dateModified\":\"2020-07-20T15:29:55+00:00\",\"description\":\"La Ermita de San Bernardo en Carlet se construy\u00f3 en los terrenos donde estaba el palacio en el que nacieron los Santos Patronos Bernardo, Mar\u00eda y Gracia.\",\"breadcrumb\":{\"@id\":\"https:\/\/www.sanbernardoalzira.com\/web\/ermita-de-san-bernardo-carlet\/#breadcrumb\"},\"inLanguage\":\"es\",\"potentialAction\":[{\"@type\":\"ReadAction\",\"target\":[\"https:\/\/www.sanbernardoalzira.com\/web\/ermita-de-san-bernardo-carlet\/\"]}]},{\"@type\":\"BreadcrumbList\",\"@id\":\"https:\/\/www.sanbernardoalzira.com\/web\/ermita-de-san-bernardo-carlet\/#breadcrumb\",\"itemListElement\":[{\"@type\":\"ListItem\",\"position\":1,\"name\":\"Home\",\"item\":\"https:\/\/www.sanbernardoalzira.es\/web\/\"},{\"@type\":\"ListItem\",\"position\":2,\"name\":\"Ermita de San Bernardo en Carlet\"}]},{\"@type\":\"WebSite\",\"@id\":\"https:\/\/www.sanbernardoalzira.com\/web\/#website\",\"url\":\"https:\/\/www.sanbernardoalzira.com\/web\/\",\"name\":\"Santos Patronos de Alzira Bernardo, Mar\u00eda y Gracia\",\"description\":\"Pontificia Archicofrad\u00eda de los Santos Patronos de Alzira\",\"publisher\":{\"@id\":\"https:\/\/www.sanbernardoalzira.com\/web\/#organization\"},\"potentialAction\":[{\"@type\":\"SearchAction\",\"target\":{\"@type\":\"EntryPoint\",\"urlTemplate\":\"https:\/\/www.sanbernardoalzira.com\/web\/?s={search_term_string}\"},\"query-input\":\"required name=search_term_string\"}],\"inLanguage\":\"es\"},{\"@type\":\"Organization\",\"@id\":\"https:\/\/www.sanbernardoalzira.com\/web\/#organization\",\"name\":\"Archicofrad\u00eda de los Santos Patronos de Alzira\",\"url\":\"https:\/\/www.sanbernardoalzira.com\/web\/\",\"logo\":{\"@type\":\"ImageObject\",\"inLanguage\":\"es\",\"@id\":\"https:\/\/www.sanbernardoalzira.com\/web\/#\/schema\/logo\/image\/\",\"url\":\"https:\/\/www.sanbernardoalzira.com\/web\/wp-content\/uploads\/2018\/07\/logo.png\",\"contentUrl\":\"https:\/\/www.sanbernardoalzira.com\/web\/wp-content\/uploads\/2018\/07\/logo.png\",\"width\":816,\"height\":804,\"caption\":\"Archicofrad\u00eda de los Santos Patronos de Alzira\"},\"image\":{\"@id\":\"https:\/\/www.sanbernardoalzira.com\/web\/#\/schema\/logo\/image\/\"},\"sameAs\":[\"https:\/\/www.facebook.com\/SanBernardoAlzira\/\"]},false]}<\/script>\n<!-- \/ Yoast SEO plugin. -->","yoast_head_json":{"title":"Ermita de San Bernardo en Carlet - Santos Patronos de Alzira Bernardo, Mar\u00eda y Gracia","description":"La Ermita de San Bernardo en Carlet se construy\u00f3 en los terrenos donde estaba el palacio en el que nacieron los Santos Patronos Bernardo, Mar\u00eda y Gracia.","robots":{"index":"index","follow":"follow","max-snippet":"max-snippet:-1","max-image-preview":"max-image-preview:large","max-video-preview":"max-video-preview:-1"},"canonical":"https:\/\/www.sanbernardoalzira.com\/web\/ermita-de-san-bernardo-carlet\/","og_locale":"es_ES","og_type":"article","og_title":"Ermita de San Bernardo en Carlet - Santos Patronos de Alzira Bernardo, Mar\u00eda y Gracia","og_description":"La Ermita de San Bernardo en Carlet se construy\u00f3 en los terrenos donde estaba el palacio en el que nacieron los Santos Patronos Bernardo, Mar\u00eda y Gracia.","og_url":"https:\/\/www.sanbernardoalzira.com\/web\/ermita-de-san-bernardo-carlet\/","og_site_name":"Santos Patronos de Alzira Bernardo, Mar\u00eda y Gracia","article_publisher":"https:\/\/www.facebook.com\/SanBernardoAlzira\/","article_modified_time":"2020-07-20T15:29:55+00:00","og_image":[{"width":400,"height":479,"url":"https:\/\/www.sanbernardoalzira.com\/web\/wp-content\/uploads\/2018\/07\/Santos-Patronos-Alzira.jpg","type":"image\/jpeg"}],"twitter_card":"summary_large_image","twitter_misc":{"Tiempo de lectura":"3 minutos"},"schema":{"@context":"https:\/\/schema.org","@graph":[{"@type":"WebPage","@id":"https:\/\/www.sanbernardoalzira.com\/web\/ermita-de-san-bernardo-carlet\/","url":"https:\/\/www.sanbernardoalzira.com\/web\/ermita-de-san-bernardo-carlet\/","name":"Ermita de San Bernardo en Carlet - Santos Patronos de Alzira Bernardo, Mar\u00eda y Gracia","isPartOf":{"@id":"https:\/\/www.sanbernardoalzira.com\/web\/#website"},"datePublished":"2018-07-08T15:40:15+00:00","dateModified":"2020-07-20T15:29:55+00:00","description":"La Ermita de San Bernardo en Carlet se construy\u00f3 en los terrenos donde estaba el palacio en el que nacieron los Santos Patronos Bernardo, Mar\u00eda y Gracia.","breadcrumb":{"@id":"https:\/\/www.sanbernardoalzira.com\/web\/ermita-de-san-bernardo-carlet\/#breadcrumb"},"inLanguage":"es","potentialAction":[{"@type":"ReadAction","target":["https:\/\/www.sanbernardoalzira.com\/web\/ermita-de-san-bernardo-carlet\/"]}]},{"@type":"BreadcrumbList","@id":"https:\/\/www.sanbernardoalzira.com\/web\/ermita-de-san-bernardo-carlet\/#breadcrumb","itemListElement":[{"@type":"ListItem","position":1,"name":"Home","item":"https:\/\/www.sanbernardoalzira.es\/web\/"},{"@type":"ListItem","position":2,"name":"Ermita de San Bernardo en Carlet"}]},{"@type":"WebSite","@id":"https:\/\/www.sanbernardoalzira.com\/web\/#website","url":"https:\/\/www.sanbernardoalzira.com\/web\/","name":"Santos Patronos de Alzira Bernardo, Mar\u00eda y Gracia","description":"Pontificia Archicofrad\u00eda de los Santos Patronos de Alzira","publisher":{"@id":"https:\/\/www.sanbernardoalzira.com\/web\/#organization"},"potentialAction":[{"@type":"SearchAction","target":{"@type":"EntryPoint","urlTemplate":"https:\/\/www.sanbernardoalzira.com\/web\/?s={search_term_string}"},"query-input":"required name=search_term_string"}],"inLanguage":"es"},{"@type":"Organization","@id":"https:\/\/www.sanbernardoalzira.com\/web\/#organization","name":"Archicofrad\u00eda de los Santos Patronos de Alzira","url":"https:\/\/www.sanbernardoalzira.com\/web\/","logo":{"@type":"ImageObject","inLanguage":"es","@id":"https:\/\/www.sanbernardoalzira.com\/web\/#\/schema\/logo\/image\/","url":"https:\/\/www.sanbernardoalzira.com\/web\/wp-content\/uploads\/2018\/07\/logo.png","contentUrl":"https:\/\/www.sanbernardoalzira.com\/web\/wp-content\/uploads\/2018\/07\/logo.png","width":816,"height":804,"caption":"Archicofrad\u00eda de los Santos Patronos de Alzira"},"image":{"@id":"https:\/\/www.sanbernardoalzira.com\/web\/#\/schema\/logo\/image\/"},"sameAs":["https:\/\/www.facebook.com\/SanBernardoAlzira\/"]},false]}},"yasr_visitor_votes":{"stars_attributes":{"read_only":false,"span_bottom":false},"number_of_votes":0,"sum_votes":0},"_links":{"self":[{"href":"https:\/\/www.sanbernardoalzira.com\/web\/wp-json\/wp\/v2\/pages\/197"}],"collection":[{"href":"https:\/\/www.sanbernardoalzira.com\/web\/wp-json\/wp\/v2\/pages"}],"about":[{"href":"https:\/\/www.sanbernardoalzira.com\/web\/wp-json\/wp\/v2\/types\/page"}],"author":[{"embeddable":true,"href":"https:\/\/www.sanbernardoalzira.com\/web\/wp-json\/wp\/v2\/users\/3"}],"replies":[{"embeddable":true,"href":"https:\/\/www.sanbernardoalzira.com\/web\/wp-json\/wp\/v2\/comments?post=197"}],"version-history":[{"count":10,"href":"https:\/\/www.sanbernardoalzira.com\/web\/wp-json\/wp\/v2\/pages\/197\/revisions"}],"predecessor-version":[{"id":4751,"href":"https:\/\/www.sanbernardoalzira.com\/web\/wp-json\/wp\/v2\/pages\/197\/revisions\/4751"}],"wp:attachment":[{"href":"https:\/\/www.sanbernardoalzira.com\/web\/wp-json\/wp\/v2\/media?parent=197"}],"curies":[{"name":"wp","href":"https:\/\/api.w.org\/{rel}","templated":true}]}}