{"id":3387,"date":"2019-10-06T18:21:37","date_gmt":"2019-10-06T18:21:37","guid":{"rendered":"https:\/\/www.sanbernardoalzira.es\/web\/?page_id=3387"},"modified":"2019-10-23T23:19:14","modified_gmt":"2019-10-23T23:19:14","slug":"patronatge","status":"publish","type":"page","link":"https:\/\/www.sanbernardoalzira.com\/web\/val\/patronatge\/","title":{"rendered":"Patronatge"},"content":{"rendered":"\n<h4 class=\"western\" align=\"center\"><strong><span style=\"font-family: Arial, sans-serif;\">19 de Juliol de 1643<\/span><\/strong><\/h4>\n\n\n<p class=\"western\" align=\"center\"><span style=\"font-family: Arial, sans-serif; font-size: large;\"><b>SANT BERNAT M\u00c0RTIR, DECLARAT PATR\u00d3 DE LA VILA D&#8217;ALZIRA<\/b><\/span><\/p>\n\n<p class=\"western\" align=\"center\"><span style=\"font-family: Arial, sans-serif;\">Die XVIIII, mensis julii. anno a Nativitate Domini MDCXXXXIII<\/span><\/p>\n\n<p class=\"western\"><span style=\"font-family: Arial, sans-serif;\"> Fronch ajustat Consell de Consellers en lo archiu de la sala de la present vila de Alzira, ut moris est, per execuci\u00f3 de la provissi\u00f3 feta per los Justicia y Jurats de la present Vila de Alzira&#8230;<\/span><\/p>\n\n<p class=\"western\"><span style=\"font-family: Arial, sans-serif;\"> Primerament, que havent Sa Santedad en son Motu propi de actor y delliberaci\u00f3 del consistori dels Cardenals y que no sien de precepte moltes festes de sants que en lo discurs del any celebrava y festejava la Esglesia Catholica Romana&#8230; y en particular, el patr\u00f3 nomenat y elegit per cascuna de les ciutats, viles y llochs del present Regne de Valencia, sia en la tal ciutat, vila o lloch que ser\u00e1 elegit patr\u00f3 lo dia de la seua festivitat, festa de guardar y precepte conforme es conte IIargament en dit Motu propi de Sa Santitat&#8230; E com la ciutat de Valencia tinga elegit y nornenat lo patr\u00f3 de dita ciutat en execuci\u00f3 de dit Motu propi y per a el dit afecte in aquell contengut, ax\u00ed mateix la present vila de Alzira es b\u00e9 nomene y elixca y tinga elegit y nomenat lo sant patr\u00f3 de dita vila de Alzira&#8230; lo qual manaran fer y effectuar nomenant y elegint lo sant o sancta que de m\u00e9s devoci\u00f3 els parexera en patr\u00f3 o patrona de la present vila de Alzira.<\/span><\/p>\n\n<p class=\"western\"><span style=\"font-family: Arial, sans-serif;\"><i>(Arxiu Municipal d&#8217;Alzira, Llibres dels Actes dels Jurats e Concell, any 1643, f.71 v-72v. sign. 03\/142)<\/i><\/span><\/p>\n\n<p class=\"western\"><span style=\"font-family: Arial, sans-serif;\"> Dicto et eodem die et in continenti per execuci\u00f3 de la desus dita consiliar determinaci\u00f3, fonch ajustat Consell General en la Sala de dita vila&#8230;<\/span><\/p>\n\n<p class=\"western\"><span style=\"font-family: Arial, sans-serif;\"> Et primo, en respecte de la primera proposici\u00f3 en la qual se tracta de la nominaci\u00f3 de patr\u00f3 de la vila de Alzira en execuci\u00f3 del Motu propi concedit per Sa Santedad, fonch resolt y determinat per la major plart de dit Consell General que nomenen y eligen en Sant Patr\u00f3 de la present vila de Alzira al Glori\u00f3s M\u00e1rtir San Bernat, lo cos del qual est\u00e1 colocat y en depossit de la present vila en lo Convent de frares de l\u2019orde de la Santisima Trinitat, lo qual es fill natural de dita vila de Alzira ax\u00ed per son martiri que fonch ahon dit Convent est\u00e1 al present, com per la nativitat de aquell aguda y rebuda dins los termes generals de la dita vila de Alzira. <\/span><\/p>\n\n<p class=\"western\"><span style=\"font-family: Arial, sans-serif;\"><i>(Arxiu Municipal d&#8217;Alzira, Llibres dels Actes dels Jurats e Concell a\u00f1o 1643, f. 74 v-77 r. sign. 03\/142) <\/i><\/span><\/p>\n\n<p class=\"western\"><span style=\"font-family: Arial, sans-serif;\">Con posterioridad, tanto la Sagrada Congregaci\u00f3n de Ritos, como el Ayuntamiento y la Ciudad de Alzira citan como patronos de la Villa a Sant Bernat i les Germanetes. <\/span><\/p>\n\n<div class=\"western\">\n<h3>CONGREGACION DEL CULTO DIVINO <\/h3>\n<p>Prot.1020\/87<\/p>\n<h3><center>DE LA DI\u00d3CESIS DE VALENCIA<\/center><\/h3>\n\n<p> A los santos m\u00e1rtires Bernardo, Mar\u00eda y Gracia ya desde antiguo les han tributado y todav\u00eda les tributan culto especial y asiduo el clero y los fieles de Alcira.<\/p>\n\n<p> Por ello, atendiendo a su com\u00fan deseo, el excelent\u00edsimo se\u00f1or don Miguel Roca Cabanellas, arzobispo de Valencia, en letras fechadas a 20 de julio de 1987 suplica que la elecci\u00f3n, ya largo tiempo hecha, de los santos m\u00e1rtires Bernardo, Mar\u00eda y Gracia como Patronos principales ante Dios de la ciudad de Alcira sea confirmada por la Sede Apost\u00f3lica, de acuerdo con la norma del n\u00famero 30 de la \u00abInstrucci\u00f3n para el reconocimiento de los calendarios particulares y de los oficios y misas propios\u00bb.<\/p>\n\n<p>Atendiendo, pues, a los motivos expuestos, la Sagrada Congregaci\u00f3n del Culto Divino, en virtud de las facultades recibidas del Sumo Pont\u00edfice JUAN PABLO II, accede a aquellas s\u00faplicas y confirma a los SANTOS BERNARDO, MARIA Y GRACIA, m\u00e1rtires, como PATRONOS PRINCIPALES ante Dios de la ciudad de Alcira, con todos los derechos y privilegios lit\u00fargicos consiguientes seg\u00fan r\u00fabricas.<\/p>\n\n<p>Sin que en modo alguno obste nada en contrario.<\/p>\n\n<p>Palacio de la Congregaci\u00f3n del Culto Divino, a 20 de agosto de 1987.<\/p>\n\n<p>(&amp;#x271d;) \u2020 Virgilio No\u00e9, Arzobispo titular Voncariense, Secretario. &#8211; Pedro Tena, Subsecretario (Rubricados).<\/p>\n<\/div>\n<div class=\"western\" align=\"center\">\n<h4>CONSELL GENERAL D\u2019ALZIRA<\/h4>\n\n<p>Que el 19 de Juliol de 1.643 nomen\u00e0 i eleg\u00ed a Sant Bernat, M\u00e0rtir, patr\u00f3 de la Vila d\u2019Alzira.<\/p>\n\n<p><b>JUSTICIA<\/b><\/p>\n\n<p> Honorat Domingo, ciutad\u00e1<\/p>\n\n<p><b>JURATS<\/b><\/p>\n\n<p>Nicolau Amat, ciutad\u00e0<\/p>\n<p>Nicolau G\u00f3mis, notari<\/p>\n<p>Jaume Glaudi, notari<\/p>\n<p>Frances Mart\u00ed, notari, sindich<\/p>\n<\/div>\n<p><center><b>CONCELLERS<\/b><\/center><\/p>\n<ul class=\"column2\">\n<li>Domingo Glaudi<\/li>\n<li>Llo\u00eds Marco<\/li>\n<li>Llo\u00eds Botella<\/li>\n<li>Miquel Crespo<\/li>\n<li>Juan Morales<\/li>\n<li>Refel Peris<\/li>\n<li>Nicolau Almenara<\/li>\n<li>Vicent Cabedo<\/li>\n<li>Diego Alario<\/li>\n<li>Geroni Greus, major<\/li>\n<li>Pere Vallori<\/li>\n<li>Geroni Palau, notari<\/li>\n<li>Pere Navarro<\/li>\n<li>Frances Veana<\/li>\n<li>Juseph Bas<\/li>\n<li>Andreu Peris<\/li>\n<li>Pere Estarlich<\/li>\n<li>Romeu Ximeno<\/li>\n<li>Juseph Domingo, doctor<\/li>\n<li>Nicolau Ferrer<\/li>\n<li>Andreu Medina<\/li>\n<li>Miquel Fabra<\/li>\n<li>Geroni Greus, menor<\/li>\n<li>Agost\u00ed Peris, raval de Sant Agost\u00ed<\/li>\n<li>Mart\u00ed Torremocha<\/li>\n<li>Marcelo Laus<\/li>\n<li>Vicent Mestre<\/li>\n<li>Pere Juan Solel<\/li>\n<li>Pere Almella<\/li>\n<li>Matheu Forcada<\/li>\n<li>Antoni Ferro<\/li>\n<li>Juan Ruvio<\/li>\n<li>Esteve Colomines, doctor<\/li>\n<li>Juseph Soler<\/li>\n<li>Benito Servera<\/li>\n<li>Miquel Segu\u00ed, major<\/li>\n<li>Juan Serra<\/li>\n<li>Frances Peris<\/li>\n<li>Jaume Bad\u00eda<\/li>\n<li>Pere Garcer\u00e0<\/li>\n<li>Juan Gasques<\/li>\n<li>Sim\u00f3 Salvador<\/li>\n<li>Frances March<\/li>\n<li>Frances Mas<\/li>\n<li>Juan Boyres<\/li>\n<li>Juan Lodes<\/li>\n<li>Juseph Catal\u00e1<\/li>\n<li>Vicent Sebasti\u00e0<\/li>\n<li>Geroni Segarra<\/li>\n<li>Juseph Monyos<\/li>\n<li>Llo\u00eds Salvador<\/li>\n<li>Jaume Lluer<\/li>\n<li>Agost\u00ed Baessa<\/li>\n<li>Bernat Mauri<\/li>\n<li>Juan Barral<\/li>\n<li>Melchior Cato<\/li>\n<li>Antoni Pasqual<\/li>\n<li>Antoni Cervera<\/li>\n<li>Mart\u00edn Noguera<\/li>\n<li>Geroni Folch<\/li>\n<li>Miquel Mart\u00ed<\/li>\n<li>Llo\u00eds Garc\u00eda de la Tonda<\/li>\n<li>Cosme Oilart<\/li>\n<li>Juseph Torres<\/li>\n<\/ul>\n","protected":false},"excerpt":{"rendered":"<p>19 de Juliol de 1643 SANT BERNAT M\u00c0RTIR, DECLARAT PATR\u00d3 DE LA VILA D&#8217;ALZIRA Die XVIIII, mensis julii. anno a Nativitate Domini MDCXXXXIII Fronch ajustat Consell de Consellers en lo archiu de la sala de la present vila de Alzira, ut moris est, per execuci\u00f3 de la provissi\u00f3 feta per los Justicia y Jurats de<\/p>\n<p class=\"more-link\"><a href=\"https:\/\/www.sanbernardoalzira.com\/web\/val\/patronatge\/\" class=\"themebutton\">Leer m\u00e1s<\/a><\/p>\n","protected":false},"author":3,"featured_media":0,"parent":0,"menu_order":0,"comment_status":"closed","ping_status":"closed","template":"","meta":{"yasr_overall_rating":0,"yasr_post_is_review":"","yasr_auto_insert_disabled":"","yasr_review_type":""},"yoast_head":"<!-- This site is optimized with the Yoast SEO plugin v20.13 - https:\/\/yoast.com\/wordpress\/plugins\/seo\/ -->\n<title>Patronatge - Santos Patronos de Alzira Bernardo, Mar\u00eda y Gracia<\/title>\n<meta name=\"robots\" content=\"index, follow, max-snippet:-1, max-image-preview:large, max-video-preview:-1\" \/>\n<link rel=\"canonical\" href=\"https:\/\/www.sanbernardoalzira.com\/web\/val\/patronatge\/\" \/>\n<meta property=\"og:locale\" content=\"es_ES\" \/>\n<meta property=\"og:type\" content=\"article\" \/>\n<meta property=\"og:title\" content=\"Patronatge - Santos Patronos de Alzira Bernardo, Mar\u00eda y Gracia\" \/>\n<meta property=\"og:description\" content=\"19 de Juliol de 1643 SANT BERNAT M\u00c0RTIR, DECLARAT PATR\u00d3 DE LA VILA D&#8217;ALZIRA Die XVIIII, mensis julii. anno a Nativitate Domini MDCXXXXIII Fronch ajustat Consell de Consellers en lo archiu de la sala de la present vila de Alzira, ut moris est, per execuci\u00f3 de la provissi\u00f3 feta per los Justicia y Jurats deLeer m\u00e1s\" \/>\n<meta property=\"og:url\" content=\"https:\/\/www.sanbernardoalzira.com\/web\/val\/patronatge\/\" \/>\n<meta property=\"og:site_name\" content=\"Santos Patronos de Alzira Bernardo, Mar\u00eda y Gracia\" \/>\n<meta property=\"article:publisher\" content=\"https:\/\/www.facebook.com\/SanBernardoAlzira\/\" \/>\n<meta property=\"article:modified_time\" content=\"2019-10-23T23:19:14+00:00\" \/>\n<meta property=\"og:image\" content=\"https:\/\/www.sanbernardoalzira.com\/web\/wp-content\/uploads\/2018\/07\/Santos-Patronos-Alzira.jpg\" \/>\n\t<meta property=\"og:image:width\" content=\"400\" \/>\n\t<meta property=\"og:image:height\" content=\"479\" \/>\n\t<meta property=\"og:image:type\" content=\"image\/jpeg\" \/>\n<meta name=\"twitter:card\" content=\"summary_large_image\" \/>\n<meta name=\"twitter:label1\" content=\"Tiempo de lectura\" \/>\n\t<meta name=\"twitter:data1\" content=\"4 minutos\" \/>\n<script type=\"application\/ld+json\" class=\"yoast-schema-graph\">{\"@context\":\"https:\/\/schema.org\",\"@graph\":[{\"@type\":\"WebPage\",\"@id\":\"https:\/\/www.sanbernardoalzira.com\/web\/val\/patronatge\/\",\"url\":\"https:\/\/www.sanbernardoalzira.com\/web\/val\/patronatge\/\",\"name\":\"Patronatge - Santos Patronos de Alzira Bernardo, Mar\u00eda y Gracia\",\"isPartOf\":{\"@id\":\"https:\/\/www.sanbernardoalzira.com\/web\/#website\"},\"datePublished\":\"2019-10-06T18:21:37+00:00\",\"dateModified\":\"2019-10-23T23:19:14+00:00\",\"breadcrumb\":{\"@id\":\"https:\/\/www.sanbernardoalzira.com\/web\/val\/patronatge\/#breadcrumb\"},\"inLanguage\":\"es\",\"potentialAction\":[{\"@type\":\"ReadAction\",\"target\":[\"https:\/\/www.sanbernardoalzira.com\/web\/val\/patronatge\/\"]}]},{\"@type\":\"BreadcrumbList\",\"@id\":\"https:\/\/www.sanbernardoalzira.com\/web\/val\/patronatge\/#breadcrumb\",\"itemListElement\":[{\"@type\":\"ListItem\",\"position\":1,\"name\":\"Home\",\"item\":\"https:\/\/www.sanbernardoalzira.es\/web\/\"},{\"@type\":\"ListItem\",\"position\":2,\"name\":\"Patronatge\"}]},{\"@type\":\"WebSite\",\"@id\":\"https:\/\/www.sanbernardoalzira.com\/web\/#website\",\"url\":\"https:\/\/www.sanbernardoalzira.com\/web\/\",\"name\":\"Santos Patronos de Alzira Bernardo, Mar\u00eda y Gracia\",\"description\":\"Pontificia Archicofrad\u00eda de los Santos Patronos de Alzira\",\"publisher\":{\"@id\":\"https:\/\/www.sanbernardoalzira.com\/web\/#organization\"},\"potentialAction\":[{\"@type\":\"SearchAction\",\"target\":{\"@type\":\"EntryPoint\",\"urlTemplate\":\"https:\/\/www.sanbernardoalzira.com\/web\/?s={search_term_string}\"},\"query-input\":\"required name=search_term_string\"}],\"inLanguage\":\"es\"},{\"@type\":\"Organization\",\"@id\":\"https:\/\/www.sanbernardoalzira.com\/web\/#organization\",\"name\":\"Archicofrad\u00eda de los Santos Patronos de Alzira\",\"url\":\"https:\/\/www.sanbernardoalzira.com\/web\/\",\"logo\":{\"@type\":\"ImageObject\",\"inLanguage\":\"es\",\"@id\":\"https:\/\/www.sanbernardoalzira.com\/web\/#\/schema\/logo\/image\/\",\"url\":\"https:\/\/www.sanbernardoalzira.com\/web\/wp-content\/uploads\/2018\/07\/logo.png\",\"contentUrl\":\"https:\/\/www.sanbernardoalzira.com\/web\/wp-content\/uploads\/2018\/07\/logo.png\",\"width\":816,\"height\":804,\"caption\":\"Archicofrad\u00eda de los Santos Patronos de Alzira\"},\"image\":{\"@id\":\"https:\/\/www.sanbernardoalzira.com\/web\/#\/schema\/logo\/image\/\"},\"sameAs\":[\"https:\/\/www.facebook.com\/SanBernardoAlzira\/\"]},false]}<\/script>\n<!-- \/ Yoast SEO plugin. -->","yoast_head_json":{"title":"Patronatge - Santos Patronos de Alzira Bernardo, Mar\u00eda y Gracia","robots":{"index":"index","follow":"follow","max-snippet":"max-snippet:-1","max-image-preview":"max-image-preview:large","max-video-preview":"max-video-preview:-1"},"canonical":"https:\/\/www.sanbernardoalzira.com\/web\/val\/patronatge\/","og_locale":"es_ES","og_type":"article","og_title":"Patronatge - Santos Patronos de Alzira Bernardo, Mar\u00eda y Gracia","og_description":"19 de Juliol de 1643 SANT BERNAT M\u00c0RTIR, DECLARAT PATR\u00d3 DE LA VILA D&#8217;ALZIRA Die XVIIII, mensis julii. anno a Nativitate Domini MDCXXXXIII Fronch ajustat Consell de Consellers en lo archiu de la sala de la present vila de Alzira, ut moris est, per execuci\u00f3 de la provissi\u00f3 feta per los Justicia y Jurats deLeer m\u00e1s","og_url":"https:\/\/www.sanbernardoalzira.com\/web\/val\/patronatge\/","og_site_name":"Santos Patronos de Alzira Bernardo, Mar\u00eda y Gracia","article_publisher":"https:\/\/www.facebook.com\/SanBernardoAlzira\/","article_modified_time":"2019-10-23T23:19:14+00:00","og_image":[{"width":400,"height":479,"url":"https:\/\/www.sanbernardoalzira.com\/web\/wp-content\/uploads\/2018\/07\/Santos-Patronos-Alzira.jpg","type":"image\/jpeg"}],"twitter_card":"summary_large_image","twitter_misc":{"Tiempo de lectura":"4 minutos"},"schema":{"@context":"https:\/\/schema.org","@graph":[{"@type":"WebPage","@id":"https:\/\/www.sanbernardoalzira.com\/web\/val\/patronatge\/","url":"https:\/\/www.sanbernardoalzira.com\/web\/val\/patronatge\/","name":"Patronatge - Santos Patronos de Alzira Bernardo, Mar\u00eda y Gracia","isPartOf":{"@id":"https:\/\/www.sanbernardoalzira.com\/web\/#website"},"datePublished":"2019-10-06T18:21:37+00:00","dateModified":"2019-10-23T23:19:14+00:00","breadcrumb":{"@id":"https:\/\/www.sanbernardoalzira.com\/web\/val\/patronatge\/#breadcrumb"},"inLanguage":"es","potentialAction":[{"@type":"ReadAction","target":["https:\/\/www.sanbernardoalzira.com\/web\/val\/patronatge\/"]}]},{"@type":"BreadcrumbList","@id":"https:\/\/www.sanbernardoalzira.com\/web\/val\/patronatge\/#breadcrumb","itemListElement":[{"@type":"ListItem","position":1,"name":"Home","item":"https:\/\/www.sanbernardoalzira.es\/web\/"},{"@type":"ListItem","position":2,"name":"Patronatge"}]},{"@type":"WebSite","@id":"https:\/\/www.sanbernardoalzira.com\/web\/#website","url":"https:\/\/www.sanbernardoalzira.com\/web\/","name":"Santos Patronos de Alzira Bernardo, Mar\u00eda y Gracia","description":"Pontificia Archicofrad\u00eda de los Santos Patronos de Alzira","publisher":{"@id":"https:\/\/www.sanbernardoalzira.com\/web\/#organization"},"potentialAction":[{"@type":"SearchAction","target":{"@type":"EntryPoint","urlTemplate":"https:\/\/www.sanbernardoalzira.com\/web\/?s={search_term_string}"},"query-input":"required name=search_term_string"}],"inLanguage":"es"},{"@type":"Organization","@id":"https:\/\/www.sanbernardoalzira.com\/web\/#organization","name":"Archicofrad\u00eda de los Santos Patronos de Alzira","url":"https:\/\/www.sanbernardoalzira.com\/web\/","logo":{"@type":"ImageObject","inLanguage":"es","@id":"https:\/\/www.sanbernardoalzira.com\/web\/#\/schema\/logo\/image\/","url":"https:\/\/www.sanbernardoalzira.com\/web\/wp-content\/uploads\/2018\/07\/logo.png","contentUrl":"https:\/\/www.sanbernardoalzira.com\/web\/wp-content\/uploads\/2018\/07\/logo.png","width":816,"height":804,"caption":"Archicofrad\u00eda de los Santos Patronos de Alzira"},"image":{"@id":"https:\/\/www.sanbernardoalzira.com\/web\/#\/schema\/logo\/image\/"},"sameAs":["https:\/\/www.facebook.com\/SanBernardoAlzira\/"]},false]}},"yasr_visitor_votes":{"stars_attributes":{"read_only":false,"span_bottom":false},"number_of_votes":0,"sum_votes":0},"_links":{"self":[{"href":"https:\/\/www.sanbernardoalzira.com\/web\/wp-json\/wp\/v2\/pages\/3387"}],"collection":[{"href":"https:\/\/www.sanbernardoalzira.com\/web\/wp-json\/wp\/v2\/pages"}],"about":[{"href":"https:\/\/www.sanbernardoalzira.com\/web\/wp-json\/wp\/v2\/types\/page"}],"author":[{"embeddable":true,"href":"https:\/\/www.sanbernardoalzira.com\/web\/wp-json\/wp\/v2\/users\/3"}],"replies":[{"embeddable":true,"href":"https:\/\/www.sanbernardoalzira.com\/web\/wp-json\/wp\/v2\/comments?post=3387"}],"version-history":[{"count":2,"href":"https:\/\/www.sanbernardoalzira.com\/web\/wp-json\/wp\/v2\/pages\/3387\/revisions"}],"predecessor-version":[{"id":3390,"href":"https:\/\/www.sanbernardoalzira.com\/web\/wp-json\/wp\/v2\/pages\/3387\/revisions\/3390"}],"wp:attachment":[{"href":"https:\/\/www.sanbernardoalzira.com\/web\/wp-json\/wp\/v2\/media?parent=3387"}],"curies":[{"name":"wp","href":"https:\/\/api.w.org\/{rel}","templated":true}]}}