{"id":3392,"date":"2019-10-06T18:30:21","date_gmt":"2019-10-06T18:30:21","guid":{"rendered":"https:\/\/www.sanbernardoalzira.es\/web\/?page_id=3392"},"modified":"2023-01-22T16:46:18","modified_gmt":"2023-01-22T16:46:18","slug":"ermita-de-sant-bernat-carlet","status":"publish","type":"page","link":"https:\/\/www.sanbernardoalzira.com\/web\/val\/ermita-de-sant-bernat-carlet\/","title":{"rendered":"Ermita de Sant Bernat a Carlet"},"content":{"rendered":"\n<div id=\"attachment_34\" style=\"width: 330px\" class=\"wp-caption alignright\"><a href=\"https:\/\/www.sanbernardoalzira.com\/web\/wp-content\/uploads\/2018\/07\/Carlet-Ermita-01-600.jpg\"><img aria-describedby=\"caption-attachment-34\" fetchpriority=\"high\" decoding=\"async\" class=\"size-full wp-image-34\" src=\"https:\/\/www.sanbernardoalzira.com\/web\/wp-content\/uploads\/2018\/07\/Carlet-Ermita-01-400.jpg\" alt=\"Foto Ermita de Sant Bernat a Carlet\" width=\"320\" height=\"220\"><\/a><p id=\"caption-attachment-34\" class=\"wp-caption-text\">Ermita de Sant Bernat<\/p><\/div>\n<p>Al nord-oest de la ciutat de Carlet (Val\u00e8ncia), en el cam\u00ed de Sant Bernat est\u00e0 situada l&#8217;ermita on es venera als <strong>sants Bernat, Maria i Gr\u00e0cia<\/strong>. En aquests terrenys estava l&#8217;antiga alqueria de Pintarrafes i el palau on van n\u00e0ixer els sants germans.<\/p>\n<p>L&#8217;edifici actual es va construir a la fi del segle XVIII en el lloc on ja existia una altra ermita al seu torn al\u00e7ada sobre les restes del palau. T\u00e9 doble planta i est\u00e0 format per dos murs conc\u00e8ntrics. L&#8217;exterior \u00e9s heptagonal i m\u00e9s baix que l&#8217;interior. A m\u00e9s fa de contrafort al mur interior. Cadascun dels costats mesura uns huit metres. Quant al mur interior en la seua part externa \u00e9s, tamb\u00e9, heptagonal. \u00c9s a dir, que les seues parets s\u00f3n paral\u00b7leles a les del mur exterior. No obstant aix\u00f2, el costat intern \u00e9s circular, d&#8217;uns huit metres de di\u00e0metre, i alberga la capella. En la part superior est\u00e0 la claraboia o llumin\u00e0ries i damunt la c\u00fapula. La segona planta \u00e9s un corredor entre els dos murs amb finestres a l&#8217;exterior i a l&#8217;interior, \u00e9s a dir a la capella. Les teules que cobreixen la segona planta s\u00f3n les corbades habituals, mentre que les de la c\u00fapula estan lacades en blava.<\/p>\n<div id=\"attachment_34\" style=\"width: 330px\" class=\"wp-caption alignleft\"><a href=\"https:\/\/www.sanbernardoalzira.com\/web\/wp-content\/uploads\/2018\/07\/Carlet-Ermita-03-600.jpg\"><img aria-describedby=\"caption-attachment-34\" decoding=\"async\" class=\"size-full wp-image-34\" src=\"https:\/\/www.sanbernardoalzira.com\/web\/wp-content\/uploads\/2018\/07\/Carlet-Ermita-03-400.jpg\" alt=\"Foto de l'ermita de Sant Bernat a Carlet\" width=\"320\" height=\"400\"><\/a><p id=\"caption-attachment-34\" class=\"wp-caption-text\">Interior de l&#8217;ermita<\/p><\/div>\n<p class=\"medievo\" style=\"font-size: 1.3em;\">\u00abEn la Villa de Carlet, de tiempo inmemorial, se conserva una iglesia, y Ermita de San Bernardo, y sus hermanas, en el mismo sitio, en que por tradici\u00f3n se tiene, estaba el Palacio, en donde nacieron los tres Santos Hermanos. Y es tanta la devoci\u00f3n que se tiene a \u00e9ste santuario, que siempre que se hallan los hijos de aquella Villa en alg\u00fan ahogo, o aflicci\u00f3n, acuden all\u00ed con Procesiones, y Rogativas, por la experiencia que tienen de la protecci\u00f3n, y amor de sus Santos Paisanos\u00bb<\/p>\n<p>\u00ab<a href=\"..\/llibres\/las-tres-purpuras-de-alzira-val\/\">Las Tres P\u00farpuras de Alzira<\/a>\u00bb \u00b7 (1707 A.D.)<\/p>\n<div id=\"attachment_34\" style=\"width: 330px\" class=\"wp-caption alignright\"><a href=\"https:\/\/www.sanbernardoalzira.com\/web\/wp-content\/uploads\/2018\/07\/Carlet-Ermita-04-693.jpg\"><img aria-describedby=\"caption-attachment-34\" decoding=\"async\" class=\"size-full wp-image-34\" src=\"https:\/\/www.sanbernardoalzira.com\/web\/wp-content\/uploads\/2018\/07\/Carlet-Ermita-04-462.jpg\" alt=\"Foto imagen de Sant Bernat\" width=\"320\" height=\"400\"><\/a><p id=\"caption-attachment-34\" class=\"wp-caption-text\">Imatge de Sant Bernat venerada a l&#8217;ermita<\/p><\/div>\n<p>L&#8217;anterior ermita, que es va finalitzar en 1666, va ser al\u00e7ada per D.Jorge Castellv\u00ed, comte de Carlet, en gratitud per un miracle realitzat per Sant Bernat ja que va salvar al seu fill d&#8217;una malaltia. El 19 de juny de 1999, una descendent d&#8217;aquest, la comtessa de Carlet Paloma Barris i Armet de Castellv\u00ed va donar l&#8217;ermita i les terres que l&#8217;envolten a la <strong>Confraria dels Sants Patrons Bernat, Maria i Gr\u00e0cia de Carlet<\/strong>. Aquest canvi de titularitat va possibilitar que en 2004 es procedira a una important i necess\u00e0ria restauraci\u00f3 que entre altres coses se substitu\u00efren algunes bigues de fusta i les teules i es realitzaren obres de fusteria interior i exterior.<\/p>\n<p>Les imatges dels Sants Patrons que hi ha a l&#8217;altar s\u00f3n de mitjan el segle XX, ja que les existents, aix\u00ed com el retaule i altres moltes coses, van ser destru\u00efdes o saquejades a conseq\u00fc\u00e8ncia de la persecuci\u00f3 religiosa que va haver-hi durant la guerra civil. La pr\u00f2pia ermita es va arribar a usar com a pres\u00f3 i estable.<\/p>\n<p>La imatge de Sant Bernat va ser una donaci\u00f3 de la Caja de Ahorros de Carlet, mentre que de les <i>Germanetes<\/i> va ser responsabilitat de les dones del poble l&#8217;encarregar-se de les donacions i rifes per a recaptar fons.<\/p>\n<p>En l&#8217;exterior hi ha un xicotet mon\u00f2lit que data de 1925, per\u00f2 no aix\u00ed el retaule de cer\u00e0mica del seu interior que \u00e9s de 2008.<\/p>\n<p>El lloc est\u00e0 envoltat de camps de fruiters i en la parcel\u00b7la de l&#8217;Ermita existeix una zona d&#8217;arbratge amb taules i cadires per a descansar i gaudir de l&#8217;entorn. Tots els anys, el 23 de juliol, t\u00e9 lloc un romiatge en honor, l\u00f2gicament, a Sant Bernat.<\/p>\n<div class=\"mini\"><iframe style=\"border: 0;\" src=\"https:\/\/www.google.com\/maps\/embed?pb=!1m18!1m12!1m3!1d3090.427331152147!2d-0.5337282817374019!3d39.233170056250856!2m3!1f0!2f0!3f0!3m2!1i1024!2i768!4f13.1!3m3!1m2!1s0xd61a957084bdc0b%3A0xab38842068b714c5!2sErmita+de+Sant+Bernat!5e0!3m2!1ses!2ses!4v1531065113595\" allowfullscreen=\"allowfullscreen\" width=\"400\" height=\"300\" frameborder=\"0\"><\/iframe><\/div>\n<div class=\"mediano\"><center><br><iframe style=\"border: 0;\" src=\"https:\/\/www.google.com\/maps\/embed?pb=!1m18!1m12!1m3!1d3090.427331152147!2d-0.5337282817374019!3d39.233170056250856!2m3!1f0!2f0!3f0!3m2!1i1024!2i768!4f13.1!3m3!1m2!1s0xd61a957084bdc0b%3A0xab38842068b714c5!2sErmita+de+Sant+Bernat!5e0!3m2!1ses!2ses!4v1531065113595\" allowfullscreen=\"allowfullscreen\" width=\"600\" height=\"450\" frameborder=\"0\"><\/iframe><\/center><\/div>\n<div class=\"grande\"><center><br><iframe style=\"border: 0;\" src=\"https:\/\/www.google.com\/maps\/embed?pb=!1m18!1m12!1m3!1d98948.74008185348!2d-0.5441075000000121!3d39.1940828!2m3!1f0!2f0!3f0!3m2!1i1024!2i768!4f13.1!3m3!1m2!1s0xd61a957084bdc0b%3A0xab38842068b714c5!2sErmita+de+Sant+Bernat!5e0!3m2!1ses!2ses!4v1531065314076\" allowfullscreen=\"allowfullscreen\" width=\"800\" height=\"600\" frameborder=\"0\"><\/iframe><\/center><\/div>\n<script type=\"application\/ld+json\"> {\"@context\":\"http:\/\/schema.org\",\"@type\":\"CatholicChurch\",\"name\" :\"Ermita de Sant Bernat\",\"alternateName\":\"Ermita de San Bernardo de Carlet\",\"description\":\"Ermita en honor a Sant Bernat. Constru\u00efda sobre els terrenys on estava el palau en qu\u00e8 va n\u00e0ixer Sant Bernat\",\"hasMap\": \"https:\/\/goo.gl\/maps\/owtrz3h9KFz\",\"geo\":{\"@type\":\"GeoCoordinates\",\"latitude\":\"39.233608\",\"longitude\":\"-0.533703\"},\"photo\":\"https:\/\/www.sanbernardoalzira.com\/web\/wp-content\/uploads\/2018\/07\/Carlet-Ermita-01-400.jpg\",\"url\":\"https:\/\/www.sanbernardoalzira.com\/web\/ermita-de-san-bernardo-carlet\/\",\"address\":{\"@type\": \"PostalAddress\",\"addressCountry\":\"ES\",\"addressRegion\":\"Valencia\",\"addressLocality\":\"Carlet\",\"postalCode\":\"46240\"},\"review\":{\"@type\":\"Review\",\"author\":{\"@type\":\"Person\",\"name\":\"Alberto Palacios\"},\"datePublished\":\"2018-07-08\",\"description\":\"Xicoteta i preciosa ermita\",\"reviewRating\":{\"@type\":\"Rating\",\"bestRating\":\"5\",\"ratingValue\":\"5\",\"worstRating\":\"1\"}}}<\/script>\n","protected":false},"excerpt":{"rendered":"<p>Al nord-oest de la ciutat de Carlet (Val\u00e8ncia), en el cam\u00ed de Sant Bernat est\u00e0 situada l&#8217;ermita on es venera als sants Bernat, Maria i Gr\u00e0cia. En aquests terrenys estava l&#8217;antiga alqueria de Pintarrafes i el palau on van n\u00e0ixer els sants germans. L&#8217;edifici actual es va construir a la fi del segle XVIII en<\/p>\n<p class=\"more-link\"><a href=\"https:\/\/www.sanbernardoalzira.com\/web\/val\/ermita-de-sant-bernat-carlet\/\" class=\"themebutton\">Leer m\u00e1s<\/a><\/p>\n","protected":false},"author":3,"featured_media":0,"parent":0,"menu_order":0,"comment_status":"closed","ping_status":"closed","template":"","meta":{"yasr_overall_rating":0,"yasr_post_is_review":"","yasr_auto_insert_disabled":"","yasr_review_type":""},"yoast_head":"<!-- This site is optimized with the Yoast SEO plugin v20.13 - https:\/\/yoast.com\/wordpress\/plugins\/seo\/ -->\n<title>Ermita de Sant Bernat a Carlet - Santos Patronos de Alzira Bernardo, Mar\u00eda y Gracia<\/title>\n<meta name=\"description\" content=\"L&#039;Ermita de Sant Bernat a Carlet es va construir en els terrenys on estava el palau en el qual van n\u00e0ixer els Sants Patrons Bernat, Maria i Gr\u00e0cia.\" \/>\n<meta name=\"robots\" content=\"index, follow, max-snippet:-1, max-image-preview:large, max-video-preview:-1\" \/>\n<link rel=\"canonical\" href=\"https:\/\/www.sanbernardoalzira.com\/web\/val\/ermita-de-sant-bernat-carlet\/\" \/>\n<meta property=\"og:locale\" content=\"es_ES\" \/>\n<meta property=\"og:type\" content=\"article\" \/>\n<meta property=\"og:title\" content=\"Ermita de Sant Bernat a Carlet - Santos Patronos de Alzira Bernardo, Mar\u00eda y Gracia\" \/>\n<meta property=\"og:description\" content=\"L&#039;Ermita de Sant Bernat a Carlet es va construir en els terrenys on estava el palau en el qual van n\u00e0ixer els Sants Patrons Bernat, Maria i Gr\u00e0cia.\" \/>\n<meta property=\"og:url\" content=\"https:\/\/www.sanbernardoalzira.com\/web\/val\/ermita-de-sant-bernat-carlet\/\" \/>\n<meta property=\"og:site_name\" content=\"Santos Patronos de Alzira Bernardo, Mar\u00eda y Gracia\" \/>\n<meta property=\"article:publisher\" content=\"https:\/\/www.facebook.com\/SanBernardoAlzira\/\" \/>\n<meta property=\"article:modified_time\" content=\"2023-01-22T16:46:18+00:00\" \/>\n<meta property=\"og:image\" content=\"https:\/\/www.sanbernardoalzira.com\/web\/wp-content\/uploads\/2018\/07\/Carlet-Ermita-01-400.jpg\" \/>\n<meta name=\"twitter:card\" content=\"summary_large_image\" \/>\n<meta name=\"twitter:label1\" content=\"Tiempo de lectura\" \/>\n\t<meta name=\"twitter:data1\" content=\"4 minutos\" \/>\n<script type=\"application\/ld+json\" class=\"yoast-schema-graph\">{\"@context\":\"https:\/\/schema.org\",\"@graph\":[{\"@type\":\"WebPage\",\"@id\":\"https:\/\/www.sanbernardoalzira.com\/web\/val\/ermita-de-sant-bernat-carlet\/\",\"url\":\"https:\/\/www.sanbernardoalzira.com\/web\/val\/ermita-de-sant-bernat-carlet\/\",\"name\":\"Ermita de Sant Bernat a Carlet - Santos Patronos de Alzira Bernardo, Mar\u00eda y Gracia\",\"isPartOf\":{\"@id\":\"https:\/\/www.sanbernardoalzira.com\/web\/#website\"},\"datePublished\":\"2019-10-06T18:30:21+00:00\",\"dateModified\":\"2023-01-22T16:46:18+00:00\",\"description\":\"L'Ermita de Sant Bernat a Carlet es va construir en els terrenys on estava el palau en el qual van n\u00e0ixer els Sants Patrons Bernat, Maria i Gr\u00e0cia.\",\"breadcrumb\":{\"@id\":\"https:\/\/www.sanbernardoalzira.com\/web\/val\/ermita-de-sant-bernat-carlet\/#breadcrumb\"},\"inLanguage\":\"es\",\"potentialAction\":[{\"@type\":\"ReadAction\",\"target\":[\"https:\/\/www.sanbernardoalzira.com\/web\/val\/ermita-de-sant-bernat-carlet\/\"]}]},{\"@type\":\"BreadcrumbList\",\"@id\":\"https:\/\/www.sanbernardoalzira.com\/web\/val\/ermita-de-sant-bernat-carlet\/#breadcrumb\",\"itemListElement\":[{\"@type\":\"ListItem\",\"position\":1,\"name\":\"Home\",\"item\":\"https:\/\/www.sanbernardoalzira.es\/web\/\"},{\"@type\":\"ListItem\",\"position\":2,\"name\":\"Ermita de Sant Bernat a Carlet\"}]},{\"@type\":\"WebSite\",\"@id\":\"https:\/\/www.sanbernardoalzira.com\/web\/#website\",\"url\":\"https:\/\/www.sanbernardoalzira.com\/web\/\",\"name\":\"Santos Patronos de Alzira Bernardo, Mar\u00eda y Gracia\",\"description\":\"Pontificia Archicofrad\u00eda de los Santos Patronos de Alzira\",\"publisher\":{\"@id\":\"https:\/\/www.sanbernardoalzira.com\/web\/#organization\"},\"potentialAction\":[{\"@type\":\"SearchAction\",\"target\":{\"@type\":\"EntryPoint\",\"urlTemplate\":\"https:\/\/www.sanbernardoalzira.com\/web\/?s={search_term_string}\"},\"query-input\":\"required name=search_term_string\"}],\"inLanguage\":\"es\"},{\"@type\":\"Organization\",\"@id\":\"https:\/\/www.sanbernardoalzira.com\/web\/#organization\",\"name\":\"Archicofrad\u00eda de los Santos Patronos de Alzira\",\"url\":\"https:\/\/www.sanbernardoalzira.com\/web\/\",\"logo\":{\"@type\":\"ImageObject\",\"inLanguage\":\"es\",\"@id\":\"https:\/\/www.sanbernardoalzira.com\/web\/#\/schema\/logo\/image\/\",\"url\":\"https:\/\/www.sanbernardoalzira.com\/web\/wp-content\/uploads\/2018\/07\/logo.png\",\"contentUrl\":\"https:\/\/www.sanbernardoalzira.com\/web\/wp-content\/uploads\/2018\/07\/logo.png\",\"width\":816,\"height\":804,\"caption\":\"Archicofrad\u00eda de los Santos Patronos de Alzira\"},\"image\":{\"@id\":\"https:\/\/www.sanbernardoalzira.com\/web\/#\/schema\/logo\/image\/\"},\"sameAs\":[\"https:\/\/www.facebook.com\/SanBernardoAlzira\/\"]},false]}<\/script>\n<!-- \/ Yoast SEO plugin. -->","yoast_head_json":{"title":"Ermita de Sant Bernat a Carlet - Santos Patronos de Alzira Bernardo, Mar\u00eda y Gracia","description":"L'Ermita de Sant Bernat a Carlet es va construir en els terrenys on estava el palau en el qual van n\u00e0ixer els Sants Patrons Bernat, Maria i Gr\u00e0cia.","robots":{"index":"index","follow":"follow","max-snippet":"max-snippet:-1","max-image-preview":"max-image-preview:large","max-video-preview":"max-video-preview:-1"},"canonical":"https:\/\/www.sanbernardoalzira.com\/web\/val\/ermita-de-sant-bernat-carlet\/","og_locale":"es_ES","og_type":"article","og_title":"Ermita de Sant Bernat a Carlet - Santos Patronos de Alzira Bernardo, Mar\u00eda y Gracia","og_description":"L'Ermita de Sant Bernat a Carlet es va construir en els terrenys on estava el palau en el qual van n\u00e0ixer els Sants Patrons Bernat, Maria i Gr\u00e0cia.","og_url":"https:\/\/www.sanbernardoalzira.com\/web\/val\/ermita-de-sant-bernat-carlet\/","og_site_name":"Santos Patronos de Alzira Bernardo, Mar\u00eda y Gracia","article_publisher":"https:\/\/www.facebook.com\/SanBernardoAlzira\/","article_modified_time":"2023-01-22T16:46:18+00:00","og_image":[{"url":"https:\/\/www.sanbernardoalzira.com\/web\/wp-content\/uploads\/2018\/07\/Carlet-Ermita-01-400.jpg"}],"twitter_card":"summary_large_image","twitter_misc":{"Tiempo de lectura":"4 minutos"},"schema":{"@context":"https:\/\/schema.org","@graph":[{"@type":"WebPage","@id":"https:\/\/www.sanbernardoalzira.com\/web\/val\/ermita-de-sant-bernat-carlet\/","url":"https:\/\/www.sanbernardoalzira.com\/web\/val\/ermita-de-sant-bernat-carlet\/","name":"Ermita de Sant Bernat a Carlet - Santos Patronos de Alzira Bernardo, Mar\u00eda y Gracia","isPartOf":{"@id":"https:\/\/www.sanbernardoalzira.com\/web\/#website"},"datePublished":"2019-10-06T18:30:21+00:00","dateModified":"2023-01-22T16:46:18+00:00","description":"L'Ermita de Sant Bernat a Carlet es va construir en els terrenys on estava el palau en el qual van n\u00e0ixer els Sants Patrons Bernat, Maria i Gr\u00e0cia.","breadcrumb":{"@id":"https:\/\/www.sanbernardoalzira.com\/web\/val\/ermita-de-sant-bernat-carlet\/#breadcrumb"},"inLanguage":"es","potentialAction":[{"@type":"ReadAction","target":["https:\/\/www.sanbernardoalzira.com\/web\/val\/ermita-de-sant-bernat-carlet\/"]}]},{"@type":"BreadcrumbList","@id":"https:\/\/www.sanbernardoalzira.com\/web\/val\/ermita-de-sant-bernat-carlet\/#breadcrumb","itemListElement":[{"@type":"ListItem","position":1,"name":"Home","item":"https:\/\/www.sanbernardoalzira.es\/web\/"},{"@type":"ListItem","position":2,"name":"Ermita de Sant Bernat a Carlet"}]},{"@type":"WebSite","@id":"https:\/\/www.sanbernardoalzira.com\/web\/#website","url":"https:\/\/www.sanbernardoalzira.com\/web\/","name":"Santos Patronos de Alzira Bernardo, Mar\u00eda y Gracia","description":"Pontificia Archicofrad\u00eda de los Santos Patronos de Alzira","publisher":{"@id":"https:\/\/www.sanbernardoalzira.com\/web\/#organization"},"potentialAction":[{"@type":"SearchAction","target":{"@type":"EntryPoint","urlTemplate":"https:\/\/www.sanbernardoalzira.com\/web\/?s={search_term_string}"},"query-input":"required name=search_term_string"}],"inLanguage":"es"},{"@type":"Organization","@id":"https:\/\/www.sanbernardoalzira.com\/web\/#organization","name":"Archicofrad\u00eda de los Santos Patronos de Alzira","url":"https:\/\/www.sanbernardoalzira.com\/web\/","logo":{"@type":"ImageObject","inLanguage":"es","@id":"https:\/\/www.sanbernardoalzira.com\/web\/#\/schema\/logo\/image\/","url":"https:\/\/www.sanbernardoalzira.com\/web\/wp-content\/uploads\/2018\/07\/logo.png","contentUrl":"https:\/\/www.sanbernardoalzira.com\/web\/wp-content\/uploads\/2018\/07\/logo.png","width":816,"height":804,"caption":"Archicofrad\u00eda de los Santos Patronos de Alzira"},"image":{"@id":"https:\/\/www.sanbernardoalzira.com\/web\/#\/schema\/logo\/image\/"},"sameAs":["https:\/\/www.facebook.com\/SanBernardoAlzira\/"]},false]}},"yasr_visitor_votes":{"stars_attributes":{"read_only":false,"span_bottom":false},"number_of_votes":0,"sum_votes":0},"_links":{"self":[{"href":"https:\/\/www.sanbernardoalzira.com\/web\/wp-json\/wp\/v2\/pages\/3392"}],"collection":[{"href":"https:\/\/www.sanbernardoalzira.com\/web\/wp-json\/wp\/v2\/pages"}],"about":[{"href":"https:\/\/www.sanbernardoalzira.com\/web\/wp-json\/wp\/v2\/types\/page"}],"author":[{"embeddable":true,"href":"https:\/\/www.sanbernardoalzira.com\/web\/wp-json\/wp\/v2\/users\/3"}],"replies":[{"embeddable":true,"href":"https:\/\/www.sanbernardoalzira.com\/web\/wp-json\/wp\/v2\/comments?post=3392"}],"version-history":[{"count":5,"href":"https:\/\/www.sanbernardoalzira.com\/web\/wp-json\/wp\/v2\/pages\/3392\/revisions"}],"predecessor-version":[{"id":5046,"href":"https:\/\/www.sanbernardoalzira.com\/web\/wp-json\/wp\/v2\/pages\/3392\/revisions\/5046"}],"wp:attachment":[{"href":"https:\/\/www.sanbernardoalzira.com\/web\/wp-json\/wp\/v2\/media?parent=3392"}],"curies":[{"name":"wp","href":"https:\/\/api.w.org\/{rel}","templated":true}]}}