{"id":3720,"date":"2019-10-16T11:31:56","date_gmt":"2019-10-16T11:31:56","guid":{"rendered":"https:\/\/www.sanbernardoalzira.es\/web\/?page_id=3720"},"modified":"2023-01-22T16:48:51","modified_gmt":"2023-01-22T16:48:51","slug":"bibliografia-val","status":"publish","type":"page","link":"https:\/\/www.sanbernardoalzira.com\/web\/val\/bibliografia-val\/","title":{"rendered":"Bibliografia"},"content":{"rendered":"\n<div class=\"contenedor-acordeon\"><center><h2>BIBLIOGRAFIA BERNARDINA<\/h2>\n<h3>i altres enlla\u00e7os d&#8217;inter\u00e9s<\/h3><\/center>\n<p>&nbsp;<\/p>\n<h4>La <b>Pontif\u00edcia Arxiconfraria dels Sants Patrons Bernat, Maria i Gr\u00e0cia<\/b> continuant amb la seua labor de donar a con\u00e9ixer als alzirenys i als devots dels nostres m\u00e0rtirs en general aquells textos i investigacions que poden resultar d&#8217;inter\u00e9s per la seua aportaci\u00f3 nova o per la seua import\u00e0ncia hist\u00f2rica ha publicat, en les \u00faltimes d\u00e8cades, diversos llibres. Alguns d&#8217;ells s\u00f3n reedici\u00f3 d&#8217;obres antigues dif\u00edcil de trobar hui dia.<\/h4>\n<h4>Aquesta bibliografia tamb\u00e9 ha augmentat gr\u00e0cies a l&#8217;aportaci\u00f3 de particulars i institucions com l&#8217;Ajuntament d&#8217;Alzira, Diputaci\u00f3 de Val\u00e8ncia, l&#8217;Abadia cistercenca de Santa Mar\u00eda de Poblet i diverses comissions falleres.<\/h4>\n<h4>Volem agrair especialment la labor desenvolupada per Antonio Momparler Rosado i Bernat Montagud Piera , estudiosos bernardins i autors d&#8217;algunes obres.<\/h4>\n<p>&nbsp;<\/p>\n<div id=\"contenedor\">\n<div class=\"portada\"><a href=\"..\/llibres\/libro-de-la-vida-martyrio-y-algunos-milagros-de-s-bernardo-val\/\"><br>\n<img decoding=\"async\" title=\"Libro de la vida, martyrio, y algunos milagros de S.Bernardo\" src=\"https:\/\/www.sanbernardoalzira.com\/web\/wp-content\/uploads\/libros\/LibroDeLaVida-400.jpg\" alt=\"Portada del llibre correspondiente a la re-edici\u00f3n del a\u00f1o 2007\"><\/a><p><\/p>\n<h6>\u00abLibro de la vida, martyrio, y algunos milagros de S.Bernardo, natural del territorio de la Villa de Alzira\u00bb<\/h6>\n<p>Autor: Fra Honorato Gilbau<\/p>\n<\/div>\n<div class=\"portada\"><a href=\"..\/llibres\/sant-bernat-martir-fuentes-literarias-e-iconograficas-val\/\"><br>\n<img decoding=\"async\" title=\"Portada del llibre \u00abSant Bernat M\u00e1rtir. Fuentes literarias e iconogr\u00e1ficas\u00bb de Bernardo Montagud\" src=\"https:\/\/www.sanbernardoalzira.com\/web\/wp-content\/uploads\/libros\/FuentesLiterarias-400.jpg\" alt=\"Portada del llibre \u00abSant Bernat M\u00e1rtir. Fuentes literarias e iconogr\u00e1ficas\u00bb\"><br>\n<\/a><p><\/p>\n<h6>\u00abSant Bernat M\u00e1rtir. Fuentes literarias e iconogr\u00e1ficas\u00bb<\/h6>\n<p>Autor: Bernat Montagud<\/p>\n<\/div>\n<div class=\"portada\"><a href=\"..\/llibres\/els-princeps-ahmed-zaida-i-zoraida\/\"><br>\n<img decoding=\"async\" title=\"Portada del llibre \u00abBernat, Maria i Gr\u00e0cia. Els pr\u00ednceps Ahmed, Zaida i Zoraida\u00bb de M\u00aa Amparo Olivares\" src=\"https:\/\/www.sanbernardoalzira.com\/web\/wp-content\/uploads\/2021\/06\/els-princeps-ahmet-zaida-i-zoraida-400.jpg\" alt=\"Portada del llibre \u00abBernat, Maria i Gr\u00e0cia. Els pr\u00ednceps Ahmed, Zaida i Zoraida\u00bb\"><br>\n<\/a><p><\/p>\n<h6>\u00abBernat, Maria i Gr\u00e0cia. Els pr\u00ednceps Ahmed, Zaida i Zoraida\u00bb<\/h6>\n<p>Autora: M\u00aa Amparo Olivares<\/p>\n<\/div>\n<div class=\"portada\"><a href=\"..\/llibres\/las-tres-purpuras-de-alzira-val\/\"><br>\n<img decoding=\"async\" title=\"Primera p\u00e0gina del llibre \u00abLas Tres P\u00farpuras de Alzira\u00bb\" src=\"https:\/\/www.sanbernardoalzira.com\/web\/wp-content\/uploads\/libros\/TresPurpuras-400.jpg\" alt=\"Primera p\u00e0gina del llibre \u00abLas Tres P\u00farpuras de Alzira\u00ab\"><\/a><p><\/p>\n<h6>\u00abLas Tres P\u00farpuras de Alzira\u00bb<\/h6>\n<p>Autor: Jaime Cervera<\/p>\n<\/div>\n<div class=\"portada\"><a href=\"..\/llibres\/documentos-ineditos-iglesia-san-bernardo-1391-val\/\"><br>\n<img decoding=\"async\" title=\"Portada del llibre \u00abDocumentos in\u00e9ditos de la fue iglesia de San Bernardo, en Alzira. A\u00f1o 1391\u00bb\" src=\"https:\/\/www.sanbernardoalzira.com\/web\/wp-content\/uploads\/libros\/DocumentosIneditos-400.jpg\" alt=\"Portada del llibre \u00abDocumentos in\u00e9ditos de la fue iglesia de San Bernardo, en Alzira. A\u00f1o 1391\u00ab\"><br>\n<\/a><p><\/p>\n<h6>\u00abDocumentos in\u00e9ditos de la fue iglesia de San Bernardo, en Alzira. A\u00f1o 1391\u00bb<\/h6>\n<p>Autor: Antonio Momparler<\/p>\n<\/div>\n\n\n<div class=\"portada\"><a href=\"..\/llibres\/casalicios-del-puente-de-san-bernardo-val\/\"><br>\n<img decoding=\"async\" title=\"Portada del llibre \u00abLos Casalicios del Puente de San Bernardo\u00bb de Antonio Momparler\" src=\"https:\/\/www.sanbernardoalzira.com\/web\/wp-content\/uploads\/libros\/casalicios-san-bernardo-400.jpg\" alt=\"Portada del llibre \u00abLos Casalicios del Puente de San Bernardo\u00ab\"><br>\n<\/a><p><\/p>\n<h6>\u00abLos Casalicios del Puente de San Bernardo\u00bb<\/h6>\n<p>Autor: Antonio Momparler<\/p>\n<\/div>\n<div class=\"portada\"><a href=\"..\/llibres\/el-testamento-de-fernando-perez-val\/\"><br>\n<img decoding=\"async\" title=\"Portada del llibre \u00abEl Testamento de Fernando Perez\u00bb de Antonio Momparler\" src=\"https:\/\/www.sanbernardoalzira.com\/web\/wp-content\/uploads\/libros\/TestamentoFPerez-400.jpg\" alt=\"Portada del llibre \u00abEl Testamento de Fernando Perez\u00ab\"><br>\n<\/a><p><\/p>\n<h6>\u00abEl Testamento de Fernando Perez, hijo de Zeit Abu Zeit, Rey de Valencia. A\u00f1o 1262\u00bb<\/h6>\n<p>Autor: Antonio Momparler<\/p>\n<\/div>\n<div class=\"portada\"><a href=\"..\/llibres\/patron-de-alzira-el-glorioso-martir-san-bernardo-val\/\"><br>\n<img decoding=\"async\" title=\"Primera p\u00e0gina del llibre \u00abPatr\u00f3n de Alzira. El Glorioso Martir San Bernardo\u00bb\" src=\"https:\/\/www.sanbernardoalzira.com\/web\/wp-content\/uploads\/libros\/glorioso-martir-400.jpg\" alt=\"Primera p\u00e0gina del llibre \u00abPatr\u00f3n de Alzira. El Glorioso Martir San Bernardo\u00ab\"><br>\n<\/a><p><\/p>\n<h6>\u00abPatr\u00f3n de Alzira. El Glorioso Martir San Bernardo\u00bb<\/h6>\n<p>Autor: Alonso de Castillo Solorzano<\/p>\n<\/div>\n<div class=\"portada\"><a href=\"..\/llibres\/historia-santos-bernardo-maria-gracia-val\/\"><br>\n<img decoding=\"async\" title=\"Portada del llibre \u00abHistoria de los Santos Bernardo, Mar\u00eda y Gracia\u00bb\" src=\"https:\/\/www.sanbernardoalzira.com\/web\/wp-content\/uploads\/libros\/historia-santos-400.jpg\" alt=\"Portada del llibre \u00abHistoria de los Santos Bernardo, Mar\u00eda y Gracia\u00ab\"><br>\n<\/a><p><\/p>\n<h6>\u00abHistoria de los Santos Bernardo, Mar\u00eda y Gracia\u00bb<\/h6>\n<p>Autor: Antonio Momparler<\/p>\n<\/div>\n<div class=\"portada\"><a href=\"..\/llibres\/historia-ilustres-martires-alcira-val\/\"><br>\n<img decoding=\"async\" title=\"Portada del llibre \u00abHistoria de los Ilustres M\u00e1rtires de Alcira. Bernardo, Mar\u00eda y Gracia\u00bb\" src=\"https:\/\/www.sanbernardoalzira.com\/web\/wp-content\/uploads\/libros\/HistoriaMartires-400.jpg\" alt=\"Portada del llibre \u00abHistoria de los Ilustres M\u00e1rtires de Alcira\u00ab\"><br>\n<\/a><p><\/p>\n<h6>\u00abHistoria de los Ilustres M\u00e1rtires de Alcira\u00bb<\/h6>\n<p>Autor: Jaime Goig Company<\/p>\n<\/div>\n<div class=\"portada\"><a href=\"..\/llibres\/una-tabla-del-martirio-de-los-santos-bernardo-maria-y-gracia-val\/\"><br>\n<img decoding=\"async\" title=\"Portada del llibre \u00abUna Tabla del Martirio de los Santos Bernardo, Mar\u00eda y Gracia\u00bb de Antonio Momparler\" src=\"https:\/\/www.sanbernardoalzira.com\/web\/wp-content\/uploads\/libros\/TablaMartirio-400.jpg\" alt=\"Portada del llibre \u00abUna Tabla del Martirio de los Santos Bernardo, Mar\u00eda y Gracia\u00ab\"><br>\n<\/a><p><\/p>\n<h6>\u00abUna Tabla del Martirio de los Santos Bernardo, Mar\u00eda y Gracia\u00bb<\/h6>\n<p>Autor: Antonio Momparler<\/p>\n<\/div>\n<div class=\"portada\"><a href=\"..\/llibres\/tres-monjos-de-poblet-val\/\"><br>\n<img decoding=\"async\" title=\"Portada del llibre \u00abTres Monjos de Poblet\u00bb de Benet Ferr\u00e9\" src=\"https:\/\/www.sanbernardoalzira.com\/web\/wp-content\/uploads\/libros\/TresMonjosPoblet-400.jpg\" alt=\"Portada del llibre \u00abTres Monjos de Poblet\u00ab\"><br>\n<\/a><p><\/p>\n<h6>\u00abTres Monjos de Poblet\u00bb<\/h6>\n<p>Autor: Benet Farr\u00e9 i Lloreta<\/p>\n<\/div>\n<div class=\"portada\"><a href=\"..\/llibres\/#\/\"><br>\n<img decoding=\"async\" title=\"Portada del llibre \u00abSantos Bernardo, Mar\u00eda y Gracia\u00bb de Amparo Olivares\" src=\"https:\/\/www.sanbernardoalzira.com\/web\/wp-content\/uploads\/libros\/StBernardoMariaGracia-400.jpg\" alt=\"Portada del llibre \u00abSantos Bernardo, Mar\u00eda y Gracia\u00ab\"><br>\n<\/a><p><\/p>\n<h6>\u00abSantos Bernardo, Mar\u00eda y Gracia\u00bb<\/h6>\n<p>Autor: M\u00aa Amparo Olivares Estruch<\/p>\n<\/div>\n<div class=\"portada\"><br>\n<img decoding=\"async\" title=\"Portada del llibre \u00abLa Vall d'Alcal\u00e1 y sus egregias figuras Ahmet ben Alman\u00e7or, \u00c7aida y \u00c7oraida\u00bb de Andr\u00e9s Monz\u00f3\" src=\"https:\/\/www.sanbernardoalzira.com\/web\/wp-content\/uploads\/libros\/LaVallDAlcala-400.jpg\" alt=\"Portada del llibre \u00abLa Vall d'Alcal\u00e1 y sus egregias figuras Ahmet ben Alman\u00e7or, \u00c7aida y \u00c7oraida\u00ab\"><p><\/p>\n<h6>\u00abLa Vall d&#8217;Alcal\u00e1 y sus egregias figuras Ahmet ben Alman\u00e7or, \u00c7aida y \u00c7oraida\u00bb<\/h6>\n<p>Autor: Andr\u00e9s Monz\u00f3 Nogu\u00e9s<\/p>\n<\/div>\n<div class=\"portada\"><br>\n<img decoding=\"async\" title=\"Portada del llibre \u00abSang a La Ribera\u00bb\" src=\"https:\/\/www.sanbernardoalzira.com\/web\/wp-content\/uploads\/libros\/SangLaRibera-400.jpg\" alt=\"Portada del llibre \u00abSang a La Ribera\u00ab\"><p><\/p>\n<h6>\u00abSang a La Ribera\u00bb<\/h6>\n<p>Autor: Andr\u00e9s Monz\u00f3 Nogu\u00e9s<\/p>\n<\/div>\n<div class=\"portada\"><br>\n<img decoding=\"async\" title=\"Portada del llibre \u00abBernardo, Mar\u00eda y Gracia. Hijos de Carlet. M\u00e1rtires de Alzira\u00bb\" src=\"https:\/\/www.sanbernardoalzira.com\/web\/wp-content\/uploads\/libros\/h-carlet-m-alzira-400.jpg\" alt=\"Portada del llibre \u00abBernardo, Mar\u00eda y Gracia. Hijos de Carlet. M\u00e1rtires de Alzira\u00ab\"><p><\/p>\n<h6>\u00abBernardo, Mar\u00eda y Gracia. Hijos de Carlet. M\u00e1rtires de Alzira\u00bb<\/h6>\n<p>Autor: Angel Fabra P\u00e9rez<\/p>\n<\/div>\n<div class=\"portada\"><a href=\"..\/llibres\/tres-monjos-de-poblet-val\/\"><br>\n<img decoding=\"async\" title=\"Portada del llibre \u00abSants Bernat, Maria i Gr\u00e0cia, m\u00e0rtirs d'Alzira\u00bb de Benet Ferr\u00e9\" src=\"https:\/\/www.sanbernardoalzira.com\/web\/wp-content\/uploads\/libros\/MartirsAlzira.jpg\" alt=\"Portada del llibre \u00abSants Bernat, Maria i Gr\u00e0cia, m\u00e0rtirs d'Alzira\u00ab\"><br>\n<\/a><p><\/p>\n<h6>\u00abSants Bernat, Maria i Gr\u00e0cia, m\u00e0rtirs d&#8217;Alzira\u00bb<\/h6>\n<p>Autor: Benet Farr\u00e9 i Lloreta<\/p>\n<\/div>\n<div class=\"portada\"><br>\n<img decoding=\"async\" title=\"Portada del llibre \u00abUn Triple Canto de Amor\u00bb\" src=\"https:\/\/www.sanbernardoalzira.com\/web\/wp-content\/uploads\/libros\/triple-canto-amor-400.jpg\" alt=\"Portada del llibre \u00abUn Triple Canto de Amor\u00ab\"><p><\/p>\n<h6>\u00abUn Triple Canto de Amor\u00bb<\/h6>\n<p>Autor: Angel Fabra P\u00e9rez<\/p>\n<\/div>\n<div class=\"portada\"><a href=\"..\/llibres\/yacimiento-arqueologico-del-sequer-de-sant-bernat-val\/\"><br>\n<img decoding=\"async\" title=\"Portada del llibre \u00abEl yacimiento arqueol\u00f3gico del Sequer de Sant Bernat\u00bb\" src=\"https:\/\/www.sanbernardoalzira.com\/web\/wp-content\/uploads\/libros\/yacimiento-sequer-400.jpg\" alt=\"Portada del llibre \u00abEl yacimiento arqueol\u00f3gico del Sequer de Sant Bernat\u00ab\"><br>\n<\/a><p><\/p>\n<h6>\u00abEl yacimiento arqueol\u00f3gico del Sequer de Sant Bernat\u00bb<\/h6>\n<p>Autor: Varios<\/p>\n<\/div>\n<div class=\"portada\"><a href=\"..\/llibres\/la-chiesa-matrice-di-santa-eulalia-di-merida-v-m\/\"><br>\n<img decoding=\"async\" title=\"Portada del llibre \u00abLa Chiesa Matrice di Santa Eulalia di M\u00e9rida V.M.\u00bb\" src=\"https:\/\/www.sanbernardoalzira.com\/web\/wp-content\/uploads\/libros\/la-chiesa-matrice-di-santa-eulalia-400.jpg\" alt=\"Portada del llibre \u00abLa Chiesa Matrice di Santa Eulalia di M\u00e9rida V.M.\u00bb\"><\/a><p><\/p>\n<h6>\u00abLa Chiesa Matrice di Santa Eulalia di M\u00e9rida V.M.\u00bb<\/h6>\n<p>Autor: Don Manuel Fabris<\/p>\n<\/div>\n<div class=\"portada\"><a href=\"..\/llibres\/de-buen-moro-buen-cristiano-val\/\"><br>\n<img decoding=\"async\" title=\"Portada del llibre \u00abDe buen moro buen cristiano\u00bb\" src=\"https:\/\/www.sanbernardoalzira.com\/web\/wp-content\/uploads\/libros\/de-buen-moro-buen-cristiano.jpg\" alt=\"Fulla del llibre \u00abDe buen moro buen cristiano\u00bb\"><\/a><p><\/p>\n<h6>\u00abDe buen moro buen cristiano\u00bb<\/h6>\n<p>Autor: Felipe God\u00ednez<\/p>\n<\/div>\n<div class=\"portada\"><a href=\"http:\/\/bdh-rd.bne.es\/viewer.vm?lang=es&amp;id=0000014084&amp;page=11\"><br>\n<img decoding=\"async\" title=\"Fulla del manuscrit \u00abLos tres hermanos del Cielo y martires de Carlete\u00bb\" src=\"https:\/\/www.sanbernardoalzira.com\/web\/wp-content\/uploads\/libros\/tres-hermanos-del-cielo-y-martires-de-carlete.jpg\" alt=\"Fulla del manuscrit \u00abLos tres hermanos del Cielo y martires de Carlete\u00bb\"><\/a><p><\/p>\n<h6>\u00abLos tres hermanos del Cielo y martires de Carlete\u00bb<\/h6>\n<p>Autor: Francisco de la Calle<\/p>\n<\/div>\n<\/div>\n<h3>Altres enlla\u00e7os d&#8217;inter\u00e9s<\/h3>\n<ul>\n<li>\n<h5><a href=\"https:\/\/www.ucm.es\/data\/cont\/docs\/621-2016-12-28-San%20Bernardo%20de%20Alzira.pdf\" target=\"_blank\" rel=\"noopener noreferrer\">Notas sobre la iconograf\u00eda del martirio de San Bernardo de Alzira: a prop\u00f3sito de la tabla hom\u00f3nima del Museo de la Catedral de Valencia<\/a> de Borja Franco Llopis<\/h5>\n<\/li>\n<li>\n<h5><a href=\"http:\/\/bivaldi.gva.es\/es\/catalogo_imagenes\/grupo.cmd?path=1004022\" target=\"_blank\" rel=\"noopener noreferrer\">Las Tres P\u00farpuras de Alzira<\/a> en pdf en la Biblioteca Valenciana.<\/h5>\n<\/li>\n<li>\n<h5><a href=\"http:\/\/rima.uv.es\/ajax\/file\/oid\/1892\/fid\/4066\/Casalicios%20definitivo.pdf\" target=\"_blank\" rel=\"noopener noreferrer\">Los Casalicios del Puente de San Bernardo de Alzira<\/a> de Miriam Ganado Felipe.<\/h5>\n<\/li>\n<li>\n<h5><a href=\"http:\/\/www.cronistasoficiales.com\/?p=54800\" target=\"_blank\" rel=\"noopener noreferrer\">El puente de San Bernardo en Alzira<\/a> de Alfonso Rovira Mar\u00edn.<\/h5>\n<\/li>\n<li>\n<h5><a href=\"http:\/\/www.academia.edu\/14388230\/La_ermita_de_Sant_Bernat_de_Carlet\" target=\"_blank\" rel=\"noopener noreferrer\">La ermita de Sant Bernat de Carlet<\/a> de Javier Hidalgo Mora.<\/h5>\n<\/li>\n<li>\n<h5><a href=\"http:\/\/gogistesvalencians.blogspot.com\/2015\/09\/gozos-al-glorioso-san-bernardo-y-sus.html\" target=\"_blank\" rel=\"noopener noreferrer\">Gozos a San Bernardo y sus hermanas<\/a> en la web gogistesvalencians.blogspot.com.<\/h5>\n<\/li>\n<li>\n<h5><a href=\"http:\/\/www.icatm.net\/bibliotecabalmes\/sites\/default\/files\/public\/analecta\/AST_67.1\/AST_67_1_45.pdf\" target=\"_blank\" rel=\"noopener noreferrer\">Sant Bernat i les seves bases documentals<\/a> per Benet Farr\u00e9 i Lloreta.<\/h5>\n<\/li>\n<li>\n<h5><a href=\"http:\/\/santeulalia.altervista.org\/santi-compatroni.html\" target=\"_blank\" rel=\"noopener noreferrer\">San Bernardo Martire<\/a> en Parrocchia Pieve di Santa Eulalia &#8211; EN ITALI\u00c0<\/h5>\n<\/li>\n<li>\n<h5><a href=\"http:\/\/www.zisterzienserlexikon.de\/wiki\/Bernhard_von_Alzira\" target=\"_blank\" rel=\"noopener noreferrer\">Bernhard von Alzira<\/a> en Biographia Cisterciensis &#8211; EN ALEMANY<\/h5>\n<\/li>\n<\/ul>\n<\/div>\n","protected":false},"excerpt":{"rendered":"<p>BIBLIOGRAFIA BERNARDINA i altres enlla\u00e7os d&#8217;inter\u00e9s &nbsp; La Pontif\u00edcia Arxiconfraria dels Sants Patrons Bernat, Maria i Gr\u00e0cia continuant amb la seua labor de donar a con\u00e9ixer als alzirenys i als devots dels nostres m\u00e0rtirs en general aquells textos i investigacions que poden resultar d&#8217;inter\u00e9s per la seua aportaci\u00f3 nova o per la seua import\u00e0ncia hist\u00f2rica<\/p>\n<p class=\"more-link\"><a href=\"https:\/\/www.sanbernardoalzira.com\/web\/val\/bibliografia-val\/\" class=\"themebutton\">Leer m\u00e1s<\/a><\/p>\n","protected":false},"author":3,"featured_media":0,"parent":0,"menu_order":0,"comment_status":"closed","ping_status":"closed","template":"","meta":{"yasr_overall_rating":0,"yasr_post_is_review":"","yasr_auto_insert_disabled":"","yasr_review_type":"BlogPosting"},"yoast_head":"<!-- This site is optimized with the Yoast SEO plugin v20.13 - https:\/\/yoast.com\/wordpress\/plugins\/seo\/ -->\n<title>Bibliografia - Santos Patronos de Alzira Bernardo, Mar\u00eda y Gracia<\/title>\n<meta name=\"description\" content=\"Bibliografia existent de Sant Bernat M\u00e0rtir, patr\u00f3 d&#039;Alzira. Llibres sobre la seua vida, culte i imatges corresponents als Sants Patrons d&#039;Alzira.\" \/>\n<meta name=\"robots\" content=\"index, follow, max-snippet:-1, max-image-preview:large, max-video-preview:-1\" \/>\n<link rel=\"canonical\" href=\"https:\/\/www.sanbernardoalzira.com\/web\/val\/bibliografia-val\/\" \/>\n<meta property=\"og:locale\" content=\"es_ES\" \/>\n<meta property=\"og:type\" content=\"article\" \/>\n<meta property=\"og:title\" content=\"Bibliografia - Santos Patronos de Alzira Bernardo, Mar\u00eda y Gracia\" \/>\n<meta property=\"og:description\" content=\"Bibliografia existent de Sant Bernat M\u00e0rtir, patr\u00f3 d&#039;Alzira. Llibres sobre la seua vida, culte i imatges corresponents als Sants Patrons d&#039;Alzira.\" \/>\n<meta property=\"og:url\" content=\"https:\/\/www.sanbernardoalzira.com\/web\/val\/bibliografia-val\/\" \/>\n<meta property=\"og:site_name\" content=\"Santos Patronos de Alzira Bernardo, Mar\u00eda y Gracia\" \/>\n<meta property=\"article:publisher\" content=\"https:\/\/www.facebook.com\/SanBernardoAlzira\/\" \/>\n<meta property=\"article:modified_time\" content=\"2023-01-22T16:48:51+00:00\" \/>\n<meta property=\"og:image\" content=\"https:\/\/www.sanbernardoalzira.com\/web\/wp-content\/uploads\/libros\/LibroDeLaVida-400.jpg\" \/>\n<meta name=\"twitter:card\" content=\"summary_large_image\" \/>\n<meta name=\"twitter:label1\" content=\"Tiempo de lectura\" \/>\n\t<meta name=\"twitter:data1\" content=\"7 minutos\" \/>\n<script type=\"application\/ld+json\" class=\"yoast-schema-graph\">{\"@context\":\"https:\/\/schema.org\",\"@graph\":[{\"@type\":\"WebPage\",\"@id\":\"https:\/\/www.sanbernardoalzira.com\/web\/val\/bibliografia-val\/\",\"url\":\"https:\/\/www.sanbernardoalzira.com\/web\/val\/bibliografia-val\/\",\"name\":\"Bibliografia - Santos Patronos de Alzira Bernardo, Mar\u00eda y Gracia\",\"isPartOf\":{\"@id\":\"https:\/\/www.sanbernardoalzira.com\/web\/#website\"},\"datePublished\":\"2019-10-16T11:31:56+00:00\",\"dateModified\":\"2023-01-22T16:48:51+00:00\",\"description\":\"Bibliografia existent de Sant Bernat M\u00e0rtir, patr\u00f3 d'Alzira. Llibres sobre la seua vida, culte i imatges corresponents als Sants Patrons d'Alzira.\",\"breadcrumb\":{\"@id\":\"https:\/\/www.sanbernardoalzira.com\/web\/val\/bibliografia-val\/#breadcrumb\"},\"inLanguage\":\"es\",\"potentialAction\":[{\"@type\":\"ReadAction\",\"target\":[\"https:\/\/www.sanbernardoalzira.com\/web\/val\/bibliografia-val\/\"]}]},{\"@type\":\"BreadcrumbList\",\"@id\":\"https:\/\/www.sanbernardoalzira.com\/web\/val\/bibliografia-val\/#breadcrumb\",\"itemListElement\":[{\"@type\":\"ListItem\",\"position\":1,\"name\":\"Home\",\"item\":\"https:\/\/www.sanbernardoalzira.es\/web\/\"},{\"@type\":\"ListItem\",\"position\":2,\"name\":\"Bibliografia\"}]},{\"@type\":\"WebSite\",\"@id\":\"https:\/\/www.sanbernardoalzira.com\/web\/#website\",\"url\":\"https:\/\/www.sanbernardoalzira.com\/web\/\",\"name\":\"Santos Patronos de Alzira Bernardo, Mar\u00eda y Gracia\",\"description\":\"Pontificia Archicofrad\u00eda de los Santos Patronos de Alzira\",\"publisher\":{\"@id\":\"https:\/\/www.sanbernardoalzira.com\/web\/#organization\"},\"potentialAction\":[{\"@type\":\"SearchAction\",\"target\":{\"@type\":\"EntryPoint\",\"urlTemplate\":\"https:\/\/www.sanbernardoalzira.com\/web\/?s={search_term_string}\"},\"query-input\":\"required name=search_term_string\"}],\"inLanguage\":\"es\"},{\"@type\":\"Organization\",\"@id\":\"https:\/\/www.sanbernardoalzira.com\/web\/#organization\",\"name\":\"Archicofrad\u00eda de los Santos Patronos de Alzira\",\"url\":\"https:\/\/www.sanbernardoalzira.com\/web\/\",\"logo\":{\"@type\":\"ImageObject\",\"inLanguage\":\"es\",\"@id\":\"https:\/\/www.sanbernardoalzira.com\/web\/#\/schema\/logo\/image\/\",\"url\":\"https:\/\/www.sanbernardoalzira.com\/web\/wp-content\/uploads\/2018\/07\/logo.png\",\"contentUrl\":\"https:\/\/www.sanbernardoalzira.com\/web\/wp-content\/uploads\/2018\/07\/logo.png\",\"width\":816,\"height\":804,\"caption\":\"Archicofrad\u00eda de los Santos Patronos de Alzira\"},\"image\":{\"@id\":\"https:\/\/www.sanbernardoalzira.com\/web\/#\/schema\/logo\/image\/\"},\"sameAs\":[\"https:\/\/www.facebook.com\/SanBernardoAlzira\/\"]},false]}<\/script>\n<!-- \/ Yoast SEO plugin. -->","yoast_head_json":{"title":"Bibliografia - Santos Patronos de Alzira Bernardo, Mar\u00eda y Gracia","description":"Bibliografia existent de Sant Bernat M\u00e0rtir, patr\u00f3 d'Alzira. Llibres sobre la seua vida, culte i imatges corresponents als Sants Patrons d'Alzira.","robots":{"index":"index","follow":"follow","max-snippet":"max-snippet:-1","max-image-preview":"max-image-preview:large","max-video-preview":"max-video-preview:-1"},"canonical":"https:\/\/www.sanbernardoalzira.com\/web\/val\/bibliografia-val\/","og_locale":"es_ES","og_type":"article","og_title":"Bibliografia - Santos Patronos de Alzira Bernardo, Mar\u00eda y Gracia","og_description":"Bibliografia existent de Sant Bernat M\u00e0rtir, patr\u00f3 d'Alzira. Llibres sobre la seua vida, culte i imatges corresponents als Sants Patrons d'Alzira.","og_url":"https:\/\/www.sanbernardoalzira.com\/web\/val\/bibliografia-val\/","og_site_name":"Santos Patronos de Alzira Bernardo, Mar\u00eda y Gracia","article_publisher":"https:\/\/www.facebook.com\/SanBernardoAlzira\/","article_modified_time":"2023-01-22T16:48:51+00:00","og_image":[{"url":"https:\/\/www.sanbernardoalzira.com\/web\/wp-content\/uploads\/libros\/LibroDeLaVida-400.jpg"}],"twitter_card":"summary_large_image","twitter_misc":{"Tiempo de lectura":"7 minutos"},"schema":{"@context":"https:\/\/schema.org","@graph":[{"@type":"WebPage","@id":"https:\/\/www.sanbernardoalzira.com\/web\/val\/bibliografia-val\/","url":"https:\/\/www.sanbernardoalzira.com\/web\/val\/bibliografia-val\/","name":"Bibliografia - Santos Patronos de Alzira Bernardo, Mar\u00eda y Gracia","isPartOf":{"@id":"https:\/\/www.sanbernardoalzira.com\/web\/#website"},"datePublished":"2019-10-16T11:31:56+00:00","dateModified":"2023-01-22T16:48:51+00:00","description":"Bibliografia existent de Sant Bernat M\u00e0rtir, patr\u00f3 d'Alzira. Llibres sobre la seua vida, culte i imatges corresponents als Sants Patrons d'Alzira.","breadcrumb":{"@id":"https:\/\/www.sanbernardoalzira.com\/web\/val\/bibliografia-val\/#breadcrumb"},"inLanguage":"es","potentialAction":[{"@type":"ReadAction","target":["https:\/\/www.sanbernardoalzira.com\/web\/val\/bibliografia-val\/"]}]},{"@type":"BreadcrumbList","@id":"https:\/\/www.sanbernardoalzira.com\/web\/val\/bibliografia-val\/#breadcrumb","itemListElement":[{"@type":"ListItem","position":1,"name":"Home","item":"https:\/\/www.sanbernardoalzira.es\/web\/"},{"@type":"ListItem","position":2,"name":"Bibliografia"}]},{"@type":"WebSite","@id":"https:\/\/www.sanbernardoalzira.com\/web\/#website","url":"https:\/\/www.sanbernardoalzira.com\/web\/","name":"Santos Patronos de Alzira Bernardo, Mar\u00eda y Gracia","description":"Pontificia Archicofrad\u00eda de los Santos Patronos de Alzira","publisher":{"@id":"https:\/\/www.sanbernardoalzira.com\/web\/#organization"},"potentialAction":[{"@type":"SearchAction","target":{"@type":"EntryPoint","urlTemplate":"https:\/\/www.sanbernardoalzira.com\/web\/?s={search_term_string}"},"query-input":"required name=search_term_string"}],"inLanguage":"es"},{"@type":"Organization","@id":"https:\/\/www.sanbernardoalzira.com\/web\/#organization","name":"Archicofrad\u00eda de los Santos Patronos de Alzira","url":"https:\/\/www.sanbernardoalzira.com\/web\/","logo":{"@type":"ImageObject","inLanguage":"es","@id":"https:\/\/www.sanbernardoalzira.com\/web\/#\/schema\/logo\/image\/","url":"https:\/\/www.sanbernardoalzira.com\/web\/wp-content\/uploads\/2018\/07\/logo.png","contentUrl":"https:\/\/www.sanbernardoalzira.com\/web\/wp-content\/uploads\/2018\/07\/logo.png","width":816,"height":804,"caption":"Archicofrad\u00eda de los Santos Patronos de Alzira"},"image":{"@id":"https:\/\/www.sanbernardoalzira.com\/web\/#\/schema\/logo\/image\/"},"sameAs":["https:\/\/www.facebook.com\/SanBernardoAlzira\/"]},false]}},"yasr_visitor_votes":{"stars_attributes":{"read_only":false,"span_bottom":false},"number_of_votes":0,"sum_votes":0},"_links":{"self":[{"href":"https:\/\/www.sanbernardoalzira.com\/web\/wp-json\/wp\/v2\/pages\/3720"}],"collection":[{"href":"https:\/\/www.sanbernardoalzira.com\/web\/wp-json\/wp\/v2\/pages"}],"about":[{"href":"https:\/\/www.sanbernardoalzira.com\/web\/wp-json\/wp\/v2\/types\/page"}],"author":[{"embeddable":true,"href":"https:\/\/www.sanbernardoalzira.com\/web\/wp-json\/wp\/v2\/users\/3"}],"replies":[{"embeddable":true,"href":"https:\/\/www.sanbernardoalzira.com\/web\/wp-json\/wp\/v2\/comments?post=3720"}],"version-history":[{"count":10,"href":"https:\/\/www.sanbernardoalzira.com\/web\/wp-json\/wp\/v2\/pages\/3720\/revisions"}],"predecessor-version":[{"id":5047,"href":"https:\/\/www.sanbernardoalzira.com\/web\/wp-json\/wp\/v2\/pages\/3720\/revisions\/5047"}],"wp:attachment":[{"href":"https:\/\/www.sanbernardoalzira.com\/web\/wp-json\/wp\/v2\/media?parent=3720"}],"curies":[{"name":"wp","href":"https:\/\/api.w.org\/{rel}","templated":true}]}}