{"id":3929,"date":"2019-10-23T11:00:37","date_gmt":"2019-10-23T11:00:37","guid":{"rendered":"https:\/\/www.sanbernardoalzira.es\/web\/?page_id=3929"},"modified":"2025-10-06T07:51:24","modified_gmt":"2025-10-06T07:51:24","slug":"ruta-bernardina-val","status":"publish","type":"page","link":"https:\/\/www.sanbernardoalzira.com\/web\/val\/ruta-bernardina-val\/","title":{"rendered":"Ruta Bernardina"},"content":{"rendered":"\n<h2>La ruta de Sant Bernat per la comarca de la Ribera Alta<\/h2>\n\n<p>Es tracta d&#8217;un recorregut pla, d&#8217;uns 15 km, per diverses localitats de la Ribera Alta que s&#8217;inicia en l&#8217;<strong>Ermita de Sant Bernat a Carlet<\/strong> i finalitza en l&#8217;<strong>esgl\u00e9sia de Santa Caterina a Alzira<\/strong>.<\/p>\n<div id=\"attachment_34\" style=\"width: 330px\" class=\"wp-caption alignright\"><a href=\"https:\/\/www.sanbernardoalzira.com\/web\/wp-content\/uploads\/2018\/07\/Inauguracion-Ruta-2012-2-400.jpg\"><img aria-describedby=\"caption-attachment-34\" fetchpriority=\"high\" decoding=\"async\" class=\"size-full wp-image-34\" src=\"https:\/\/www.sanbernardoalzira.com\/web\/wp-content\/uploads\/2018\/07\/Inauguracion-Ruta-2012-2-400.jpg\" title=\"Clicar per ampliar\" alt=\"Diverses autoritats civils el dia de la inauguraci\u00f3 de la ruta\" width=\"320\" height=\"220\"><\/a><p id=\"caption-attachment-34\" class=\"wp-caption-text\">Diverses autoritats civils el dia de la inauguraci\u00f3 de la ruta<\/p><\/div>\n<p>La Ruta Bernardina es va iniciar en el 2012 gr\u00e0cies a una iniciativa dels ajuntaments d&#8217;Alzira i Carlet i les confraries dels Sants Patrons de totes dues ciutats. La comissi\u00f3 bernardina la formen representants d&#8217;aquestes entitats al costat d&#8217;altres com els ajuntaments de Benimodo, Guadassuar i l&#8217;Alcudia, la Mancomunitat de la Ribera Alta i la Fundaci\u00f3 Caixa Carlet.<\/p>\n<p>Tots els anys, a la primavera, la comissi\u00f3 bernardina organitza una nova edici\u00f3 d&#8217;aquesta ruta que recorre els principals llocs per on van viure, van morir i se&#8217;ls rendeix culte als sants Bernat, Maria i Gr\u00e0cia, fills de Carlet i m\u00e0rtirs d&#8217;Alzira.<\/p>\n<p>T\u00e9, per tant, un important component cultural i religi\u00f3s. Normalment s&#8217;inicia a primera hora del mat\u00ed en l&#8217;<a href=\"..\/ermita-de-sant-bernat-carlet\/\">Ermita de Sant Bernat a Carlet<\/a> on, segons la tradici\u00f3, estava el palau on van n\u00e0ixer els sants germans. La primera part del recorregut ens porta fins a l&#8217;esgl\u00e9sia de l&#8217;Assumpci\u00f3 a Carlet. La ruta segueix per Benimodo, l&#8217;Alcudia i Guadassuar on en la pla\u00e7a del Ravalet trobem una lapida que ens recorda que en aqueix lloc Sant Bernat va batejar a les seues germanes Zaida i Zoraida adoptant els nous noms de Mar\u00eda i Gracia.<\/p>\n<div id=\"attachment_34\" style=\"width: 330px\" class=\"wp-caption alignleft\"><img aria-describedby=\"caption-attachment-34\" decoding=\"async\" class=\"size-full wp-image-34\" src=\"https:\/\/www.sanbernardoalzira.com\/web\/wp-content\/uploads\/2018\/07\/Inauguracion-Ruta-2012-1-400.jpg\" alt=\"Moment de la inauguraci\u00f3 en 2012\" width=\"320\" height=\"220\"><p id=\"caption-attachment-34\" class=\"wp-caption-text\">Moment de la inauguraci\u00f3 en 2012<\/p><\/div>\n<p>El descans per a menjar es realitza ja en el terme d&#8217;Alzira, a vegades en la pr\u00f2pia <a href=\"..\/pileta-martiri-ermita-sant-bernat\/\">Pileta del Martiri<\/a>. All\u00ed \u00e9s on l&#8217;any 1180 van ser martiritzats els nostres Sants Patrons.<\/p>\n<p>A continuaci\u00f3 s&#8217;empr\u00e9n la marxa cap a la ciutat d&#8217;Alzira fins als <a href=\"..\/casalicis-dels-sants-patrons\/\">Casalicis dels Sants Patrons<\/a> sobre el desaparegut pont que creuava el, tamb\u00e9 desaparegut, bra\u00e7 del riu X\u00faquer. La ruta finalitza, a meitat de vesprada, a l&#8217;esgl\u00e9sia de Santa Catalina on es troben les imatges-reliquiari dels Sants Patrons.<\/p>\n<p>El suport institucional a la ruta bernardina es reflecteix clarament quan els pelegrins i senderistes s\u00f3n rebuts en arribar als diferents municipis per alguna autoritat, normalment l&#8217;alcalde. Tamb\u00e9 \u00e9s habitual que algun alcalde o regidor rec\u00f3rreguen, almenys, part de la ruta.<\/p>\n<p>Per a aquells interessats a realitzar la ruta \u00e9s important contactar amb els organitzadors perqu\u00e8 la ruta no finalitza on s&#8217;inicia. Aix\u00ed, per un m\u00f2dic preu (en 2019 va ser de tan sols 3 \u20ac) es disposa d&#8217;un autob\u00fas per al trasllat a primera hora des d&#8217;Alzira a l&#8217;Ermita de Sant Bernat a Carlet o, segons siga l&#8217;opci\u00f3 triada, al final del dia per al trasllat des d&#8217;Alzira a Carlet. A m\u00e9s el preu inclou un segur, i per si no fos prou, l&#8217;organitzaci\u00f3 posa un cotxe-granera.<\/p>\n<div id=\"attachment_34\" style=\"width: 410px\" class=\"wp-caption alignright\"><a href=\"https:\/\/www.sanbernardoalzira.com\/web\/wp-content\/uploads\/2018\/07\/rutapileta2012.jpg\"><img aria-describedby=\"caption-attachment-34\" decoding=\"async\" class=\"size-full wp-image-34\" src=\"https:\/\/www.sanbernardoalzira.com\/web\/wp-content\/uploads\/2018\/07\/rutapileta2012-400.jpg\" alt=\"Els senderistes en la Pileta del Martiri\" width=\"400\" height=\"197\"><\/a><p id=\"caption-attachment-34\" class=\"wp-caption-text\">Els senderistes en la <i>Pileta del Martiri<\/i>, any 2012<\/p><\/div>\n<p>Encara que sempre es passa pels llocs de significat bernard\u00ed, no totes les edicions segueixen la mateixa ruta. Fins i tot alguna vegada s&#8217;ha realitzat a l&#8217;inrev\u00e9s. \u00c9s a dir, amb inici a Alzira i final en l&#8217;Ermita de Carlet.<\/p>\n<p>Aquesta ruta que recorre diferents pobles de la comarca i bona part del seu recorregut ho fa entre camps de tarongers. Est\u00e0 homologada com a sendera de curt i f\u00e0cil recorregut per la Federaci\u00f3 d&#8217;Esports de Muntanya com a PR-CV 421.<\/p>\n<p>La ruta bernardina \u00e9s una oportunitat per a con\u00e9ixer una mica m\u00e9s alguns pobles de la comarca i la seua hist\u00f2ria.<\/p>\n<p>Enlla\u00e7 a <a href=\"https:\/\/es.wikiloc.com\/rutas-senderismo\/pr-cv-421-ruta-bernardina-carlet-alzira-6219897\" target=\"_blank\" rel=\"noopener noreferrer\">wikiloc Ruta Bernardina<\/a>.<\/p>\n<ul>\n<li>Veure article \u00ab<a href=\"..\/noticies\/ruta-bernardina-2012-edicio1\/\">I Edici\u00f3 de la Ruta Bernardina &#8211; 2012<\/a>\u00bb.<\/li>\n<li>Veure article \u00ab<a href=\"..\/noticies\/ruta-bernardina-2016-edicio4\/\">IV Edici\u00f3 de la Ruta Bernardina &#8211; 2016<\/a>\u00bb.<\/li>\n<li>Veure article \u00ab<a href=\"..\/noticies\/ruta-bernardina-2018-edicio6\/\">VI Edici\u00f3 de la Ruta Bernardina &#8211; 2018<\/a>\u00bb.<\/li>\n<li>Veure article \u00ab<a href=\"..\/noticies\/ruta-bernardina-2019-edicio7\/\">VII Edici\u00f3 de la Ruta Bernardina &#8211; 2019<\/a>\u00bb.<\/li>\n<\/ul>\n<p> <\/p>\n<center><h3>V\u00eddeo de Canal 9 del 11\/03\/2012 sobre l&#8217;inici de la Ruta Bernardina<\/h3><\/center>\n<p>&nbsp;<\/p>\n<center><iframe src=\"https:\/\/www.youtube.com\/embed\/lq231nXvHtU?rel=0&amp;start=30\" allowfullscreen=\"allowfullscreen\" width=\"560\" height=\"315\" frameborder=\"0\"><\/iframe><\/center>\n<p>&nbsp;<\/p>\n","protected":false},"excerpt":{"rendered":"<p>La ruta de Sant Bernat per la comarca de la Ribera Alta Es tracta d&#8217;un recorregut pla, d&#8217;uns 15 km, per diverses localitats de la Ribera Alta que s&#8217;inicia en l&#8217;Ermita de Sant Bernat a Carlet i finalitza en l&#8217;esgl\u00e9sia de Santa Caterina a Alzira. La Ruta Bernardina es va iniciar en el 2012 gr\u00e0cies<\/p>\n<p class=\"more-link\"><a href=\"https:\/\/www.sanbernardoalzira.com\/web\/val\/ruta-bernardina-val\/\" class=\"themebutton\">Leer m\u00e1s<\/a><\/p>\n","protected":false},"author":3,"featured_media":536,"parent":0,"menu_order":0,"comment_status":"closed","ping_status":"closed","template":"","meta":{"yasr_overall_rating":0,"yasr_post_is_review":"","yasr_auto_insert_disabled":"","yasr_review_type":""},"yoast_head":"<!-- This site is optimized with the Yoast SEO plugin v20.13 - https:\/\/yoast.com\/wordpress\/plugins\/seo\/ -->\n<title>Ruta Bernardina - Santos Patronos de Alzira Bernardo, Mar\u00eda y Gracia<\/title>\n<meta name=\"description\" content=\"La Ruta Bernardina es realitza tots els anys. Comen\u00e7a en l&#039;Ermita de Sant Bernat a Carlet i finalitza a l&#039;esgl\u00e9sia de Santa Caterina a Alzira.\" \/>\n<meta name=\"robots\" content=\"index, follow, max-snippet:-1, max-image-preview:large, max-video-preview:-1\" \/>\n<link rel=\"canonical\" href=\"https:\/\/www.sanbernardoalzira.com\/web\/val\/ruta-bernardina-val\/\" \/>\n<meta property=\"og:locale\" content=\"es_ES\" \/>\n<meta property=\"og:type\" content=\"article\" \/>\n<meta property=\"og:title\" content=\"Ruta Bernardina - Santos Patronos de Alzira Bernardo, Mar\u00eda y Gracia\" \/>\n<meta property=\"og:description\" content=\"La Ruta Bernardina es realitza tots els anys. Comen\u00e7a en l&#039;Ermita de Sant Bernat a Carlet i finalitza a l&#039;esgl\u00e9sia de Santa Caterina a Alzira.\" \/>\n<meta property=\"og:url\" content=\"https:\/\/www.sanbernardoalzira.com\/web\/val\/ruta-bernardina-val\/\" \/>\n<meta property=\"og:site_name\" content=\"Santos Patronos de Alzira Bernardo, Mar\u00eda y Gracia\" \/>\n<meta property=\"article:publisher\" content=\"https:\/\/www.facebook.com\/SanBernardoAlzira\/\" \/>\n<meta property=\"article:modified_time\" content=\"2025-10-06T07:51:24+00:00\" \/>\n<meta property=\"og:image\" content=\"https:\/\/www.sanbernardoalzira.com\/web\/wp-content\/uploads\/2018\/07\/RutaBernardina.jpg\" \/>\n\t<meta property=\"og:image:width\" content=\"491\" \/>\n\t<meta property=\"og:image:height\" content=\"199\" \/>\n\t<meta property=\"og:image:type\" content=\"image\/jpeg\" \/>\n<meta name=\"twitter:card\" content=\"summary_large_image\" \/>\n<meta name=\"twitter:label1\" content=\"Tiempo de lectura\" \/>\n\t<meta name=\"twitter:data1\" content=\"4 minutos\" \/>\n<script type=\"application\/ld+json\" class=\"yoast-schema-graph\">{\"@context\":\"https:\/\/schema.org\",\"@graph\":[{\"@type\":\"WebPage\",\"@id\":\"https:\/\/www.sanbernardoalzira.com\/web\/val\/ruta-bernardina-val\/\",\"url\":\"https:\/\/www.sanbernardoalzira.com\/web\/val\/ruta-bernardina-val\/\",\"name\":\"Ruta Bernardina - Santos Patronos de Alzira Bernardo, Mar\u00eda y Gracia\",\"isPartOf\":{\"@id\":\"https:\/\/www.sanbernardoalzira.com\/web\/#website\"},\"datePublished\":\"2019-10-23T11:00:37+00:00\",\"dateModified\":\"2025-10-06T07:51:24+00:00\",\"description\":\"La Ruta Bernardina es realitza tots els anys. Comen\u00e7a en l'Ermita de Sant Bernat a Carlet i finalitza a l'esgl\u00e9sia de Santa Caterina a Alzira.\",\"breadcrumb\":{\"@id\":\"https:\/\/www.sanbernardoalzira.com\/web\/val\/ruta-bernardina-val\/#breadcrumb\"},\"inLanguage\":\"es\",\"potentialAction\":[{\"@type\":\"ReadAction\",\"target\":[\"https:\/\/www.sanbernardoalzira.com\/web\/val\/ruta-bernardina-val\/\"]}]},{\"@type\":\"BreadcrumbList\",\"@id\":\"https:\/\/www.sanbernardoalzira.com\/web\/val\/ruta-bernardina-val\/#breadcrumb\",\"itemListElement\":[{\"@type\":\"ListItem\",\"position\":1,\"name\":\"Home\",\"item\":\"https:\/\/www.sanbernardoalzira.es\/web\/\"},{\"@type\":\"ListItem\",\"position\":2,\"name\":\"Ruta Bernardina\"}]},{\"@type\":\"WebSite\",\"@id\":\"https:\/\/www.sanbernardoalzira.com\/web\/#website\",\"url\":\"https:\/\/www.sanbernardoalzira.com\/web\/\",\"name\":\"Santos Patronos de Alzira Bernardo, Mar\u00eda y Gracia\",\"description\":\"Pontificia Archicofrad\u00eda de los Santos Patronos de Alzira\",\"publisher\":{\"@id\":\"https:\/\/www.sanbernardoalzira.com\/web\/#organization\"},\"potentialAction\":[{\"@type\":\"SearchAction\",\"target\":{\"@type\":\"EntryPoint\",\"urlTemplate\":\"https:\/\/www.sanbernardoalzira.com\/web\/?s={search_term_string}\"},\"query-input\":\"required name=search_term_string\"}],\"inLanguage\":\"es\"},{\"@type\":\"Organization\",\"@id\":\"https:\/\/www.sanbernardoalzira.com\/web\/#organization\",\"name\":\"Archicofrad\u00eda de los Santos Patronos de Alzira\",\"url\":\"https:\/\/www.sanbernardoalzira.com\/web\/\",\"logo\":{\"@type\":\"ImageObject\",\"inLanguage\":\"es\",\"@id\":\"https:\/\/www.sanbernardoalzira.com\/web\/#\/schema\/logo\/image\/\",\"url\":\"https:\/\/www.sanbernardoalzira.com\/web\/wp-content\/uploads\/2018\/07\/logo.png\",\"contentUrl\":\"https:\/\/www.sanbernardoalzira.com\/web\/wp-content\/uploads\/2018\/07\/logo.png\",\"width\":816,\"height\":804,\"caption\":\"Archicofrad\u00eda de los Santos Patronos de Alzira\"},\"image\":{\"@id\":\"https:\/\/www.sanbernardoalzira.com\/web\/#\/schema\/logo\/image\/\"},\"sameAs\":[\"https:\/\/www.facebook.com\/SanBernardoAlzira\/\"]},false]}<\/script>\n<!-- \/ Yoast SEO plugin. -->","yoast_head_json":{"title":"Ruta Bernardina - Santos Patronos de Alzira Bernardo, Mar\u00eda y Gracia","description":"La Ruta Bernardina es realitza tots els anys. Comen\u00e7a en l'Ermita de Sant Bernat a Carlet i finalitza a l'esgl\u00e9sia de Santa Caterina a Alzira.","robots":{"index":"index","follow":"follow","max-snippet":"max-snippet:-1","max-image-preview":"max-image-preview:large","max-video-preview":"max-video-preview:-1"},"canonical":"https:\/\/www.sanbernardoalzira.com\/web\/val\/ruta-bernardina-val\/","og_locale":"es_ES","og_type":"article","og_title":"Ruta Bernardina - Santos Patronos de Alzira Bernardo, Mar\u00eda y Gracia","og_description":"La Ruta Bernardina es realitza tots els anys. Comen\u00e7a en l'Ermita de Sant Bernat a Carlet i finalitza a l'esgl\u00e9sia de Santa Caterina a Alzira.","og_url":"https:\/\/www.sanbernardoalzira.com\/web\/val\/ruta-bernardina-val\/","og_site_name":"Santos Patronos de Alzira Bernardo, Mar\u00eda y Gracia","article_publisher":"https:\/\/www.facebook.com\/SanBernardoAlzira\/","article_modified_time":"2025-10-06T07:51:24+00:00","og_image":[{"width":491,"height":199,"url":"https:\/\/www.sanbernardoalzira.com\/web\/wp-content\/uploads\/2018\/07\/RutaBernardina.jpg","type":"image\/jpeg"}],"twitter_card":"summary_large_image","twitter_misc":{"Tiempo de lectura":"4 minutos"},"schema":{"@context":"https:\/\/schema.org","@graph":[{"@type":"WebPage","@id":"https:\/\/www.sanbernardoalzira.com\/web\/val\/ruta-bernardina-val\/","url":"https:\/\/www.sanbernardoalzira.com\/web\/val\/ruta-bernardina-val\/","name":"Ruta Bernardina - Santos Patronos de Alzira Bernardo, Mar\u00eda y Gracia","isPartOf":{"@id":"https:\/\/www.sanbernardoalzira.com\/web\/#website"},"datePublished":"2019-10-23T11:00:37+00:00","dateModified":"2025-10-06T07:51:24+00:00","description":"La Ruta Bernardina es realitza tots els anys. Comen\u00e7a en l'Ermita de Sant Bernat a Carlet i finalitza a l'esgl\u00e9sia de Santa Caterina a Alzira.","breadcrumb":{"@id":"https:\/\/www.sanbernardoalzira.com\/web\/val\/ruta-bernardina-val\/#breadcrumb"},"inLanguage":"es","potentialAction":[{"@type":"ReadAction","target":["https:\/\/www.sanbernardoalzira.com\/web\/val\/ruta-bernardina-val\/"]}]},{"@type":"BreadcrumbList","@id":"https:\/\/www.sanbernardoalzira.com\/web\/val\/ruta-bernardina-val\/#breadcrumb","itemListElement":[{"@type":"ListItem","position":1,"name":"Home","item":"https:\/\/www.sanbernardoalzira.es\/web\/"},{"@type":"ListItem","position":2,"name":"Ruta Bernardina"}]},{"@type":"WebSite","@id":"https:\/\/www.sanbernardoalzira.com\/web\/#website","url":"https:\/\/www.sanbernardoalzira.com\/web\/","name":"Santos Patronos de Alzira Bernardo, Mar\u00eda y Gracia","description":"Pontificia Archicofrad\u00eda de los Santos Patronos de Alzira","publisher":{"@id":"https:\/\/www.sanbernardoalzira.com\/web\/#organization"},"potentialAction":[{"@type":"SearchAction","target":{"@type":"EntryPoint","urlTemplate":"https:\/\/www.sanbernardoalzira.com\/web\/?s={search_term_string}"},"query-input":"required name=search_term_string"}],"inLanguage":"es"},{"@type":"Organization","@id":"https:\/\/www.sanbernardoalzira.com\/web\/#organization","name":"Archicofrad\u00eda de los Santos Patronos de Alzira","url":"https:\/\/www.sanbernardoalzira.com\/web\/","logo":{"@type":"ImageObject","inLanguage":"es","@id":"https:\/\/www.sanbernardoalzira.com\/web\/#\/schema\/logo\/image\/","url":"https:\/\/www.sanbernardoalzira.com\/web\/wp-content\/uploads\/2018\/07\/logo.png","contentUrl":"https:\/\/www.sanbernardoalzira.com\/web\/wp-content\/uploads\/2018\/07\/logo.png","width":816,"height":804,"caption":"Archicofrad\u00eda de los Santos Patronos de Alzira"},"image":{"@id":"https:\/\/www.sanbernardoalzira.com\/web\/#\/schema\/logo\/image\/"},"sameAs":["https:\/\/www.facebook.com\/SanBernardoAlzira\/"]},false]}},"yasr_visitor_votes":{"stars_attributes":{"read_only":false,"span_bottom":false},"number_of_votes":0,"sum_votes":0},"_links":{"self":[{"href":"https:\/\/www.sanbernardoalzira.com\/web\/wp-json\/wp\/v2\/pages\/3929"}],"collection":[{"href":"https:\/\/www.sanbernardoalzira.com\/web\/wp-json\/wp\/v2\/pages"}],"about":[{"href":"https:\/\/www.sanbernardoalzira.com\/web\/wp-json\/wp\/v2\/types\/page"}],"author":[{"embeddable":true,"href":"https:\/\/www.sanbernardoalzira.com\/web\/wp-json\/wp\/v2\/users\/3"}],"replies":[{"embeddable":true,"href":"https:\/\/www.sanbernardoalzira.com\/web\/wp-json\/wp\/v2\/comments?post=3929"}],"version-history":[{"count":9,"href":"https:\/\/www.sanbernardoalzira.com\/web\/wp-json\/wp\/v2\/pages\/3929\/revisions"}],"predecessor-version":[{"id":5247,"href":"https:\/\/www.sanbernardoalzira.com\/web\/wp-json\/wp\/v2\/pages\/3929\/revisions\/5247"}],"wp:featuredmedia":[{"embeddable":true,"href":"https:\/\/www.sanbernardoalzira.com\/web\/wp-json\/wp\/v2\/media\/536"}],"wp:attachment":[{"href":"https:\/\/www.sanbernardoalzira.com\/web\/wp-json\/wp\/v2\/media?parent=3929"}],"curies":[{"name":"wp","href":"https:\/\/api.w.org\/{rel}","templated":true}]}}