{"id":4202,"date":"2018-07-06T22:30:58","date_gmt":"2018-07-06T22:30:58","guid":{"rendered":"https:\/\/www.sanbernardoalzira.es\/web\/?page_id=4202"},"modified":"2020-08-27T19:28:22","modified_gmt":"2020-08-27T19:28:22","slug":"inici","status":"publish","type":"page","link":"https:\/\/www.sanbernardoalzira.com\/web\/val\/inici\/","title":{"rendered":"Inici"},"content":{"rendered":"\n<h1 class=\"medievo segun\">Sant Bernat d&#8217;Alzira<\/h1>\n\n\n\n\n<h2 class=\"medievo segun\">\u201cEn el lloc del Martiri no pot haver-hi dubte, que va ser un bosc ve\u00ed a la Vila d&#8217;Alzira. Mes despr\u00e9s del Martiri dels nostres Sants, \u00e9s ja Casa de D\u00e9u, i porta del Cel.<br>\nD&#8217;ac\u00ed \u00e9s, que al nostre M\u00e0rtir li criden tots, Sant Bernat d&#8217;Alzira, encara que va n\u00e0ixer a Carlet: Perqu\u00e8 la P\u00e0tria del M\u00e0rtir (com adverteix Sant Gregori Niseno) no tant s&#8217;ha de dir aquella en qu\u00e8 va n\u00e0ixer al m\u00f3n, com aquella en qu\u00e8 va ren\u00e0ixer per al Cel, i on li tenen culte, i veneraci\u00f3.\u201d<\/h2>\n<h4 class=\"centrot\">\u00ab <a href=\"..\/llibres\/las-tres-purpuras-de-alzira-val\/\">Les Tres Porpres d&#8217;Alzira<\/a> \u00bb \u00b7 1707 A.D.<\/h4>\n\n\n\n<div style=\"height:25px\" aria-hidden=\"true\" class=\"wp-block-spacer\"><\/div>\n\n\n\n<hr class=\"wp-block-separator\"\/>\n\n\n\n<div style=\"height:25px\" aria-hidden=\"true\" class=\"wp-block-spacer\"><\/div>\n\n\n\n<div class=\"mini\"><iframe src=\"https:\/\/www.youtube.com\/embed\/zwNQsDIvPv0?rel=0\" allowfullscreen=\"allowfullscreen\" width=\"350\" height=\"197\" frameborder=\"0\"><\/iframe><\/div>\n<div class=\"mediano\" style=\"max-width: 80%; margin: 0 auto;\"><iframe src=\"https:\/\/www.youtube.com\/embed\/zwNQsDIvPv0?rel=0\" allowfullscreen=\"allowfullscreen\" width=\"560\" height=\"315\" frameborder=\"0\"><\/iframe><\/div>\n<div class=\"grande\" style=\"max-width: 80%; margin: 0 auto;\"><iframe src=\"https:\/\/www.youtube.com\/embed\/zwNQsDIvPv0?rel=0\" allowfullscreen=\"allowfullscreen\" width=\"700\" height=\"394\" frameborder=\"0\"><\/iframe><\/div>\n<h4>V\u00eddeo realitzat pel Servei Audiovisual Dioces\u00e0 de l&#8217;Arquebisbat de Val\u00e8ncia sobre la vida dels Sants Patrons Bernat, Maria i Gr\u00e0cia. Aquest v\u00eddeo realitzat en 2015 s&#8217;emmarca dins del projecte \u00ab<b>Herois de la nostra Fe<\/b>\u00bb per a \u00abdifondre i ressaltar la vida i testimoniatge de fe de tots els sants valencians o vinculats a la di\u00f2cesi de Val\u00e8ncia, i la seua pres\u00e8ncia actual en la societat\u00bb.<\/h4>\n<p><script type=\"application\/ld+json\">{\"@context\":\"http:\/\/schema.org\",\"@type\":\"Organization\",\"name\" : \"Arxiconfraria dels Sants Patrons d'Alzira\",\"alternateName\": \"Confraria dels Sants Patrons Bernat, Maria i Gr\u00e0cia\",\"legalName\":\"Pontificia Archicofrad\u00eda de los Santos Patronos de Alzira\",\"description\": \"Web de la Pontif\u00edcia Arxiconfraria dels Sants Patrons d'Alzira. Dedicada al culte de Sant Bernat i les germanetes\",\"url\":\"https:\/\/www.sanbernardoalzira.es\/\"}<\/script><\/p>\n","protected":false},"excerpt":{"rendered":"<p>Sant Bernat d&#8217;Alzira \u201cEn el lloc del Martiri no pot haver-hi dubte, que va ser un bosc ve\u00ed a la Vila d&#8217;Alzira. Mes despr\u00e9s del Martiri dels nostres Sants, \u00e9s ja Casa de D\u00e9u, i porta del Cel. D&#8217;ac\u00ed \u00e9s, que al nostre M\u00e0rtir li criden tots, Sant Bernat d&#8217;Alzira, encara que va n\u00e0ixer a<\/p>\n<p class=\"more-link\"><a href=\"https:\/\/www.sanbernardoalzira.com\/web\/val\/inici\/\" class=\"themebutton\">Leer m\u00e1s<\/a><\/p>\n","protected":false},"author":4,"featured_media":2178,"parent":0,"menu_order":0,"comment_status":"closed","ping_status":"closed","template":"","meta":{"yasr_overall_rating":0,"yasr_post_is_review":"","yasr_auto_insert_disabled":"","yasr_review_type":""},"yoast_head":"<!-- This site is optimized with the Yoast SEO plugin v20.13 - https:\/\/yoast.com\/wordpress\/plugins\/seo\/ -->\n<title>Inici - Santos Patronos de Alzira Bernardo, Mar\u00eda y Gracia<\/title>\n<meta name=\"description\" content=\"Web de la Pontif\u00edcia Arxiconfraria dels Sants Patrons d&#039;Alzira, Bernat, Maria i Gr\u00e0cia. Dedicada al culte de Sant Bernat i les germanetes\" \/>\n<meta name=\"robots\" content=\"index, follow, max-snippet:-1, max-image-preview:large, max-video-preview:-1\" \/>\n<link rel=\"canonical\" href=\"https:\/\/www.sanbernardoalzira.com\/web\/val\/inici\/\" \/>\n<meta property=\"og:locale\" content=\"es_ES\" \/>\n<meta property=\"og:type\" content=\"article\" \/>\n<meta property=\"og:title\" content=\"Inici - Santos Patronos de Alzira Bernardo, Mar\u00eda y Gracia\" \/>\n<meta property=\"og:description\" content=\"Web de la Pontif\u00edcia Arxiconfraria dels Sants Patrons d&#039;Alzira, Bernat, Maria i Gr\u00e0cia. Dedicada al culte de Sant Bernat i les germanetes\" \/>\n<meta property=\"og:url\" content=\"https:\/\/www.sanbernardoalzira.com\/web\/val\/inici\/\" \/>\n<meta property=\"og:site_name\" content=\"Santos Patronos de Alzira Bernardo, Mar\u00eda y Gracia\" \/>\n<meta property=\"article:publisher\" content=\"https:\/\/www.facebook.com\/SanBernardoAlzira\/\" \/>\n<meta property=\"article:modified_time\" content=\"2020-08-27T19:28:22+00:00\" \/>\n<meta property=\"og:image\" content=\"https:\/\/www.sanbernardoalzira.com\/web\/wp-content\/uploads\/2018\/07\/Santos-Patronos-Alzira.jpg\" \/>\n\t<meta property=\"og:image:width\" content=\"400\" \/>\n\t<meta property=\"og:image:height\" content=\"479\" \/>\n\t<meta property=\"og:image:type\" content=\"image\/jpeg\" \/>\n<meta name=\"twitter:card\" content=\"summary_large_image\" \/>\n<meta name=\"twitter:label1\" content=\"Tiempo de lectura\" \/>\n\t<meta name=\"twitter:data1\" content=\"1 minuto\" \/>\n<script type=\"application\/ld+json\" class=\"yoast-schema-graph\">{\"@context\":\"https:\/\/schema.org\",\"@graph\":[{\"@type\":\"WebPage\",\"@id\":\"https:\/\/www.sanbernardoalzira.com\/web\/val\/inici\/\",\"url\":\"https:\/\/www.sanbernardoalzira.com\/web\/val\/inici\/\",\"name\":\"Inici - Santos Patronos de Alzira Bernardo, Mar\u00eda y Gracia\",\"isPartOf\":{\"@id\":\"https:\/\/www.sanbernardoalzira.com\/web\/#website\"},\"datePublished\":\"2018-07-06T22:30:58+00:00\",\"dateModified\":\"2020-08-27T19:28:22+00:00\",\"description\":\"Web de la Pontif\u00edcia Arxiconfraria dels Sants Patrons d'Alzira, Bernat, Maria i Gr\u00e0cia. Dedicada al culte de Sant Bernat i les germanetes\",\"breadcrumb\":{\"@id\":\"https:\/\/www.sanbernardoalzira.com\/web\/val\/inici\/#breadcrumb\"},\"inLanguage\":\"es\",\"potentialAction\":[{\"@type\":\"ReadAction\",\"target\":[\"https:\/\/www.sanbernardoalzira.com\/web\/val\/inici\/\"]}]},{\"@type\":\"BreadcrumbList\",\"@id\":\"https:\/\/www.sanbernardoalzira.com\/web\/val\/inici\/#breadcrumb\",\"itemListElement\":[{\"@type\":\"ListItem\",\"position\":1,\"name\":\"Home\",\"item\":\"https:\/\/www.sanbernardoalzira.es\/web\/\"},{\"@type\":\"ListItem\",\"position\":2,\"name\":\"Inici\"}]},{\"@type\":\"WebSite\",\"@id\":\"https:\/\/www.sanbernardoalzira.com\/web\/#website\",\"url\":\"https:\/\/www.sanbernardoalzira.com\/web\/\",\"name\":\"Santos Patronos de Alzira Bernardo, Mar\u00eda y Gracia\",\"description\":\"Pontificia Archicofrad\u00eda de los Santos Patronos de Alzira\",\"publisher\":{\"@id\":\"https:\/\/www.sanbernardoalzira.com\/web\/#organization\"},\"potentialAction\":[{\"@type\":\"SearchAction\",\"target\":{\"@type\":\"EntryPoint\",\"urlTemplate\":\"https:\/\/www.sanbernardoalzira.com\/web\/?s={search_term_string}\"},\"query-input\":\"required name=search_term_string\"}],\"inLanguage\":\"es\"},{\"@type\":\"Organization\",\"@id\":\"https:\/\/www.sanbernardoalzira.com\/web\/#organization\",\"name\":\"Archicofrad\u00eda de los Santos Patronos de Alzira\",\"url\":\"https:\/\/www.sanbernardoalzira.com\/web\/\",\"logo\":{\"@type\":\"ImageObject\",\"inLanguage\":\"es\",\"@id\":\"https:\/\/www.sanbernardoalzira.com\/web\/#\/schema\/logo\/image\/\",\"url\":\"https:\/\/www.sanbernardoalzira.com\/web\/wp-content\/uploads\/2018\/07\/logo.png\",\"contentUrl\":\"https:\/\/www.sanbernardoalzira.com\/web\/wp-content\/uploads\/2018\/07\/logo.png\",\"width\":816,\"height\":804,\"caption\":\"Archicofrad\u00eda de los Santos Patronos de Alzira\"},\"image\":{\"@id\":\"https:\/\/www.sanbernardoalzira.com\/web\/#\/schema\/logo\/image\/\"},\"sameAs\":[\"https:\/\/www.facebook.com\/SanBernardoAlzira\/\"]},false]}<\/script>\n<!-- \/ Yoast SEO plugin. -->","yoast_head_json":{"title":"Inici - Santos Patronos de Alzira Bernardo, Mar\u00eda y Gracia","description":"Web de la Pontif\u00edcia Arxiconfraria dels Sants Patrons d'Alzira, Bernat, Maria i Gr\u00e0cia. Dedicada al culte de Sant Bernat i les germanetes","robots":{"index":"index","follow":"follow","max-snippet":"max-snippet:-1","max-image-preview":"max-image-preview:large","max-video-preview":"max-video-preview:-1"},"canonical":"https:\/\/www.sanbernardoalzira.com\/web\/val\/inici\/","og_locale":"es_ES","og_type":"article","og_title":"Inici - Santos Patronos de Alzira Bernardo, Mar\u00eda y Gracia","og_description":"Web de la Pontif\u00edcia Arxiconfraria dels Sants Patrons d'Alzira, Bernat, Maria i Gr\u00e0cia. Dedicada al culte de Sant Bernat i les germanetes","og_url":"https:\/\/www.sanbernardoalzira.com\/web\/val\/inici\/","og_site_name":"Santos Patronos de Alzira Bernardo, Mar\u00eda y Gracia","article_publisher":"https:\/\/www.facebook.com\/SanBernardoAlzira\/","article_modified_time":"2020-08-27T19:28:22+00:00","og_image":[{"width":400,"height":479,"url":"https:\/\/www.sanbernardoalzira.com\/web\/wp-content\/uploads\/2018\/07\/Santos-Patronos-Alzira.jpg","type":"image\/jpeg"}],"twitter_card":"summary_large_image","twitter_misc":{"Tiempo de lectura":"1 minuto"},"schema":{"@context":"https:\/\/schema.org","@graph":[{"@type":"WebPage","@id":"https:\/\/www.sanbernardoalzira.com\/web\/val\/inici\/","url":"https:\/\/www.sanbernardoalzira.com\/web\/val\/inici\/","name":"Inici - Santos Patronos de Alzira Bernardo, Mar\u00eda y Gracia","isPartOf":{"@id":"https:\/\/www.sanbernardoalzira.com\/web\/#website"},"datePublished":"2018-07-06T22:30:58+00:00","dateModified":"2020-08-27T19:28:22+00:00","description":"Web de la Pontif\u00edcia Arxiconfraria dels Sants Patrons d'Alzira, Bernat, Maria i Gr\u00e0cia. Dedicada al culte de Sant Bernat i les germanetes","breadcrumb":{"@id":"https:\/\/www.sanbernardoalzira.com\/web\/val\/inici\/#breadcrumb"},"inLanguage":"es","potentialAction":[{"@type":"ReadAction","target":["https:\/\/www.sanbernardoalzira.com\/web\/val\/inici\/"]}]},{"@type":"BreadcrumbList","@id":"https:\/\/www.sanbernardoalzira.com\/web\/val\/inici\/#breadcrumb","itemListElement":[{"@type":"ListItem","position":1,"name":"Home","item":"https:\/\/www.sanbernardoalzira.es\/web\/"},{"@type":"ListItem","position":2,"name":"Inici"}]},{"@type":"WebSite","@id":"https:\/\/www.sanbernardoalzira.com\/web\/#website","url":"https:\/\/www.sanbernardoalzira.com\/web\/","name":"Santos Patronos de Alzira Bernardo, Mar\u00eda y Gracia","description":"Pontificia Archicofrad\u00eda de los Santos Patronos de Alzira","publisher":{"@id":"https:\/\/www.sanbernardoalzira.com\/web\/#organization"},"potentialAction":[{"@type":"SearchAction","target":{"@type":"EntryPoint","urlTemplate":"https:\/\/www.sanbernardoalzira.com\/web\/?s={search_term_string}"},"query-input":"required name=search_term_string"}],"inLanguage":"es"},{"@type":"Organization","@id":"https:\/\/www.sanbernardoalzira.com\/web\/#organization","name":"Archicofrad\u00eda de los Santos Patronos de Alzira","url":"https:\/\/www.sanbernardoalzira.com\/web\/","logo":{"@type":"ImageObject","inLanguage":"es","@id":"https:\/\/www.sanbernardoalzira.com\/web\/#\/schema\/logo\/image\/","url":"https:\/\/www.sanbernardoalzira.com\/web\/wp-content\/uploads\/2018\/07\/logo.png","contentUrl":"https:\/\/www.sanbernardoalzira.com\/web\/wp-content\/uploads\/2018\/07\/logo.png","width":816,"height":804,"caption":"Archicofrad\u00eda de los Santos Patronos de Alzira"},"image":{"@id":"https:\/\/www.sanbernardoalzira.com\/web\/#\/schema\/logo\/image\/"},"sameAs":["https:\/\/www.facebook.com\/SanBernardoAlzira\/"]},false]}},"yasr_visitor_votes":{"stars_attributes":{"read_only":false,"span_bottom":false},"number_of_votes":0,"sum_votes":0},"_links":{"self":[{"href":"https:\/\/www.sanbernardoalzira.com\/web\/wp-json\/wp\/v2\/pages\/4202"}],"collection":[{"href":"https:\/\/www.sanbernardoalzira.com\/web\/wp-json\/wp\/v2\/pages"}],"about":[{"href":"https:\/\/www.sanbernardoalzira.com\/web\/wp-json\/wp\/v2\/types\/page"}],"author":[{"embeddable":true,"href":"https:\/\/www.sanbernardoalzira.com\/web\/wp-json\/wp\/v2\/users\/4"}],"replies":[{"embeddable":true,"href":"https:\/\/www.sanbernardoalzira.com\/web\/wp-json\/wp\/v2\/comments?post=4202"}],"version-history":[{"count":10,"href":"https:\/\/www.sanbernardoalzira.com\/web\/wp-json\/wp\/v2\/pages\/4202\/revisions"}],"predecessor-version":[{"id":4825,"href":"https:\/\/www.sanbernardoalzira.com\/web\/wp-json\/wp\/v2\/pages\/4202\/revisions\/4825"}],"wp:featuredmedia":[{"embeddable":true,"href":"https:\/\/www.sanbernardoalzira.com\/web\/wp-json\/wp\/v2\/media\/2178"}],"wp:attachment":[{"href":"https:\/\/www.sanbernardoalzira.com\/web\/wp-json\/wp\/v2\/media?parent=4202"}],"curies":[{"name":"wp","href":"https:\/\/api.w.org\/{rel}","templated":true}]}}