{"id":4209,"date":"2018-09-19T17:00:48","date_gmt":"2018-09-19T17:00:48","guid":{"rendered":"https:\/\/www.sanbernardoalzira.es\/web\/?page_id=4209"},"modified":"2019-10-27T01:21:31","modified_gmt":"2019-10-27T01:21:31","slug":"politica-de-privacitat","status":"publish","type":"page","link":"https:\/\/www.sanbernardoalzira.com\/web\/val\/politica-de-privacitat\/","title":{"rendered":"Pol\u00edtica de Privacitat"},"content":{"rendered":"\n<h2>Informaci\u00f3 a l&#8217;usuari<\/h2>\n<p>La \u00abPontif\u00edcia arxiconfraria dels sants patrons d&#8217;Alzira, Bernat, Marta i Gr\u00e0cia\u00bb informa els usuaris del lloc web sobre la seua pol\u00edtica respecte del tractament i protecci\u00f3 de les dades de car\u00e0cter personal dels usuaris i clients que puguen ser recaptats per la navegaci\u00f3 i\/o contractaci\u00f3 de serveis o adquisici\u00f3 de productes a trav\u00e9s del lloc web sanbernardoalzira.es. El president de l&#8217;arxiconfraria \u00e9s el responsable del tractament de les dades personals de l&#8217;usuari i l&#8217;informa que aquestes dades seran tractades de conformitat amb el que es disposa en les normatives vigents en mat\u00e8ria de protecci\u00f3 de dades personals, el Reglament (UE) 2016\/679 de 27 d&#8217;abril de 2016 (GDPR) relatiu a la protecci\u00f3 de les persones f\u00edsiques pel que fa al tractament de dades personals i a la lliure circulaci\u00f3 d&#8217;aquestes dades i la Llei org\u00e0nica (\u00c9S) 15\/1999 de 13 de desembre (LOPD) relativa a la protecci\u00f3 de dades de car\u00e0cter personal, per la qual cosa se li facilita la seg\u00fcent informaci\u00f3 del tractament: Finalitat del tractament: mantindre una relaci\u00f3 comercial amb l&#8217;usuari. Les operacions previstes per a realitzar el tractament s\u00f3n:<\/p>\n<ul>\n<li>Remissi\u00f3 de comunicacions informatives, comercials i\/o publicit\u00e0ries per email, xarxes socials o qualsevol altre mitj\u00e0 electr\u00f2nic o f\u00edsic, present o futur, que possibilite realitzar comunicacions. Aquestes comunicacions seran realitzades per l&#8217;Arxiconfraria i relacionades amb els seus esdeveniments, productes i serveis, o amb els dels seus col\u00b7laboradors o prove\u00efdors amb els quals aquest haja aconseguit algun acord de promoci\u00f3. En aquest cas, els tercers mai tindran acc\u00e9s a les dades personals.<\/li>\n<li>Realitzar estudis estad\u00edstics.<\/li>\n<li>Tramitar enc\u00e0rrecs, sol\u00b7licituds o qualsevol tipus de petici\u00f3 que siga realitzada per l&#8217;usuari a trav\u00e9s de qualsevol de les formes de contacte que es posen a la seua disposici\u00f3.<\/li>\n<li>Remetre el butllet\u00ed de not\u00edcies de la p\u00e0gina web.<\/li>\n<\/ul>\n<p>Criteris de conservaci\u00f3 de les dades: es conservaran mentre existisca un inter\u00e9s mutu per a mantindre la fi del tractament i quan ja no siga necessari per a tal fi se suprimiran amb mesures de seguretat adequades per a garantir la seudonimizaci\u00f3 de les dades o la destrucci\u00f3 total d&#8217;aquests.<\/p>\n<p>Comunicaci\u00f3 de les dades: No es comunicaran les dades a cap destinatari excepte per una obligaci\u00f3\/requeriment legal.<\/p>\n<p>Drets que assisteixen a l&#8217;Usuari:<\/p>\n<ul>\n<li>Dret a retirar el consentiment en qualsevol moment.<\/li>\n<li>Dret d&#8217;acc\u00e9s, rectificaci\u00f3 i supressi\u00f3 de les seues dades i a la limitaci\u00f3 o oposici\u00f3 al seu tractament.<\/li>\n<li>Dret a presentar una reclamaci\u00f3 davant l&#8217;autoritat de control si considera que el tractament no s&#8217;ajusta a la normativa vigent.<\/li>\n<\/ul>\n<h2>Car\u00e0cter obligatori o facultatiu de la informaci\u00f3 facilitada per l&#8217;usuari<\/h2>\n<p>Els Usuaris, mitjan\u00e7ant la marcaci\u00f3 de les caselles corresponents i entrada de dades en els camps, marcats amb un asterisc (*) i\/o indicats com \u00abrequerits\u00bb o \u00abobligatoris\u00bb en el formulari de contacte o presentats en formularis de desc\u00e0rrega, accepten expressament i de forma lliure i inequ\u00edvoca que les seues dades s\u00f3n necess\u00e0ries per a atendre la seua petici\u00f3, per part del prestador, sent volunt\u00e0ria la inclusi\u00f3 de dades en els camps restants. L&#8217;usuari garanteix que les dades personals facilitades al prestador s\u00f3n vera\u00e7os i es fa responsable de comunicar qualsevol modificaci\u00f3 d&#8217;aquests. El prestador informa i garanteix expressament als usuaris que les seues dades personals no seran cedits en cap cas a tercers i que sempre que realitzara algun tipus de cessi\u00f3 de dades personals, es demanar\u00e0 pr\u00e8viament el consentiment expr\u00e9s, informat i inequ\u00edvoc per part dels usuaris. Totes les dades sol\u00b7licitades a trav\u00e9s del lloc web i marcats amb (*) i\/o indicats com \u00abrequerits\u00bb o \u00abobligatoris\u00bb s\u00f3n obligatoris ja que s\u00f3n necessaris per a la prestaci\u00f3 d&#8217;un servei \u00f2ptim a l&#8217;Usuari. La resta de camps, encara que introduir-los resulte facultatiu, poden ser necessaris per a disposar de tota la informaci\u00f3 necess\u00e0ria per a contestar adequadament a la seua consulta. En cas que no siguen facilitats totes les dades, no es garanteix que la informaci\u00f3 i serveis que el prestador li facilite, siguen completament ajustats a les seues necessitats.<\/p>\n<h2>Mesures de seguretat<\/h2>\n<p>Que de conformitat amb el que es disposa en les normatives vigents en mat\u00e8ria de protecci\u00f3 de dades personals, el prestador est\u00e0 complint amb totes les disposicions de les normatives GDPR i LOPD per al tractament de les dades personals de la seua responsabilitat, i manifestament amb els principis descrits en l&#8217;article 5 del *GDPR i en l&#8217;article 4 de la LOPD, pels quals s\u00f3n tractats de manera l\u00edcita, lleial i transparent en relaci\u00f3 amb l&#8217;interessat i adequats, pertinents i limitats al necessari en relaci\u00f3 amb les finalitats per als quals s\u00f3n tractats. El prestador garanteix que ha implementat pol\u00edtiques t\u00e8cniques i organitzatives apropiades per a aplicar les mesures de seguretat que estableixen el GDPR i la LOPD amb la finalitat de protegir els drets i llibertats dels Usuaris i els ha comunicat la informaci\u00f3 adequada perqu\u00e8 puguen exercir-los.<\/p>\n","protected":false},"excerpt":{"rendered":"<p>Informaci\u00f3 a l&#8217;usuari La \u00abPontif\u00edcia arxiconfraria dels sants patrons d&#8217;Alzira, Bernat, Marta i Gr\u00e0cia\u00bb informa els usuaris del lloc web sobre la seua pol\u00edtica respecte del tractament i protecci\u00f3 de les dades de car\u00e0cter personal dels usuaris i clients que puguen ser recaptats per la navegaci\u00f3 i\/o contractaci\u00f3 de serveis o adquisici\u00f3 de productes a<\/p>\n<p class=\"more-link\"><a href=\"https:\/\/www.sanbernardoalzira.com\/web\/val\/politica-de-privacitat\/\" class=\"themebutton\">Leer m\u00e1s<\/a><\/p>\n","protected":false},"author":4,"featured_media":0,"parent":0,"menu_order":0,"comment_status":"closed","ping_status":"closed","template":"","meta":{"yasr_overall_rating":0,"yasr_post_is_review":"","yasr_auto_insert_disabled":"","yasr_review_type":""},"yoast_head":"<!-- This site is optimized with the Yoast SEO plugin v20.13 - https:\/\/yoast.com\/wordpress\/plugins\/seo\/ -->\n<title>Pol\u00edtica de Privacitat - Santos Patronos de Alzira Bernardo, Mar\u00eda y Gracia<\/title>\n<meta name=\"robots\" content=\"index, follow, max-snippet:-1, max-image-preview:large, max-video-preview:-1\" \/>\n<link rel=\"canonical\" href=\"https:\/\/www.sanbernardoalzira.com\/web\/val\/politica-de-privacitat\/\" \/>\n<meta property=\"og:locale\" content=\"es_ES\" \/>\n<meta property=\"og:type\" content=\"article\" \/>\n<meta property=\"og:title\" content=\"Pol\u00edtica de Privacitat - Santos Patronos de Alzira Bernardo, Mar\u00eda y Gracia\" \/>\n<meta property=\"og:description\" content=\"Informaci\u00f3 a l&#8217;usuari La \u00abPontif\u00edcia arxiconfraria dels sants patrons d&#8217;Alzira, Bernat, Marta i Gr\u00e0cia\u00bb informa els usuaris del lloc web sobre la seua pol\u00edtica respecte del tractament i protecci\u00f3 de les dades de car\u00e0cter personal dels usuaris i clients que puguen ser recaptats per la navegaci\u00f3 i\/o contractaci\u00f3 de serveis o adquisici\u00f3 de productes aLeer m\u00e1s\" \/>\n<meta property=\"og:url\" content=\"https:\/\/www.sanbernardoalzira.com\/web\/val\/politica-de-privacitat\/\" \/>\n<meta property=\"og:site_name\" content=\"Santos Patronos de Alzira Bernardo, Mar\u00eda y Gracia\" \/>\n<meta property=\"article:publisher\" content=\"https:\/\/www.facebook.com\/SanBernardoAlzira\/\" \/>\n<meta property=\"article:modified_time\" content=\"2019-10-27T01:21:31+00:00\" \/>\n<meta property=\"og:image\" content=\"https:\/\/www.sanbernardoalzira.com\/web\/wp-content\/uploads\/2018\/07\/Santos-Patronos-Alzira.jpg\" \/>\n\t<meta property=\"og:image:width\" content=\"400\" \/>\n\t<meta property=\"og:image:height\" content=\"479\" \/>\n\t<meta property=\"og:image:type\" content=\"image\/jpeg\" \/>\n<meta name=\"twitter:card\" content=\"summary_large_image\" \/>\n<meta name=\"twitter:label1\" content=\"Tiempo de lectura\" \/>\n\t<meta name=\"twitter:data1\" content=\"4 minutos\" \/>\n<script type=\"application\/ld+json\" class=\"yoast-schema-graph\">{\"@context\":\"https:\/\/schema.org\",\"@graph\":[{\"@type\":\"WebPage\",\"@id\":\"https:\/\/www.sanbernardoalzira.com\/web\/val\/politica-de-privacitat\/\",\"url\":\"https:\/\/www.sanbernardoalzira.com\/web\/val\/politica-de-privacitat\/\",\"name\":\"Pol\u00edtica de Privacitat - Santos Patronos de Alzira Bernardo, Mar\u00eda y Gracia\",\"isPartOf\":{\"@id\":\"https:\/\/www.sanbernardoalzira.com\/web\/#website\"},\"datePublished\":\"2018-09-19T17:00:48+00:00\",\"dateModified\":\"2019-10-27T01:21:31+00:00\",\"breadcrumb\":{\"@id\":\"https:\/\/www.sanbernardoalzira.com\/web\/val\/politica-de-privacitat\/#breadcrumb\"},\"inLanguage\":\"es\",\"potentialAction\":[{\"@type\":\"ReadAction\",\"target\":[\"https:\/\/www.sanbernardoalzira.com\/web\/val\/politica-de-privacitat\/\"]}]},{\"@type\":\"BreadcrumbList\",\"@id\":\"https:\/\/www.sanbernardoalzira.com\/web\/val\/politica-de-privacitat\/#breadcrumb\",\"itemListElement\":[{\"@type\":\"ListItem\",\"position\":1,\"name\":\"Home\",\"item\":\"https:\/\/www.sanbernardoalzira.es\/web\/\"},{\"@type\":\"ListItem\",\"position\":2,\"name\":\"Pol\u00edtica de Privacitat\"}]},{\"@type\":\"WebSite\",\"@id\":\"https:\/\/www.sanbernardoalzira.com\/web\/#website\",\"url\":\"https:\/\/www.sanbernardoalzira.com\/web\/\",\"name\":\"Santos Patronos de Alzira Bernardo, Mar\u00eda y Gracia\",\"description\":\"Pontificia Archicofrad\u00eda de los Santos Patronos de Alzira\",\"publisher\":{\"@id\":\"https:\/\/www.sanbernardoalzira.com\/web\/#organization\"},\"potentialAction\":[{\"@type\":\"SearchAction\",\"target\":{\"@type\":\"EntryPoint\",\"urlTemplate\":\"https:\/\/www.sanbernardoalzira.com\/web\/?s={search_term_string}\"},\"query-input\":\"required name=search_term_string\"}],\"inLanguage\":\"es\"},{\"@type\":\"Organization\",\"@id\":\"https:\/\/www.sanbernardoalzira.com\/web\/#organization\",\"name\":\"Archicofrad\u00eda de los Santos Patronos de Alzira\",\"url\":\"https:\/\/www.sanbernardoalzira.com\/web\/\",\"logo\":{\"@type\":\"ImageObject\",\"inLanguage\":\"es\",\"@id\":\"https:\/\/www.sanbernardoalzira.com\/web\/#\/schema\/logo\/image\/\",\"url\":\"https:\/\/www.sanbernardoalzira.com\/web\/wp-content\/uploads\/2018\/07\/logo.png\",\"contentUrl\":\"https:\/\/www.sanbernardoalzira.com\/web\/wp-content\/uploads\/2018\/07\/logo.png\",\"width\":816,\"height\":804,\"caption\":\"Archicofrad\u00eda de los Santos Patronos de Alzira\"},\"image\":{\"@id\":\"https:\/\/www.sanbernardoalzira.com\/web\/#\/schema\/logo\/image\/\"},\"sameAs\":[\"https:\/\/www.facebook.com\/SanBernardoAlzira\/\"]},false]}<\/script>\n<!-- \/ Yoast SEO plugin. -->","yoast_head_json":{"title":"Pol\u00edtica de Privacitat - Santos Patronos de Alzira Bernardo, Mar\u00eda y Gracia","robots":{"index":"index","follow":"follow","max-snippet":"max-snippet:-1","max-image-preview":"max-image-preview:large","max-video-preview":"max-video-preview:-1"},"canonical":"https:\/\/www.sanbernardoalzira.com\/web\/val\/politica-de-privacitat\/","og_locale":"es_ES","og_type":"article","og_title":"Pol\u00edtica de Privacitat - Santos Patronos de Alzira Bernardo, Mar\u00eda y Gracia","og_description":"Informaci\u00f3 a l&#8217;usuari La \u00abPontif\u00edcia arxiconfraria dels sants patrons d&#8217;Alzira, Bernat, Marta i Gr\u00e0cia\u00bb informa els usuaris del lloc web sobre la seua pol\u00edtica respecte del tractament i protecci\u00f3 de les dades de car\u00e0cter personal dels usuaris i clients que puguen ser recaptats per la navegaci\u00f3 i\/o contractaci\u00f3 de serveis o adquisici\u00f3 de productes aLeer m\u00e1s","og_url":"https:\/\/www.sanbernardoalzira.com\/web\/val\/politica-de-privacitat\/","og_site_name":"Santos Patronos de Alzira Bernardo, Mar\u00eda y Gracia","article_publisher":"https:\/\/www.facebook.com\/SanBernardoAlzira\/","article_modified_time":"2019-10-27T01:21:31+00:00","og_image":[{"width":400,"height":479,"url":"https:\/\/www.sanbernardoalzira.com\/web\/wp-content\/uploads\/2018\/07\/Santos-Patronos-Alzira.jpg","type":"image\/jpeg"}],"twitter_card":"summary_large_image","twitter_misc":{"Tiempo de lectura":"4 minutos"},"schema":{"@context":"https:\/\/schema.org","@graph":[{"@type":"WebPage","@id":"https:\/\/www.sanbernardoalzira.com\/web\/val\/politica-de-privacitat\/","url":"https:\/\/www.sanbernardoalzira.com\/web\/val\/politica-de-privacitat\/","name":"Pol\u00edtica de Privacitat - Santos Patronos de Alzira Bernardo, Mar\u00eda y Gracia","isPartOf":{"@id":"https:\/\/www.sanbernardoalzira.com\/web\/#website"},"datePublished":"2018-09-19T17:00:48+00:00","dateModified":"2019-10-27T01:21:31+00:00","breadcrumb":{"@id":"https:\/\/www.sanbernardoalzira.com\/web\/val\/politica-de-privacitat\/#breadcrumb"},"inLanguage":"es","potentialAction":[{"@type":"ReadAction","target":["https:\/\/www.sanbernardoalzira.com\/web\/val\/politica-de-privacitat\/"]}]},{"@type":"BreadcrumbList","@id":"https:\/\/www.sanbernardoalzira.com\/web\/val\/politica-de-privacitat\/#breadcrumb","itemListElement":[{"@type":"ListItem","position":1,"name":"Home","item":"https:\/\/www.sanbernardoalzira.es\/web\/"},{"@type":"ListItem","position":2,"name":"Pol\u00edtica de Privacitat"}]},{"@type":"WebSite","@id":"https:\/\/www.sanbernardoalzira.com\/web\/#website","url":"https:\/\/www.sanbernardoalzira.com\/web\/","name":"Santos Patronos de Alzira Bernardo, Mar\u00eda y Gracia","description":"Pontificia Archicofrad\u00eda de los Santos Patronos de Alzira","publisher":{"@id":"https:\/\/www.sanbernardoalzira.com\/web\/#organization"},"potentialAction":[{"@type":"SearchAction","target":{"@type":"EntryPoint","urlTemplate":"https:\/\/www.sanbernardoalzira.com\/web\/?s={search_term_string}"},"query-input":"required name=search_term_string"}],"inLanguage":"es"},{"@type":"Organization","@id":"https:\/\/www.sanbernardoalzira.com\/web\/#organization","name":"Archicofrad\u00eda de los Santos Patronos de Alzira","url":"https:\/\/www.sanbernardoalzira.com\/web\/","logo":{"@type":"ImageObject","inLanguage":"es","@id":"https:\/\/www.sanbernardoalzira.com\/web\/#\/schema\/logo\/image\/","url":"https:\/\/www.sanbernardoalzira.com\/web\/wp-content\/uploads\/2018\/07\/logo.png","contentUrl":"https:\/\/www.sanbernardoalzira.com\/web\/wp-content\/uploads\/2018\/07\/logo.png","width":816,"height":804,"caption":"Archicofrad\u00eda de los Santos Patronos de Alzira"},"image":{"@id":"https:\/\/www.sanbernardoalzira.com\/web\/#\/schema\/logo\/image\/"},"sameAs":["https:\/\/www.facebook.com\/SanBernardoAlzira\/"]},false]}},"yasr_visitor_votes":{"stars_attributes":{"read_only":false,"span_bottom":false},"number_of_votes":0,"sum_votes":0},"_links":{"self":[{"href":"https:\/\/www.sanbernardoalzira.com\/web\/wp-json\/wp\/v2\/pages\/4209"}],"collection":[{"href":"https:\/\/www.sanbernardoalzira.com\/web\/wp-json\/wp\/v2\/pages"}],"about":[{"href":"https:\/\/www.sanbernardoalzira.com\/web\/wp-json\/wp\/v2\/types\/page"}],"author":[{"embeddable":true,"href":"https:\/\/www.sanbernardoalzira.com\/web\/wp-json\/wp\/v2\/users\/4"}],"replies":[{"embeddable":true,"href":"https:\/\/www.sanbernardoalzira.com\/web\/wp-json\/wp\/v2\/comments?post=4209"}],"version-history":[{"count":2,"href":"https:\/\/www.sanbernardoalzira.com\/web\/wp-json\/wp\/v2\/pages\/4209\/revisions"}],"predecessor-version":[{"id":4212,"href":"https:\/\/www.sanbernardoalzira.com\/web\/wp-json\/wp\/v2\/pages\/4209\/revisions\/4212"}],"wp:attachment":[{"href":"https:\/\/www.sanbernardoalzira.com\/web\/wp-json\/wp\/v2\/media?parent=4209"}],"curies":[{"name":"wp","href":"https:\/\/api.w.org\/{rel}","templated":true}]}}