{"id":4252,"date":"2018-07-08T12:00:42","date_gmt":"2018-07-08T12:00:42","guid":{"rendered":"https:\/\/www.sanbernardoalzira.es\/web\/?page_id=4252"},"modified":"2020-04-30T10:24:25","modified_gmt":"2020-04-30T10:24:25","slug":"politica-de-cookies-val","status":"publish","type":"page","link":"https:\/\/www.sanbernardoalzira.com\/web\/val\/politica-de-cookies-val\/","title":{"rendered":"Pol\u00edtica de Cookies"},"content":{"rendered":"\n<p>Una <b>cookie<\/b> \u00e9s un xicotet fitxer de text que s&#8217;emmagatzema en el seu navegador quan visita quasi qualsevol p\u00e0gina web. La seua utilitat \u00e9s que la web siga capa\u00e7 de recordar la seua visita quan torne a navegar per aqueixa p\u00e0gina. Les <b>cookies<\/b> solen emmagatzemar informaci\u00f3 de car\u00e0cter t\u00e8cnic, prefer\u00e8ncies personals, personalitzaci\u00f3 de continguts, estad\u00edstiques d&#8217;\u00fas, enlla\u00e7os a xarxes socials, acc\u00e9s a comptes d&#8217;usuari, etc. L&#8217;objectiu de la <b>cookie<\/b> \u00e9s adaptar el contingut de la web al seu perfil i necessitats, sense <b>cookies<\/b> els serveis oferits per qualsevol p\u00e0gina es veurien minvats notablement. Si desitja consultar m\u00e9s informaci\u00f3 sobre qu\u00e8 s\u00f3n les cookies, qu\u00e8 emmagatzemen, com eliminar-les, desactivar-les, etc., li preguem es dirigisca a aquest enlla\u00e7: <a href=\"..\/mes-informacio-sobre-les-cookies\/\"><b><button class=\"leerm color1\">Llegir m\u00e9s<\/button><\/b><\/a><\/p>\n<h2>Cookies utilitzades en aquest lloc web<\/h2>\n<p>Seguint les directrius de l&#8217;Ag\u00e8ncia Espanyola de Protecci\u00f3 de Dades procedim a detallar l&#8217;\u00fas de <b>cookies<\/b> que fa aquesta web amb la finalitat d&#8217;informar-lo amb la m\u00e0xima exactitud possible.<\/p>\n<p>Aquest lloc web utilitza les seg\u00fcents <b>cookies pr\u00f2pies<\/b>:<\/p>\n<ul>\n<li>Cookies de sessi\u00f3, per a garantir que els usuaris que escriguen comentaris en el blog siguen humans i no aplicacions automatitzades. D&#8217;aquesta forma es combat el <b>spam<\/b>.<\/li>\n<\/ul>\n<p>Aquest lloc web utilitza les seg\u00fcents <b>cookies de tercers<\/b>:<\/p>\n<ul>\n<li>Google Analytics: Emmagatzema <b>cookies<\/b> per a poder elaborar estad\u00edstiques sobre el tr\u00e0nsit i volum de visites d&#8217;aquesta web. En utilitzar aquest lloc web est\u00e0 consentint el tractament d&#8217;informaci\u00f3 sobre vost\u00e9 per Google. Per tant, l&#8217;exercici de qualsevol dret en aquest sentit haur\u00e0 de fer-lo comunicant directament amb Google.<\/li>\n<li>Xarxes socials: Cada xarxa social utilitza les seues pr\u00f2pies cookies perqu\u00e8 vost\u00e9 puga punxar en botons del tipus <b>M&#8217;agrada<\/b> o <b>Compartir<\/b>.<\/li>\n<\/ul>\n<h2>Desactivaci\u00f3 o eliminaci\u00f3 de cookies<\/h2>\n<p>En qualsevol moment podr \u00e0 exercir el seu dret de desactivaci\u00f3 o eliminaci\u00f3 de cookies d&#8217;aquest lloc web. Aquestes accions es realitzen de forma diferent en funci\u00f3 del navegador que estiga usant. Ac\u00ed li deixem una guia r\u00e0pida per als navegadors m\u00e9s populars: <a href=\"..\/mes-informacio-sobre-les-cookies\/\"><b><button class=\"leerm color1\">Llegir m\u00e9s<\/button><\/b><\/a>.<\/p>\n<h2>Notes addicionals<\/h2>\n<ul>\n<li>Ni aquesta web ni els seus representants legals es fan responsables ni del contingut ni de la veracitat de les pol\u00edtiques de privacitat que puguen tindre els tercers esmentats en aquesta <b>pol\u00edtica de cookies<\/b>.<\/li>\n<li>Els navegadors web s\u00f3n les eines encarregades d&#8217;emmagatzemar les cookies i des d&#8217;aquest lloc ha d&#8217;efectuar el seu dret a eliminaci\u00f3 o desactivaci\u00f3 d&#8217;aquestes. Ni aquesta web ni els seus representants legals poden garantir la correcta o incorrecta manipulaci\u00f3 de les cookies per part dels esmentats navegadors.<\/li>\n<li>En alguns casos \u00e9s necessari instal\u00b7lar cookies perqu\u00e8 el navegador no oblide la seua decisi\u00f3 de no acceptaci\u00f3 d&#8217;aquestes.<\/li>\n<li>En el cas de les cookies de Google Analytics, aquesta empresa emmagatzema les cookies en servidors situats als Estats Units i es compromet a no compartir-la amb tercers, excepte en els casos en els quals siga necessari per al funcionament del sistema o quan la llei obligue a aquest efecte. Segons Google no guarda la seua adre\u00e7a IP. Google Inc. \u00e9s una companyia adherida a l&#8217;Acord de Port Segur que garanteix que totes les dades transferides seran tractats amb un nivell de protecci\u00f3 concorde a la normativa europea.<\/li>\n<li>Pot consultar informaci\u00f3 detallada referent a aix\u00f2 en aquest enlla\u00e7 de<b>OSI (Oficina de Seguridad del Internauta)<\/b>: <a href=\"https:\/\/www.osi.es\/es\/actualidad\/blog\/2018\/07\/18\/entre-cookies-y-privacidad\" target=\"_blank\" rel=\"noopener noreferrer\"><b><button class=\"leerm color1\">Llegir m\u00e9s<\/button><\/b><\/a>.<\/li>\n<li>Si desitja informaci\u00f3 sobre l&#8217;\u00fas que Google dona a les cookies li adjuntem aquest altre enlla\u00e7 de <b>Google<\/b>: <a href=\"https:\/\/developers.google.com\/analytics\/devguides\/collection\/analyticsjs\/cookie-usage?hl=es&amp;csw=1\" target=\"_blank\" rel=\"noopener noreferrer\"><b><button class=\"leerm color1\">Llegir m\u00e9s<\/button><\/b><\/a>.<\/li>\n<li>Per a qualsevol dubte o consulta sobre aquesta pol\u00edtica de cookies no dubte a comunicar-se amb nosaltres a trav\u00e9s de la secci\u00f3 de contacte.<\/li>\n<\/ul>\n","protected":false},"excerpt":{"rendered":"<p>Una cookie \u00e9s un xicotet fitxer de text que s&#8217;emmagatzema en el seu navegador quan visita quasi qualsevol p\u00e0gina web. La seua utilitat \u00e9s que la web siga capa\u00e7 de recordar la seua visita quan torne a navegar per aqueixa p\u00e0gina. Les cookies solen emmagatzemar informaci\u00f3 de car\u00e0cter t\u00e8cnic, prefer\u00e8ncies personals, personalitzaci\u00f3 de continguts, estad\u00edstiques<\/p>\n<p class=\"more-link\"><a href=\"https:\/\/www.sanbernardoalzira.com\/web\/val\/politica-de-cookies-val\/\" class=\"themebutton\">Leer m\u00e1s<\/a><\/p>\n","protected":false},"author":4,"featured_media":0,"parent":0,"menu_order":0,"comment_status":"closed","ping_status":"closed","template":"","meta":{"yasr_overall_rating":0,"yasr_post_is_review":"","yasr_auto_insert_disabled":"","yasr_review_type":"BlogPosting"},"yoast_head":"<!-- This site is optimized with the Yoast SEO plugin v20.13 - https:\/\/yoast.com\/wordpress\/plugins\/seo\/ -->\n<title>Pol\u00edtica de Cookies - Santos Patronos de Alzira Bernardo, Mar\u00eda y Gracia<\/title>\n<meta name=\"robots\" content=\"noindex, follow\" \/>\n<meta property=\"og:locale\" content=\"es_ES\" \/>\n<meta property=\"og:type\" content=\"article\" \/>\n<meta property=\"og:title\" content=\"Pol\u00edtica de Cookies - Santos Patronos de Alzira Bernardo, Mar\u00eda y Gracia\" \/>\n<meta property=\"og:description\" content=\"Una cookie \u00e9s un xicotet fitxer de text que s&#8217;emmagatzema en el seu navegador quan visita quasi qualsevol p\u00e0gina web. La seua utilitat \u00e9s que la web siga capa\u00e7 de recordar la seua visita quan torne a navegar per aqueixa p\u00e0gina. Les cookies solen emmagatzemar informaci\u00f3 de car\u00e0cter t\u00e8cnic, prefer\u00e8ncies personals, personalitzaci\u00f3 de continguts, estad\u00edstiquesLeer m\u00e1s\" \/>\n<meta property=\"og:url\" content=\"https:\/\/www.sanbernardoalzira.com\/web\/val\/politica-de-cookies-val\/\" \/>\n<meta property=\"og:site_name\" content=\"Santos Patronos de Alzira Bernardo, Mar\u00eda y Gracia\" \/>\n<meta property=\"article:publisher\" content=\"https:\/\/www.facebook.com\/SanBernardoAlzira\/\" \/>\n<meta property=\"article:modified_time\" content=\"2020-04-30T10:24:25+00:00\" \/>\n<meta property=\"og:image\" content=\"https:\/\/www.sanbernardoalzira.com\/web\/wp-content\/uploads\/2018\/07\/Santos-Patronos-Alzira.jpg\" \/>\n\t<meta property=\"og:image:width\" content=\"400\" \/>\n\t<meta property=\"og:image:height\" content=\"479\" \/>\n\t<meta property=\"og:image:type\" content=\"image\/jpeg\" \/>\n<meta name=\"twitter:card\" content=\"summary_large_image\" \/>\n<meta name=\"twitter:label1\" content=\"Tiempo de lectura\" \/>\n\t<meta name=\"twitter:data1\" content=\"3 minutos\" \/>\n<script type=\"application\/ld+json\" class=\"yoast-schema-graph\">{\"@context\":\"https:\/\/schema.org\",\"@graph\":[{\"@type\":\"WebPage\",\"@id\":\"https:\/\/www.sanbernardoalzira.com\/web\/val\/politica-de-cookies-val\/\",\"url\":\"https:\/\/www.sanbernardoalzira.com\/web\/val\/politica-de-cookies-val\/\",\"name\":\"Pol\u00edtica de Cookies - Santos Patronos de Alzira Bernardo, Mar\u00eda y Gracia\",\"isPartOf\":{\"@id\":\"https:\/\/www.sanbernardoalzira.com\/web\/#website\"},\"datePublished\":\"2018-07-08T12:00:42+00:00\",\"dateModified\":\"2020-04-30T10:24:25+00:00\",\"breadcrumb\":{\"@id\":\"https:\/\/www.sanbernardoalzira.com\/web\/val\/politica-de-cookies-val\/#breadcrumb\"},\"inLanguage\":\"es\",\"potentialAction\":[{\"@type\":\"ReadAction\",\"target\":[\"https:\/\/www.sanbernardoalzira.com\/web\/val\/politica-de-cookies-val\/\"]}]},{\"@type\":\"BreadcrumbList\",\"@id\":\"https:\/\/www.sanbernardoalzira.com\/web\/val\/politica-de-cookies-val\/#breadcrumb\",\"itemListElement\":[{\"@type\":\"ListItem\",\"position\":1,\"name\":\"Home\",\"item\":\"https:\/\/www.sanbernardoalzira.es\/web\/\"},{\"@type\":\"ListItem\",\"position\":2,\"name\":\"Pol\u00edtica de Cookies\"}]},{\"@type\":\"WebSite\",\"@id\":\"https:\/\/www.sanbernardoalzira.com\/web\/#website\",\"url\":\"https:\/\/www.sanbernardoalzira.com\/web\/\",\"name\":\"Santos Patronos de Alzira Bernardo, Mar\u00eda y Gracia\",\"description\":\"Pontificia Archicofrad\u00eda de los Santos Patronos de Alzira\",\"publisher\":{\"@id\":\"https:\/\/www.sanbernardoalzira.com\/web\/#organization\"},\"potentialAction\":[{\"@type\":\"SearchAction\",\"target\":{\"@type\":\"EntryPoint\",\"urlTemplate\":\"https:\/\/www.sanbernardoalzira.com\/web\/?s={search_term_string}\"},\"query-input\":\"required name=search_term_string\"}],\"inLanguage\":\"es\"},{\"@type\":\"Organization\",\"@id\":\"https:\/\/www.sanbernardoalzira.com\/web\/#organization\",\"name\":\"Archicofrad\u00eda de los Santos Patronos de Alzira\",\"url\":\"https:\/\/www.sanbernardoalzira.com\/web\/\",\"logo\":{\"@type\":\"ImageObject\",\"inLanguage\":\"es\",\"@id\":\"https:\/\/www.sanbernardoalzira.com\/web\/#\/schema\/logo\/image\/\",\"url\":\"https:\/\/www.sanbernardoalzira.com\/web\/wp-content\/uploads\/2018\/07\/logo.png\",\"contentUrl\":\"https:\/\/www.sanbernardoalzira.com\/web\/wp-content\/uploads\/2018\/07\/logo.png\",\"width\":816,\"height\":804,\"caption\":\"Archicofrad\u00eda de los Santos Patronos de Alzira\"},\"image\":{\"@id\":\"https:\/\/www.sanbernardoalzira.com\/web\/#\/schema\/logo\/image\/\"},\"sameAs\":[\"https:\/\/www.facebook.com\/SanBernardoAlzira\/\"]},false]}<\/script>\n<!-- \/ Yoast SEO plugin. -->","yoast_head_json":{"title":"Pol\u00edtica de Cookies - Santos Patronos de Alzira Bernardo, Mar\u00eda y Gracia","robots":{"index":"noindex","follow":"follow"},"og_locale":"es_ES","og_type":"article","og_title":"Pol\u00edtica de Cookies - Santos Patronos de Alzira Bernardo, Mar\u00eda y Gracia","og_description":"Una cookie \u00e9s un xicotet fitxer de text que s&#8217;emmagatzema en el seu navegador quan visita quasi qualsevol p\u00e0gina web. La seua utilitat \u00e9s que la web siga capa\u00e7 de recordar la seua visita quan torne a navegar per aqueixa p\u00e0gina. Les cookies solen emmagatzemar informaci\u00f3 de car\u00e0cter t\u00e8cnic, prefer\u00e8ncies personals, personalitzaci\u00f3 de continguts, estad\u00edstiquesLeer m\u00e1s","og_url":"https:\/\/www.sanbernardoalzira.com\/web\/val\/politica-de-cookies-val\/","og_site_name":"Santos Patronos de Alzira Bernardo, Mar\u00eda y Gracia","article_publisher":"https:\/\/www.facebook.com\/SanBernardoAlzira\/","article_modified_time":"2020-04-30T10:24:25+00:00","og_image":[{"width":400,"height":479,"url":"https:\/\/www.sanbernardoalzira.com\/web\/wp-content\/uploads\/2018\/07\/Santos-Patronos-Alzira.jpg","type":"image\/jpeg"}],"twitter_card":"summary_large_image","twitter_misc":{"Tiempo de lectura":"3 minutos"},"schema":{"@context":"https:\/\/schema.org","@graph":[{"@type":"WebPage","@id":"https:\/\/www.sanbernardoalzira.com\/web\/val\/politica-de-cookies-val\/","url":"https:\/\/www.sanbernardoalzira.com\/web\/val\/politica-de-cookies-val\/","name":"Pol\u00edtica de Cookies - Santos Patronos de Alzira Bernardo, Mar\u00eda y Gracia","isPartOf":{"@id":"https:\/\/www.sanbernardoalzira.com\/web\/#website"},"datePublished":"2018-07-08T12:00:42+00:00","dateModified":"2020-04-30T10:24:25+00:00","breadcrumb":{"@id":"https:\/\/www.sanbernardoalzira.com\/web\/val\/politica-de-cookies-val\/#breadcrumb"},"inLanguage":"es","potentialAction":[{"@type":"ReadAction","target":["https:\/\/www.sanbernardoalzira.com\/web\/val\/politica-de-cookies-val\/"]}]},{"@type":"BreadcrumbList","@id":"https:\/\/www.sanbernardoalzira.com\/web\/val\/politica-de-cookies-val\/#breadcrumb","itemListElement":[{"@type":"ListItem","position":1,"name":"Home","item":"https:\/\/www.sanbernardoalzira.es\/web\/"},{"@type":"ListItem","position":2,"name":"Pol\u00edtica de Cookies"}]},{"@type":"WebSite","@id":"https:\/\/www.sanbernardoalzira.com\/web\/#website","url":"https:\/\/www.sanbernardoalzira.com\/web\/","name":"Santos Patronos de Alzira Bernardo, Mar\u00eda y Gracia","description":"Pontificia Archicofrad\u00eda de los Santos Patronos de Alzira","publisher":{"@id":"https:\/\/www.sanbernardoalzira.com\/web\/#organization"},"potentialAction":[{"@type":"SearchAction","target":{"@type":"EntryPoint","urlTemplate":"https:\/\/www.sanbernardoalzira.com\/web\/?s={search_term_string}"},"query-input":"required name=search_term_string"}],"inLanguage":"es"},{"@type":"Organization","@id":"https:\/\/www.sanbernardoalzira.com\/web\/#organization","name":"Archicofrad\u00eda de los Santos Patronos de Alzira","url":"https:\/\/www.sanbernardoalzira.com\/web\/","logo":{"@type":"ImageObject","inLanguage":"es","@id":"https:\/\/www.sanbernardoalzira.com\/web\/#\/schema\/logo\/image\/","url":"https:\/\/www.sanbernardoalzira.com\/web\/wp-content\/uploads\/2018\/07\/logo.png","contentUrl":"https:\/\/www.sanbernardoalzira.com\/web\/wp-content\/uploads\/2018\/07\/logo.png","width":816,"height":804,"caption":"Archicofrad\u00eda de los Santos Patronos de Alzira"},"image":{"@id":"https:\/\/www.sanbernardoalzira.com\/web\/#\/schema\/logo\/image\/"},"sameAs":["https:\/\/www.facebook.com\/SanBernardoAlzira\/"]},false]}},"yasr_visitor_votes":{"stars_attributes":{"read_only":false,"span_bottom":false},"number_of_votes":0,"sum_votes":0},"_links":{"self":[{"href":"https:\/\/www.sanbernardoalzira.com\/web\/wp-json\/wp\/v2\/pages\/4252"}],"collection":[{"href":"https:\/\/www.sanbernardoalzira.com\/web\/wp-json\/wp\/v2\/pages"}],"about":[{"href":"https:\/\/www.sanbernardoalzira.com\/web\/wp-json\/wp\/v2\/types\/page"}],"author":[{"embeddable":true,"href":"https:\/\/www.sanbernardoalzira.com\/web\/wp-json\/wp\/v2\/users\/4"}],"replies":[{"embeddable":true,"href":"https:\/\/www.sanbernardoalzira.com\/web\/wp-json\/wp\/v2\/comments?post=4252"}],"version-history":[{"count":4,"href":"https:\/\/www.sanbernardoalzira.com\/web\/wp-json\/wp\/v2\/pages\/4252\/revisions"}],"predecessor-version":[{"id":4670,"href":"https:\/\/www.sanbernardoalzira.com\/web\/wp-json\/wp\/v2\/pages\/4252\/revisions\/4670"}],"wp:attachment":[{"href":"https:\/\/www.sanbernardoalzira.com\/web\/wp-json\/wp\/v2\/media?parent=4252"}],"curies":[{"name":"wp","href":"https:\/\/api.w.org\/{rel}","templated":true}]}}