{"id":4660,"date":"2020-04-30T10:11:20","date_gmt":"2020-04-30T10:11:20","guid":{"rendered":"https:\/\/www.sanbernardoalzira.es\/web\/?page_id=4660"},"modified":"2020-04-30T10:17:31","modified_gmt":"2020-04-30T10:17:31","slug":"mes-informacio-sobre-les-cookies","status":"publish","type":"page","link":"https:\/\/www.sanbernardoalzira.com\/web\/val\/mes-informacio-sobre-les-cookies\/","title":{"rendered":"M\u00e9s informaci\u00f3 sobre les Cookies"},"content":{"rendered":"\n<h2>Qu\u00e8 \u00e9s una cookie?<\/h2>\n<p>Una <em>cookie<\/em> \u00e9s un fitxer de text <b>inofensiu<\/b> que s&#8217;emmagatzema en el seu navegador quan visita quasi qualsevol p\u00e0gina web. La utilitat de la <em>cookie<\/em> \u00e9s que la web siga capa\u00e7 de recordar la seua visita quan torne a navegar per aqueixa p\u00e0gina. Encara que molta gent no ho sap les <em>cookies<\/em> es porten utilitzant des de fa 20 anys, quan van apar\u00e9ixer els primers navegadors per a la *World *Wide Web.<\/p>\n<h2>Qu\u00e8 NO \u00c9S una cookie?<\/h2>\n<p>No \u00e9s un virus, ni un troi\u00e0, ni un cuc, ni spam, ni spyware, ni obri finestres pop-up.<\/p>\n<h2>Quina informaci\u00f3 emmagatzema una <em>cookie<\/em>?<\/h2>\n<p>Les <em>cookies<\/em> no solen emmagatzemar informaci\u00f3 sensible sobre vost\u00e9, com a targetes de cr\u00e8dit o dades banc\u00e0ries, fotografies, el seu DNI o informaci\u00f3 personal, etc. Les dades que guarden s\u00f3n de car\u00e0cter t\u00e8cnic, prefer\u00e8ncies personals, personalitzaci\u00f3 de continguts, etc.<\/p>\n<p>El servidor web no li associa a vost\u00e9 com a persona si no al seu navegador web. De fet, si vost\u00e9 navega habitualment amb Internet Explorer i prova de navegar per la mateixa web amb Firefox o Chrome veur\u00e0 que la web no s&#8217;adona que \u00e9s vost\u00e9 la mateixa persona perqu\u00e8 en realitat est\u00e0 associant al navegador, no a la persona.<\/p>\n<h2>Quin tipus de <em>cookies<\/em> existeixen?<\/h2>\n<ul>\n<li><em>Cookies<\/em> t\u00e8cniques: S\u00f3n les m\u00e9s elementals i permeten, entre altres coses, saber quan est\u00e0 navegant un hum\u00e0 o una aplicaci\u00f3 automatitzada, quan navega un usuari an\u00f2nim i un registrat, tasques b\u00e0siques per al funcionament de qualsevol web din\u00e0mica.<\/li>\n<li><em>Cookies<\/em> d&#8217;an\u00e0lisis: Recullen informaci\u00f3 sobre la mena de navegaci\u00f3 que est\u00e0 realitzant, les seccions que m\u00e9s utilitza, productes consultats, franja hor\u00e0ria d&#8217;\u00fas, idioma, etc.<\/li>\n<li><em>Cookies<\/em> publicit\u00e0ries: Mostren publicitat en funci\u00f3 de la seua navegaci\u00f3, el seu pa\u00eds de proced\u00e8ncia, idioma, etc.<\/li>\n<\/ul>\n<h2>Qu\u00e8 s\u00f3n les <em>cookies<\/em> pr\u00f2pies i les de tercers?<\/h2>\n<p>Les <em>cookies pr\u00f2pies<\/em> s\u00f3n les generades per la p\u00e0gina que est\u00e0 visitant i les <em>de tercers<\/em> s\u00f3n les generades per serveis o prove\u00efdors externs com Facebook, Twitter, Google, etc.<\/p>\n<h2>Qu\u00e8 ocorre si desactive les <em>cookies<\/em>?<\/h2>\n<p>Perqu\u00e8 entenga l&#8217;abast que pot tindre desactivar les <em>cookies<\/em> li vam mostrar uns exemples:<\/p>\n<ul>\n<li>No podr\u00e0 compartir continguts d&#8217;aqueixa web en Facebook, Twitter o qualsevol altra xarxa social.<\/li>\n<li>El lloc web no podr\u00e0 adaptar els continguts a les seues prefer\u00e8ncies personals, com sol oc\u00f3rrer a les botigues online.<\/li>\n<li>No podr\u00e0 accedir a l&#8217;\u00e0rea personal d&#8217;aqueixa web, com per exemple <em>El meu compte<\/em>, o <em>El meu perfil<\/em> o <em>Les meues comandes<\/em>.<\/li>\n<li>Botigues online: Li ser\u00e0 impossible realitzar compres online, hauran de ser telef\u00f2niques o visitant la botiga f\u00edsica si \u00e9s que disposa d&#8217;ella.<\/li>\n<li>No ser\u00e0 possible personalitzar les seues prefer\u00e8ncies geogr\u00e0fiques com a franja hor\u00e0ria, divisa o idioma.<\/li>\n<li>El lloc web no podr\u00e0 realitzar anal\u00edtiques web sobre visitants i tr\u00e0nsit en la web, la qual cosa dificultar\u00e0 que la web siga competitiva.<\/li>\n<li>No podr\u00e0 escriure en el blog, no podr\u00e0 pujar fotos, publicar comentaris, valorar o puntuar continguts. La web tampoc podr\u00e0 saber si vost\u00e9 \u00e9s un hum\u00e0 o una aplicaci\u00f3 automatitzada que publica <em>spam<\/em>.<\/li>\n<li>No es podr\u00e0 mostrar publicitat sectoritzada, la qual cosa reduir\u00e0 els ingressos publicitaris de la web.<\/li>\n<li>Totes les xarxes socials usen <em>cookies<\/em>, si les desactiva no podr\u00e0 utilitzar cap xarxa social.<\/li>\n<\/ul>\n<h2>Es poden eliminar les <em>cookies<\/em>?<\/h2>\n<p>S\u00ed. No sols eliminar, tamb\u00e9 bloquejar, de manera general o particular per a un domini espec\u00edfic.<\/p>\n<p>Per a eliminar les <em>cookies<\/em> d&#8217;un lloc web ha d&#8217;anar a la configuraci\u00f3 del seu navegador i all\u00ed podr\u00e0 buscar les associades al domini en q\u00fcesti\u00f3 i conducta a la seua eliminaci\u00f3.<\/p>\n<h2 id=\"navegadores\">Configuraci\u00f3 de <em>cookies<\/em> per als navegadors m\u00e9s populars<\/h2>\n<p>A continuaci\u00f3 li indiquem com accedir a una <em>cookie<\/em> determinada del navegador <b>Chrome<\/b>. Nota: aquests passos poden variar en funci\u00f3 de la versi\u00f3 del navegador:<\/p>\n<ol>\n<li>Vaja a Configuraci\u00f3 o Prefer\u00e8ncies mitjan\u00e7ant el men\u00fa Arxiu o b\u00e9 punxant la icona de personalitzaci\u00f3 que apareix a dalt a la dreta.<\/li>\n<li>Veur\u00e0 diferents seccions, punxe l&#8217;opci\u00f3 <em>Mostrar opcions avan\u00e7ades<\/em>.<\/li>\n<li>Vaja a <em>Privacitat<\/em>, <em>Configuraci\u00f3 de contingut<\/em>.<\/li>\n<li>Seleccione <em>Totes les cookies i les dades de llocs<\/em>.<\/li>\n<li>Apareixer\u00e0 un llistat amb totes les <em>cookies<\/em> ordenades per domini. Perqu\u00e8 li siga m\u00e9s f\u00e0cil trobar les <em>cookies<\/em> d&#8217;un determinat domini introdu\u00efsca parcial o totalment la direcci\u00f3 en el camp <em>Buscar cookies<\/em>.<\/li>\n<li>Despr\u00e9s de realitzar aquest filtre apareixeran en pantalla una o diverses l\u00ednies amb les <em>cookies<\/em> de la web sol\u00b7licitada. Ara nom\u00e9s ha de seleccionar-la i pr\u00e9mer la <em>X<\/em> per a procedir a la seua eliminaci\u00f3.<\/li>\n<\/ol>\n<p>Per a accedir a la configuraci\u00f3 de <em>cookies<\/em> del navegador <b>Internet Explorer<\/b> seguisca aquests passos (poden variar en funci\u00f3 de la versi\u00f3 del navegador):<\/p>\n<ol>\n<li>Vaja a <em>Eines<\/em>, <em>Opcions d&#8217;Internet<\/em><\/li>\n<li>Fa\u00e7a clic en <em>Privacitat<\/em>.<\/li>\n<li>Moga el bot\u00f3 lliscant fins a ajustar el nivell de privacitat que desitge.<\/li>\n<\/ol>\n<p>Per a accedir a la configuraci\u00f3 de <em>cookies<\/em> del navegador <b>Firefox<\/b> seguisca aquests passos (poden variar en funci\u00f3 de la versi\u00f3 del navegador):<\/p>\n<ol>\n<li>Vaja a <em>Opcions<\/em> o <em>Prefer\u00e8ncies<\/em> segons el seu sistema operatiu.<\/li>\n<li>Fa\u00e7a clic en <em>Privacitat<\/em>.<\/li>\n<li>En <em>Historial<\/em> trie <em>Usar una configuraci\u00f3 personalitzada per a l&#8217;historial<\/em>.<\/li>\n<li>Ara veur\u00e0 l&#8217;opci\u00f3 <em>Acceptar cookies<\/em>, pot activar-la o desactivar-la segons les seues prefer\u00e8ncies.<\/li>\n<\/ol>\n<p>Per a accedir a la configuraci\u00f3 de <em>cookies<\/em> del navegador <b>Safari per a OSX<\/b> seguisca aquests passos (poden variar en funci\u00f3 de la versi\u00f3 del navegador):<\/p>\n<ol>\n<li>Vaja a <em>Prefer\u00e8ncies<\/em>, despr\u00e9s <em>Privacitat<\/em>.<\/li>\n<li>En aquest lloc veur\u00e0 l&#8217;opci\u00f3 <em>Bloquejar cookies<\/em> perqu\u00e8 ajuste el tipus de bloqueig que desitja realitzar.<\/li>\n<\/ol>\n<p>Per a accedir a la configuraci\u00f3 de <em>cookies<\/em> del navegador <b>Safari per a iOS<\/b> seguisca aquests passos (poden variar en funci\u00f3 de la versi\u00f3 del navegador):<\/p>\n<ol>\n<li>Vaja a <em>Ajustos<\/em>, despr\u00e9s <em>Safari<\/em>.<\/li>\n<li>Vaja a <em>Privacitat i Seguretat<\/em>, veur\u00e0 l&#8217;opci\u00f3 <em>Bloquejar cookies<\/em> perqu\u00e8 ajuste el tipus de bloqueig que desitja realitzar.<\/li>\n<\/ol>\n<p>Per a accedir a la configuraci\u00f3 de <em>cookies<\/em> del navegador per a dispositius <b>Android<\/b> seguisca aquests passos (poden variar en funci\u00f3 de la versi\u00f3 del navegador):<\/p>\n<ol>\n<li>Execute el navegador i prema la tecla <em>Men\u00fa<\/em>, despr\u00e9s <em>Ajustos<\/em>.<\/li>\n<li>Vaja a <em>Seguretat i Privacitat<\/em>, veur\u00e0 l&#8217;opci\u00f3 <em>Acceptar cookies<\/em> perqu\u00e8 active o desactive la casella.<\/li>\n<\/ol>\n<p>Per a accedir a la configuraci\u00f3 de <em>cookies<\/em> del navegador per a dispositius <b>Windows Phone<\/b> seguisca aquests passos (poden variar en funci\u00f3 de la versi\u00f3 del navegador):<\/p>\n<ol>\n<li>\u00d2briga <em>Internet Explorer<\/em>, despr\u00e9s <em>M\u00e9s<\/em>, despr\u00e9s <em>Configuraci\u00f3<\/em><\/li>\n<li>Ara pot activar o desactivar la casella <em>Permetre cookies<\/em>.<\/li>\n<\/ol>\n<p>Assessor de Cookies \u00e9s un plugin creat per Carlos Doral (<a href=\"http:\/\/webartesanal.com\" target=\"_blank\" rel=\"noopener noreferrer\">webartesanal.com<\/a>)<\/p>\n","protected":false},"excerpt":{"rendered":"<p>Qu\u00e8 \u00e9s una cookie? Una cookie \u00e9s un fitxer de text inofensiu que s&#8217;emmagatzema en el seu navegador quan visita quasi qualsevol p\u00e0gina web. La utilitat de la cookie \u00e9s que la web siga capa\u00e7 de recordar la seua visita quan torne a navegar per aqueixa p\u00e0gina. Encara que molta gent no ho sap les<\/p>\n<p class=\"more-link\"><a href=\"https:\/\/www.sanbernardoalzira.com\/web\/val\/mes-informacio-sobre-les-cookies\/\" class=\"themebutton\">Leer m\u00e1s<\/a><\/p>\n","protected":false},"author":3,"featured_media":0,"parent":0,"menu_order":0,"comment_status":"closed","ping_status":"closed","template":"","meta":{"yasr_overall_rating":0,"yasr_post_is_review":"","yasr_auto_insert_disabled":"","yasr_review_type":"BlogPosting"},"yoast_head":"<!-- This site is optimized with the Yoast SEO plugin v20.13 - https:\/\/yoast.com\/wordpress\/plugins\/seo\/ -->\n<title>M\u00e9s informaci\u00f3 sobre les Cookies - Santos Patronos de Alzira Bernardo, Mar\u00eda y Gracia<\/title>\n<meta name=\"robots\" content=\"noindex, follow\" \/>\n<meta property=\"og:locale\" content=\"es_ES\" \/>\n<meta property=\"og:type\" content=\"article\" \/>\n<meta property=\"og:title\" content=\"M\u00e9s informaci\u00f3 sobre les Cookies - Santos Patronos de Alzira Bernardo, Mar\u00eda y Gracia\" \/>\n<meta property=\"og:description\" content=\"Qu\u00e8 \u00e9s una cookie? Una cookie \u00e9s un fitxer de text inofensiu que s&#8217;emmagatzema en el seu navegador quan visita quasi qualsevol p\u00e0gina web. La utilitat de la cookie \u00e9s que la web siga capa\u00e7 de recordar la seua visita quan torne a navegar per aqueixa p\u00e0gina. Encara que molta gent no ho sap lesLeer m\u00e1s\" \/>\n<meta property=\"og:url\" content=\"https:\/\/www.sanbernardoalzira.com\/web\/val\/mes-informacio-sobre-les-cookies\/\" \/>\n<meta property=\"og:site_name\" content=\"Santos Patronos de Alzira Bernardo, Mar\u00eda y Gracia\" \/>\n<meta property=\"article:publisher\" content=\"https:\/\/www.facebook.com\/SanBernardoAlzira\/\" \/>\n<meta property=\"article:modified_time\" content=\"2020-04-30T10:17:31+00:00\" \/>\n<meta property=\"og:image\" content=\"https:\/\/www.sanbernardoalzira.com\/web\/wp-content\/uploads\/2018\/07\/Santos-Patronos-Alzira.jpg\" \/>\n\t<meta property=\"og:image:width\" content=\"400\" \/>\n\t<meta property=\"og:image:height\" content=\"479\" \/>\n\t<meta property=\"og:image:type\" content=\"image\/jpeg\" \/>\n<meta name=\"twitter:card\" content=\"summary_large_image\" \/>\n<meta name=\"twitter:label1\" content=\"Tiempo de lectura\" \/>\n\t<meta name=\"twitter:data1\" content=\"5 minutos\" \/>\n<script type=\"application\/ld+json\" class=\"yoast-schema-graph\">{\"@context\":\"https:\/\/schema.org\",\"@graph\":[{\"@type\":\"WebPage\",\"@id\":\"https:\/\/www.sanbernardoalzira.com\/web\/val\/mes-informacio-sobre-les-cookies\/\",\"url\":\"https:\/\/www.sanbernardoalzira.com\/web\/val\/mes-informacio-sobre-les-cookies\/\",\"name\":\"M\u00e9s informaci\u00f3 sobre les Cookies - Santos Patronos de Alzira Bernardo, Mar\u00eda y Gracia\",\"isPartOf\":{\"@id\":\"https:\/\/www.sanbernardoalzira.com\/web\/#website\"},\"datePublished\":\"2020-04-30T10:11:20+00:00\",\"dateModified\":\"2020-04-30T10:17:31+00:00\",\"breadcrumb\":{\"@id\":\"https:\/\/www.sanbernardoalzira.com\/web\/val\/mes-informacio-sobre-les-cookies\/#breadcrumb\"},\"inLanguage\":\"es\",\"potentialAction\":[{\"@type\":\"ReadAction\",\"target\":[\"https:\/\/www.sanbernardoalzira.com\/web\/val\/mes-informacio-sobre-les-cookies\/\"]}]},{\"@type\":\"BreadcrumbList\",\"@id\":\"https:\/\/www.sanbernardoalzira.com\/web\/val\/mes-informacio-sobre-les-cookies\/#breadcrumb\",\"itemListElement\":[{\"@type\":\"ListItem\",\"position\":1,\"name\":\"Home\",\"item\":\"https:\/\/www.sanbernardoalzira.es\/web\/\"},{\"@type\":\"ListItem\",\"position\":2,\"name\":\"M\u00e9s informaci\u00f3 sobre les Cookies\"}]},{\"@type\":\"WebSite\",\"@id\":\"https:\/\/www.sanbernardoalzira.com\/web\/#website\",\"url\":\"https:\/\/www.sanbernardoalzira.com\/web\/\",\"name\":\"Santos Patronos de Alzira Bernardo, Mar\u00eda y Gracia\",\"description\":\"Pontificia Archicofrad\u00eda de los Santos Patronos de Alzira\",\"publisher\":{\"@id\":\"https:\/\/www.sanbernardoalzira.com\/web\/#organization\"},\"potentialAction\":[{\"@type\":\"SearchAction\",\"target\":{\"@type\":\"EntryPoint\",\"urlTemplate\":\"https:\/\/www.sanbernardoalzira.com\/web\/?s={search_term_string}\"},\"query-input\":\"required name=search_term_string\"}],\"inLanguage\":\"es\"},{\"@type\":\"Organization\",\"@id\":\"https:\/\/www.sanbernardoalzira.com\/web\/#organization\",\"name\":\"Archicofrad\u00eda de los Santos Patronos de Alzira\",\"url\":\"https:\/\/www.sanbernardoalzira.com\/web\/\",\"logo\":{\"@type\":\"ImageObject\",\"inLanguage\":\"es\",\"@id\":\"https:\/\/www.sanbernardoalzira.com\/web\/#\/schema\/logo\/image\/\",\"url\":\"https:\/\/www.sanbernardoalzira.com\/web\/wp-content\/uploads\/2018\/07\/logo.png\",\"contentUrl\":\"https:\/\/www.sanbernardoalzira.com\/web\/wp-content\/uploads\/2018\/07\/logo.png\",\"width\":816,\"height\":804,\"caption\":\"Archicofrad\u00eda de los Santos Patronos de Alzira\"},\"image\":{\"@id\":\"https:\/\/www.sanbernardoalzira.com\/web\/#\/schema\/logo\/image\/\"},\"sameAs\":[\"https:\/\/www.facebook.com\/SanBernardoAlzira\/\"]},false]}<\/script>\n<!-- \/ Yoast SEO plugin. -->","yoast_head_json":{"title":"M\u00e9s informaci\u00f3 sobre les Cookies - Santos Patronos de Alzira Bernardo, Mar\u00eda y Gracia","robots":{"index":"noindex","follow":"follow"},"og_locale":"es_ES","og_type":"article","og_title":"M\u00e9s informaci\u00f3 sobre les Cookies - Santos Patronos de Alzira Bernardo, Mar\u00eda y Gracia","og_description":"Qu\u00e8 \u00e9s una cookie? Una cookie \u00e9s un fitxer de text inofensiu que s&#8217;emmagatzema en el seu navegador quan visita quasi qualsevol p\u00e0gina web. La utilitat de la cookie \u00e9s que la web siga capa\u00e7 de recordar la seua visita quan torne a navegar per aqueixa p\u00e0gina. Encara que molta gent no ho sap lesLeer m\u00e1s","og_url":"https:\/\/www.sanbernardoalzira.com\/web\/val\/mes-informacio-sobre-les-cookies\/","og_site_name":"Santos Patronos de Alzira Bernardo, Mar\u00eda y Gracia","article_publisher":"https:\/\/www.facebook.com\/SanBernardoAlzira\/","article_modified_time":"2020-04-30T10:17:31+00:00","og_image":[{"width":400,"height":479,"url":"https:\/\/www.sanbernardoalzira.com\/web\/wp-content\/uploads\/2018\/07\/Santos-Patronos-Alzira.jpg","type":"image\/jpeg"}],"twitter_card":"summary_large_image","twitter_misc":{"Tiempo de lectura":"5 minutos"},"schema":{"@context":"https:\/\/schema.org","@graph":[{"@type":"WebPage","@id":"https:\/\/www.sanbernardoalzira.com\/web\/val\/mes-informacio-sobre-les-cookies\/","url":"https:\/\/www.sanbernardoalzira.com\/web\/val\/mes-informacio-sobre-les-cookies\/","name":"M\u00e9s informaci\u00f3 sobre les Cookies - Santos Patronos de Alzira Bernardo, Mar\u00eda y Gracia","isPartOf":{"@id":"https:\/\/www.sanbernardoalzira.com\/web\/#website"},"datePublished":"2020-04-30T10:11:20+00:00","dateModified":"2020-04-30T10:17:31+00:00","breadcrumb":{"@id":"https:\/\/www.sanbernardoalzira.com\/web\/val\/mes-informacio-sobre-les-cookies\/#breadcrumb"},"inLanguage":"es","potentialAction":[{"@type":"ReadAction","target":["https:\/\/www.sanbernardoalzira.com\/web\/val\/mes-informacio-sobre-les-cookies\/"]}]},{"@type":"BreadcrumbList","@id":"https:\/\/www.sanbernardoalzira.com\/web\/val\/mes-informacio-sobre-les-cookies\/#breadcrumb","itemListElement":[{"@type":"ListItem","position":1,"name":"Home","item":"https:\/\/www.sanbernardoalzira.es\/web\/"},{"@type":"ListItem","position":2,"name":"M\u00e9s informaci\u00f3 sobre les Cookies"}]},{"@type":"WebSite","@id":"https:\/\/www.sanbernardoalzira.com\/web\/#website","url":"https:\/\/www.sanbernardoalzira.com\/web\/","name":"Santos Patronos de Alzira Bernardo, Mar\u00eda y Gracia","description":"Pontificia Archicofrad\u00eda de los Santos Patronos de Alzira","publisher":{"@id":"https:\/\/www.sanbernardoalzira.com\/web\/#organization"},"potentialAction":[{"@type":"SearchAction","target":{"@type":"EntryPoint","urlTemplate":"https:\/\/www.sanbernardoalzira.com\/web\/?s={search_term_string}"},"query-input":"required name=search_term_string"}],"inLanguage":"es"},{"@type":"Organization","@id":"https:\/\/www.sanbernardoalzira.com\/web\/#organization","name":"Archicofrad\u00eda de los Santos Patronos de Alzira","url":"https:\/\/www.sanbernardoalzira.com\/web\/","logo":{"@type":"ImageObject","inLanguage":"es","@id":"https:\/\/www.sanbernardoalzira.com\/web\/#\/schema\/logo\/image\/","url":"https:\/\/www.sanbernardoalzira.com\/web\/wp-content\/uploads\/2018\/07\/logo.png","contentUrl":"https:\/\/www.sanbernardoalzira.com\/web\/wp-content\/uploads\/2018\/07\/logo.png","width":816,"height":804,"caption":"Archicofrad\u00eda de los Santos Patronos de Alzira"},"image":{"@id":"https:\/\/www.sanbernardoalzira.com\/web\/#\/schema\/logo\/image\/"},"sameAs":["https:\/\/www.facebook.com\/SanBernardoAlzira\/"]},false]}},"yasr_visitor_votes":{"stars_attributes":{"read_only":false,"span_bottom":false},"number_of_votes":0,"sum_votes":0},"_links":{"self":[{"href":"https:\/\/www.sanbernardoalzira.com\/web\/wp-json\/wp\/v2\/pages\/4660"}],"collection":[{"href":"https:\/\/www.sanbernardoalzira.com\/web\/wp-json\/wp\/v2\/pages"}],"about":[{"href":"https:\/\/www.sanbernardoalzira.com\/web\/wp-json\/wp\/v2\/types\/page"}],"author":[{"embeddable":true,"href":"https:\/\/www.sanbernardoalzira.com\/web\/wp-json\/wp\/v2\/users\/3"}],"replies":[{"embeddable":true,"href":"https:\/\/www.sanbernardoalzira.com\/web\/wp-json\/wp\/v2\/comments?post=4660"}],"version-history":[{"count":4,"href":"https:\/\/www.sanbernardoalzira.com\/web\/wp-json\/wp\/v2\/pages\/4660\/revisions"}],"predecessor-version":[{"id":4666,"href":"https:\/\/www.sanbernardoalzira.com\/web\/wp-json\/wp\/v2\/pages\/4660\/revisions\/4666"}],"wp:attachment":[{"href":"https:\/\/www.sanbernardoalzira.com\/web\/wp-json\/wp\/v2\/media?parent=4660"}],"curies":[{"name":"wp","href":"https:\/\/api.w.org\/{rel}","templated":true}]}}