{"id":4910,"date":"2021-09-26T19:44:18","date_gmt":"2021-09-26T19:44:18","guid":{"rendered":"https:\/\/www.sanbernardoalzira.es\/web\/?page_id=4910"},"modified":"2023-01-23T18:25:41","modified_gmt":"2023-01-23T18:25:41","slug":"festes-patronals-2021","status":"publish","type":"page","link":"https:\/\/www.sanbernardoalzira.com\/web\/val\/festes-patronals-2021\/","title":{"rendered":"Festes Patronals 2021"},"content":{"rendered":"\n<h2>La celebraci\u00f3 de la missa posa fi a les festes de Sant Bernat 2021<\/h2>\n<div class=\"wp-block-image\">\n\t<figure class=\"alignright\">\n\t\t<a href=\"https:\/\/www.sanbernardoalzira.com\/web\/wp-content\/uploads\/2021\/07\/cartel-sant-bernat-2021-1200.jpg\">\n\t\t<img loading=\"lazy\" decoding=\"async\" loading=\"lazy\" src=\"https:\/\/www.sanbernardoalzira.com\/web\/wp-content\/uploads\/2021\/07\/cartel-sant-bernat-2021-370.jpg\" title=\"Clicar per ampliar\" alt=\"cartel de las Fiestas Patronales Alzira 2020\" class=\"wp-image-3106\" width=\"370\" height=\"540\"><\/a>\n\t\t<figcaption style=\"text-align:center\">Cartell anunciador de les festes<\/figcaption><\/figure>\n<\/div>\n<p>El divendres passat 23 de juliol, festivitat dels Sants Patrons d&#8217;Alzira Bernat, Mar\u00eda i Gr\u00e0cia, van tindre lloc els actes principals en el seu honor. Lamentablement la situaci\u00f3 sanit\u00e0ria ocasionada pel Covid-19 va aconsellar la suspensi\u00f3 de la tradicional process\u00f3.<\/p>\n<p>A la vesprada, a les 19.30, es va celebrar l&#8217;Eucaristia a l&#8217;esgl\u00e9sia de Santa Caterina presidida per Sr.Domingo J. Galindo Mat\u00edas, rector de l&#8217;Esgl\u00e9sia de Ntra. Sra. de l&#8217;Assumpci\u00f3 de la ciutat germanada d&#8217;Onda. Va estar assistit per D.Enrique Masi\u00e1, rector de l&#8217;esgl\u00e9sia de Santa Caterina i consiliari de l&#8217;Arxiconfraria, i de la resta de rectors d&#8217;Alzira.<\/p>\n<h3>Galeria fotogr\u00e0fica<\/h3>\n<div id=\"contenedor\">\n<div class=\"gfotos\"><a href=\"https:\/\/www.sanbernardoalzira.com\/web\/wp-content\/uploads\/2021\/07\/sanbernardo-2021-07-23-01-1024.jpg\">\n<img decoding=\"async\" title=\"Clicar per ampliar\" src=\"https:\/\/www.sanbernardoalzira.com\/web\/wp-content\/uploads\/2021\/07\/sanbernardo-2021-07-23-01-380.jpg\" alt=\"Festes de Sant Bernat 2021\"><\/a><p><\/p>\n<\/div>\n<div class=\"gfotos\"><a href=\"https:\/\/www.sanbernardoalzira.com\/web\/wp-content\/uploads\/2021\/07\/sanbernardo-2021-07-23-07-1024.jpg\">\n<img decoding=\"async\" title=\"Clicar per ampliar\" src=\"https:\/\/www.sanbernardoalzira.com\/web\/wp-content\/uploads\/2021\/07\/sanbernardo-2021-07-23-07-380.jpg\" alt=\"Festes de Sant Bernat 2021\"><\/a><p><\/p>\n<\/div>\n<div class=\"gfotos\"><a href=\"https:\/\/www.sanbernardoalzira.com\/web\/wp-content\/uploads\/2021\/07\/sanbernardo-2021-07-23-03-1024.jpg\">\n<img decoding=\"async\" title=\"Clicar per ampliar\" src=\"https:\/\/www.sanbernardoalzira.com\/web\/wp-content\/uploads\/2021\/07\/sanbernardo-2021-07-23-03-380.jpg\" alt=\"Festes de Sant Bernat 2021\"><\/a><p><\/p>\n<\/div>\n<div class=\"gfotos\"><a href=\"https:\/\/www.sanbernardoalzira.com\/web\/wp-content\/uploads\/2021\/07\/sanbernardo-2021-07-23-04-1024.jpg\">\n<img decoding=\"async\" title=\"Clicar per ampliar\" src=\"https:\/\/www.sanbernardoalzira.com\/web\/wp-content\/uploads\/2021\/07\/sanbernardo-2021-07-23-04-380.jpg\" alt=\"Festes de Sant Bernat 2021\"><\/a><p><\/p>\n<\/div>\n<div class=\"gfotos\"><a href=\"https:\/\/www.sanbernardoalzira.com\/web\/wp-content\/uploads\/2021\/07\/sanbernardo-2021-07-23-05-1024.jpg\">\n<img decoding=\"async\" title=\"Clicar per ampliar\" src=\"https:\/\/www.sanbernardoalzira.com\/web\/wp-content\/uploads\/2021\/07\/sanbernardo-2021-07-23-05-380.jpg\" alt=\"Festes de Sant Bernat 2021\"><\/a><p><\/p>\n<\/div>\n<div class=\"gfotos\"><a href=\"https:\/\/www.sanbernardoalzira.com\/web\/wp-content\/uploads\/2021\/07\/sanbernardo-2021-07-23-06-1024.jpg\">\n<img decoding=\"async\" title=\"Clicar per ampliar\" src=\"https:\/\/www.sanbernardoalzira.com\/web\/wp-content\/uploads\/2021\/07\/sanbernardo-2021-07-23-06-380.jpg\" alt=\"Festes de Sant Bernat 2021\"><\/a><p><\/p>\n<\/div>\n<div class=\"gfotos\"><a href=\"https:\/\/www.sanbernardoalzira.com\/web\/wp-content\/uploads\/2021\/07\/sanbernardo-2021-07-23-02-1024.jpg\">\n<img decoding=\"async\" title=\"Clicar per ampliar\" src=\"https:\/\/www.sanbernardoalzira.com\/web\/wp-content\/uploads\/2021\/07\/sanbernardo-2021-07-23-02-380.jpg\" alt=\"Festes de Sant Bernat 2021\"><\/a><p><\/p>\n<\/div>\n<div class=\"gfotos\"><a href=\"https:\/\/www.sanbernardoalzira.com\/web\/wp-content\/uploads\/2021\/07\/sanbernardo-2021-07-23-08-1024.jpg\">\n<img decoding=\"async\" title=\"Clicar per ampliar\" src=\"https:\/\/www.sanbernardoalzira.com\/web\/wp-content\/uploads\/2021\/07\/sanbernardo-2021-07-23-08-380.jpg\" alt=\"Festes de Sant Bernat 2021\"><\/a><p><\/p>\n<\/div>\n<div class=\"gfotos\"><a href=\"https:\/\/www.sanbernardoalzira.com\/web\/wp-content\/uploads\/2021\/07\/sanbernardo-2021-07-23-09-1024.jpg\">\n<img decoding=\"async\" title=\"Clicar per ampliar\" src=\"https:\/\/www.sanbernardoalzira.com\/web\/wp-content\/uploads\/2021\/07\/sanbernardo-2021-07-23-09-380.jpg\" alt=\"Festes de Sant Bernat 2021\"><\/a><p><\/p>\n<\/div>\n<div class=\"gfotos\"><a href=\"https:\/\/www.sanbernardoalzira.com\/web\/wp-content\/uploads\/2021\/07\/sanbernardo-2021-07-23-10-1024.jpg\">\n<img decoding=\"async\" title=\"Clicar per ampliar\" src=\"https:\/\/www.sanbernardoalzira.com\/web\/wp-content\/uploads\/2021\/07\/sanbernardo-2021-07-23-10-380.jpg\" alt=\"Festes de Sant Bernat 2021\"><\/a><p><\/p>\n<\/div>\n<div class=\"gfotos\"><a href=\"https:\/\/www.sanbernardoalzira.com\/web\/wp-content\/uploads\/2021\/07\/sanbernardo-2021-07-23-11-1024.jpg\">\n<img decoding=\"async\" title=\"Clicar per ampliar\" src=\"https:\/\/www.sanbernardoalzira.com\/web\/wp-content\/uploads\/2021\/07\/sanbernardo-2021-07-23-11-380.jpg\" alt=\"Festes de Sant Bernat 2021\"><\/a><p><\/p>\n<\/div>\n<div class=\"gfotos\"><a href=\"https:\/\/www.sanbernardoalzira.com\/web\/wp-content\/uploads\/2021\/07\/sanbernardo-2021-07-23-12-1024.jpg\">\n<img decoding=\"async\" title=\"Clicar per ampliar\" src=\"https:\/\/www.sanbernardoalzira.com\/web\/wp-content\/uploads\/2021\/07\/sanbernardo-2021-07-23-12-380.jpg\" alt=\"Festes de Sant Bernat 2021\"><\/a><p><\/p>\n<\/div>\n<div class=\"gfotos\"><a href=\"https:\/\/www.sanbernardoalzira.com\/web\/wp-content\/uploads\/2021\/07\/sanbernardo-2021-07-23-17-1024.jpg\">\n<img decoding=\"async\" title=\"Clicar per ampliar\" src=\"https:\/\/www.sanbernardoalzira.com\/web\/wp-content\/uploads\/2021\/07\/sanbernardo-2021-07-23-17-380.jpg\" alt=\"Festes de Sant Bernat 2021\"><\/a><p><\/p>\n<\/div>\n<div class=\"gfotos\"><a href=\"https:\/\/www.sanbernardoalzira.com\/web\/wp-content\/uploads\/2021\/07\/sanbernardo-2021-07-23-14-1024.jpg\">\n<img decoding=\"async\" title=\"Clicar per ampliar\" src=\"https:\/\/www.sanbernardoalzira.com\/web\/wp-content\/uploads\/2021\/07\/sanbernardo-2021-07-23-14-380.jpg\" alt=\"Festes de Sant Bernat 2021\"><\/a><p><\/p>\n<\/div>\n<div class=\"gfotos\"><a href=\"https:\/\/www.sanbernardoalzira.com\/web\/wp-content\/uploads\/2021\/07\/sanbernardo-2021-07-23-15-1024.jpg\">\n<img decoding=\"async\" title=\"Clicar per ampliar\" src=\"https:\/\/www.sanbernardoalzira.com\/web\/wp-content\/uploads\/2021\/07\/sanbernardo-2021-07-23-15-380.jpg\" alt=\"Festes de Sant Bernat 2021\"><\/a><p><\/p>\n<\/div>\n<div class=\"gfotos\"><a href=\"https:\/\/www.sanbernardoalzira.com\/web\/wp-content\/uploads\/2021\/07\/sanbernardo-2021-07-23-16-1024.jpg\">\n<img decoding=\"async\" title=\"Clicar per ampliar\" src=\"https:\/\/www.sanbernardoalzira.com\/web\/wp-content\/uploads\/2021\/07\/sanbernardo-2021-07-23-16-380.jpg\" alt=\"Festes de Sant Bernat 2021\"><\/a><p><\/p>\n<\/div>\n<div class=\"gfotos\"><a href=\"https:\/\/www.sanbernardoalzira.com\/web\/wp-content\/uploads\/2021\/07\/sanbernardo-2021-07-23-13-1024.jpg\">\n<img decoding=\"async\" title=\"Clicar per ampliar\" src=\"https:\/\/www.sanbernardoalzira.com\/web\/wp-content\/uploads\/2021\/07\/sanbernardo-2021-07-23-13-380.jpg\" alt=\"Festes de Sant Bernat 2021\"><\/a><p><\/p>\n<\/div>\n<div class=\"gfotos\"><a href=\"https:\/\/www.sanbernardoalzira.com\/web\/wp-content\/uploads\/2021\/07\/sanbernardo-2021-07-23-18-1024.jpg\">\n<img decoding=\"async\" title=\"Clicar per ampliar\" src=\"https:\/\/www.sanbernardoalzira.com\/web\/wp-content\/uploads\/2021\/07\/sanbernardo-2021-07-23-18-380.jpg\" alt=\"Festes de Sant Bernat 2021\"><\/a><p><\/p>\n<\/div>\n<div class=\"gfotos\"><a href=\"https:\/\/www.sanbernardoalzira.com\/web\/wp-content\/uploads\/2021\/07\/sanbernardo-2021-07-23-19-1024.jpg\">\n<img decoding=\"async\" title=\"Clicar per ampliar\" src=\"https:\/\/www.sanbernardoalzira.com\/web\/wp-content\/uploads\/2021\/07\/sanbernardo-2021-07-23-19-380.jpg\" alt=\"Festes de Sant Bernat 2021\"><\/a><p><\/p>\n<\/div>\n<div class=\"gfotos\"><a href=\"https:\/\/www.sanbernardoalzira.com\/web\/wp-content\/uploads\/2021\/07\/sanbernardo-2021-07-23-20-1024.jpg\">\n<img decoding=\"async\" title=\"Clicar per ampliar\" src=\"https:\/\/www.sanbernardoalzira.com\/web\/wp-content\/uploads\/2021\/07\/sanbernardo-2021-07-23-20-380.jpg\" alt=\"Festes de Sant Bernat 2021\"><\/a><p><\/p>\n<\/div>\n<div class=\"gfotos\"><a href=\"https:\/\/www.sanbernardoalzira.com\/web\/wp-content\/uploads\/2021\/07\/sanbernardo-2021-07-23-21-1024.jpg\">\n<img decoding=\"async\" title=\"Clicar per ampliar\" src=\"https:\/\/www.sanbernardoalzira.com\/web\/wp-content\/uploads\/2021\/07\/sanbernardo-2021-07-23-21-380.jpg\" alt=\"Festes de Sant Bernat 2021\"><\/a><p><\/p>\n<\/div>\n<div class=\"gfotos\"><a href=\"https:\/\/www.sanbernardoalzira.com\/web\/wp-content\/uploads\/2021\/07\/sanbernardo-2021-07-23-22-1024.jpg\">\n<img decoding=\"async\" title=\"Clicar per ampliar\" src=\"https:\/\/www.sanbernardoalzira.com\/web\/wp-content\/uploads\/2021\/07\/sanbernardo-2021-07-23-22-380.jpg\" alt=\"Festes de Sant Bernat 2021\"><\/a><p><\/p>\n<\/div>\n<div class=\"gfotos\"><a href=\"https:\/\/www.sanbernardoalzira.com\/web\/wp-content\/uploads\/2021\/07\/sanbernardo-2021-07-23-23-1024.jpg\">\n<img decoding=\"async\" title=\"Clicar per ampliar\" src=\"https:\/\/www.sanbernardoalzira.com\/web\/wp-content\/uploads\/2021\/07\/sanbernardo-2021-07-23-23-380.jpg\" alt=\"Festes de Sant Bernat 2021\"><\/a><p><\/p>\n<\/div>\n<div class=\"gfotos\"><a href=\"https:\/\/www.sanbernardoalzira.com\/web\/wp-content\/uploads\/2021\/07\/sanbernardo-2021-07-23-24-1024.jpg\">\n<img decoding=\"async\" title=\"Clicar per ampliar\" src=\"https:\/\/www.sanbernardoalzira.com\/web\/wp-content\/uploads\/2021\/07\/sanbernardo-2021-07-23-24-380.jpg\" alt=\"Festes de Sant Bernat 2021\"><\/a><p><\/p>\n<\/div>\n<div class=\"gfotos\"><a href=\"https:\/\/www.sanbernardoalzira.com\/web\/wp-content\/uploads\/2021\/07\/sanbernardo-2021-07-23-25-1024.jpg\">\n<img decoding=\"async\" title=\"Clicar per ampliar\" src=\"https:\/\/www.sanbernardoalzira.com\/web\/wp-content\/uploads\/2021\/07\/sanbernardo-2021-07-23-25-380.jpg\" alt=\"Festes de Sant Bernat 2021\"><\/a><p><\/p>\n<\/div>\n<div class=\"gfotos\"><a href=\"https:\/\/www.sanbernardoalzira.com\/web\/wp-content\/uploads\/2021\/07\/sanbernardo-2021-07-23-26-1024.jpg\">\n<img decoding=\"async\" title=\"Clicar per ampliar\" src=\"https:\/\/www.sanbernardoalzira.com\/web\/wp-content\/uploads\/2021\/07\/sanbernardo-2021-07-23-26-380.jpg\" alt=\"Festes de Sant Bernat 2021\"><\/a><p><\/p>\n<\/div>\n<div class=\"gfotos\"><a href=\"https:\/\/www.sanbernardoalzira.com\/web\/wp-content\/uploads\/2021\/07\/sanbernardo-2021-07-23-27-1024.jpg\">\n<img decoding=\"async\" title=\"Clicar per ampliar\" src=\"https:\/\/www.sanbernardoalzira.com\/web\/wp-content\/uploads\/2021\/07\/sanbernardo-2021-07-23-27-380.jpg\" alt=\"Festes de Sant Bernat 2021\"><\/a><p><\/p>\n<\/div>\n<div class=\"gfotos\"><a href=\"https:\/\/www.sanbernardoalzira.com\/web\/wp-content\/uploads\/2021\/07\/sanbernardo-2021-07-23-28-1024.jpg\">\n<img decoding=\"async\" title=\"Clicar per ampliar\" src=\"https:\/\/www.sanbernardoalzira.com\/web\/wp-content\/uploads\/2021\/07\/sanbernardo-2021-07-23-28-380.jpg\" alt=\"Festes de Sant Bernat 2021\"><\/a><p><\/p>\n<\/div>\n<div class=\"gfotos\"><a href=\"https:\/\/www.sanbernardoalzira.com\/web\/wp-content\/uploads\/2021\/07\/sanbernardo-2021-07-23-29-1024.jpg\">\n<img decoding=\"async\" title=\"Clicar per ampliar\" src=\"https:\/\/www.sanbernardoalzira.com\/web\/wp-content\/uploads\/2021\/07\/sanbernardo-2021-07-23-29-380.jpg\" alt=\"Festes de Sant Bernat 2021\"><\/a><p><\/p>\n<\/div>\n<div class=\"gfotos\"><a href=\"https:\/\/www.sanbernardoalzira.com\/web\/wp-content\/uploads\/2021\/07\/sanbernardo-2021-07-23-30-1024.jpg\">\n<img decoding=\"async\" title=\"Clicar per ampliar\" src=\"https:\/\/www.sanbernardoalzira.com\/web\/wp-content\/uploads\/2021\/07\/sanbernardo-2021-07-23-30-380.jpg\" alt=\"Festes de Sant Bernat 2021\"><\/a><p><\/p>\n<\/div>\n<div class=\"gfotos\"><a href=\"https:\/\/www.sanbernardoalzira.com\/web\/wp-content\/uploads\/2021\/07\/sanbernardo-2021-07-23-31-1024.jpg\">\n<img decoding=\"async\" title=\"Clicar per ampliar\" src=\"https:\/\/www.sanbernardoalzira.com\/web\/wp-content\/uploads\/2021\/07\/sanbernardo-2021-07-23-31-380.jpg\" alt=\"Festes de Sant Bernat 2021\"><\/a><p><\/p>\n<\/div>\n<div class=\"gfotos\"><a href=\"https:\/\/www.sanbernardoalzira.com\/web\/wp-content\/uploads\/2021\/07\/sanbernardo-2021-07-23-32-1024.jpg\">\n<img decoding=\"async\" title=\"Clicar per ampliar\" src=\"https:\/\/www.sanbernardoalzira.com\/web\/wp-content\/uploads\/2021\/07\/sanbernardo-2021-07-23-32-380.jpg\" alt=\"Festes de Sant Bernat 2021\"><\/a><p><\/p>\n<\/div>\n<div class=\"gfotos\"><a href=\"https:\/\/www.sanbernardoalzira.com\/web\/wp-content\/uploads\/2021\/07\/sanbernardo-2021-07-23-33-1024.jpg\">\n<img decoding=\"async\" title=\"Clicar per ampliar\" src=\"https:\/\/www.sanbernardoalzira.com\/web\/wp-content\/uploads\/2021\/07\/sanbernardo-2021-07-23-33-380.jpg\" alt=\"Festes de Sant Bernat 2021\"><\/a><p><\/p>\n<\/div>\n<div class=\"gfotos\"><a href=\"https:\/\/www.sanbernardoalzira.com\/web\/wp-content\/uploads\/2021\/07\/sanbernardo-2021-07-23-34-1024.jpg\">\n<img decoding=\"async\" title=\"Clicar per ampliar\" src=\"https:\/\/www.sanbernardoalzira.com\/web\/wp-content\/uploads\/2021\/07\/sanbernardo-2021-07-23-34-380.jpg\" alt=\"Festes de Sant Bernat 2021\"><\/a><p><\/p>\n<\/div>\n<div class=\"gfotos\"><a href=\"https:\/\/www.sanbernardoalzira.com\/web\/wp-content\/uploads\/2021\/07\/sanbernardo-2021-07-23-35-1024.jpg\">\n<img decoding=\"async\" title=\"Clicar per ampliar\" src=\"https:\/\/www.sanbernardoalzira.com\/web\/wp-content\/uploads\/2021\/07\/sanbernardo-2021-07-23-35-380.jpg\" alt=\"Festes de Sant Bernat 2021\"><\/a><p><\/p>\n<\/div>\n<div class=\"gfotos\"><a href=\"https:\/\/www.sanbernardoalzira.com\/web\/wp-content\/uploads\/2021\/07\/sanbernardo-2021-07-23-36-1024.jpg\">\n<img decoding=\"async\" title=\"Clicar per ampliar\" src=\"https:\/\/www.sanbernardoalzira.com\/web\/wp-content\/uploads\/2021\/07\/sanbernardo-2021-07-23-36-380.jpg\" alt=\"Festes de Sant Bernat 2021\"><\/a><p><\/p>\n<\/div>\n<\/div>\n\n<p><script type=\"application\/ld+json\">{\"@context\":\"http:\/\/schema.org\",\"@type\":\"Article\", \"author\":{\"@type\":\"Person\",\"name\":\"Alberto Palacios Tortola\"}, \"headline\": \"Festes Patronals d'Alzira 2021\", \"mainEntityOfPage\":\"https:\/\/www.sanbernardoalzira.com\/\", \"publisher\":{\"@type\":\"Organization\",\"name\":\"Pontificia Arxiconfraria dels Sants Patrons d'Alzira\", \"logo\":{\"@type\":\"ImageObject\",\"name\":\"Logo Arxiconfraria dels Sants Patrons d'Alzira\", \"url\": \"https:\/\/www.sanbernardoalzira.com\/web\/wp-content\/uploads\/2018\/logo3.jpg\"} }, \"keywords\":\"Festes de Sant Bernat Alzira, process\u00f3 de Sant Bernat\", \"temporalCoverage\":\"2021\", \"datePublished\":\"2021-07-25\",\"dateCreated\":\"2021-07-25\", \"dateModified\":\"2021-09-20\", \"inLanguage\":\"val-ES\", \"description\":\"La celebraci\u00f3 de la missa posa fi a les festes de Sant Bernat d'Alzira 2021\", \"image\":\"https:\/\/www.sanbernardoalzira.com\/web\/wp-content\/2021\/07\/cartel-sant-bernat-2021-1200.jpg\"}<\/script><\/p>\n","protected":false},"excerpt":{"rendered":"<p>El passat divendres 23 de juliol van tenir lloc els actes principals de les festes patronals d&#8217;Alzira. La solemne celebraci\u00f3 eucar\u00edstica va ser presidida per D. Domingo J. Galindo Mat\u00edas, rector de l&#8217;Esgl\u00e9sia de Ntra. Sra. de l&#8217;Assumpci\u00f3 de la ciutat agermanada d&#8217;Onda. <\/p>\n<p class=\"more-link\"><a href=\"https:\/\/www.sanbernardoalzira.com\/web\/val\/festes-patronals-2021\/\" class=\"themebutton\">Leer M\u00e1s<\/a><\/p>\n","protected":false},"author":4,"featured_media":4876,"parent":0,"menu_order":0,"comment_status":"closed","ping_status":"closed","template":"","meta":{"yasr_overall_rating":0,"yasr_post_is_review":"","yasr_auto_insert_disabled":"","yasr_review_type":""},"yoast_head":"<!-- This site is optimized with the Yoast SEO plugin v20.13 - https:\/\/yoast.com\/wordpress\/plugins\/seo\/ -->\n<title>Festes Patronals 2021 - Santos Patronos de Alzira Bernardo, Mar\u00eda y Gracia<\/title>\n<meta name=\"description\" content=\"El 23 de juliol, en les festes d&#039;Alzira en honor a Sant Bernat, es va celebrar l&#039;Eucarist\u00eda presidida per D. Domingo J. Galindo Mat\u00edas.\" \/>\n<meta name=\"robots\" content=\"index, follow, max-snippet:-1, max-image-preview:large, max-video-preview:-1\" \/>\n<link rel=\"canonical\" href=\"https:\/\/www.sanbernardoalzira.com\/web\/val\/festes-patronals-2021\/\" \/>\n<meta property=\"og:locale\" content=\"es_ES\" \/>\n<meta property=\"og:type\" content=\"article\" \/>\n<meta property=\"og:title\" content=\"Festes Patronals 2021 - Santos Patronos de Alzira Bernardo, Mar\u00eda y Gracia\" \/>\n<meta property=\"og:description\" content=\"El 23 de juliol, en les festes d&#039;Alzira en honor a Sant Bernat, es va celebrar l&#039;Eucarist\u00eda presidida per D. Domingo J. Galindo Mat\u00edas.\" \/>\n<meta property=\"og:url\" content=\"https:\/\/www.sanbernardoalzira.com\/web\/val\/festes-patronals-2021\/\" \/>\n<meta property=\"og:site_name\" content=\"Santos Patronos de Alzira Bernardo, Mar\u00eda y Gracia\" \/>\n<meta property=\"article:publisher\" content=\"https:\/\/www.facebook.com\/SanBernardoAlzira\/\" \/>\n<meta property=\"article:modified_time\" content=\"2023-01-23T18:25:41+00:00\" \/>\n<meta property=\"og:image\" content=\"https:\/\/www.sanbernardoalzira.com\/web\/wp-content\/uploads\/2021\/09\/fiestas-san-bernardo-2021a.jpg\" \/>\n\t<meta property=\"og:image:width\" content=\"400\" \/>\n\t<meta property=\"og:image:height\" content=\"300\" \/>\n\t<meta property=\"og:image:type\" content=\"image\/jpeg\" \/>\n<meta name=\"twitter:card\" content=\"summary_large_image\" \/>\n<meta name=\"twitter:label1\" content=\"Tiempo de lectura\" \/>\n\t<meta name=\"twitter:data1\" content=\"9 minutos\" \/>\n<script type=\"application\/ld+json\" class=\"yoast-schema-graph\">{\"@context\":\"https:\/\/schema.org\",\"@graph\":[{\"@type\":\"WebPage\",\"@id\":\"https:\/\/www.sanbernardoalzira.com\/web\/val\/festes-patronals-2021\/\",\"url\":\"https:\/\/www.sanbernardoalzira.com\/web\/val\/festes-patronals-2021\/\",\"name\":\"Festes Patronals 2021 - Santos Patronos de Alzira Bernardo, Mar\u00eda y Gracia\",\"isPartOf\":{\"@id\":\"https:\/\/www.sanbernardoalzira.com\/web\/#website\"},\"datePublished\":\"2021-09-26T19:44:18+00:00\",\"dateModified\":\"2023-01-23T18:25:41+00:00\",\"description\":\"El 23 de juliol, en les festes d'Alzira en honor a Sant Bernat, es va celebrar l'Eucarist\u00eda presidida per D. Domingo J. Galindo Mat\u00edas.\",\"breadcrumb\":{\"@id\":\"https:\/\/www.sanbernardoalzira.com\/web\/val\/festes-patronals-2021\/#breadcrumb\"},\"inLanguage\":\"es\",\"potentialAction\":[{\"@type\":\"ReadAction\",\"target\":[\"https:\/\/www.sanbernardoalzira.com\/web\/val\/festes-patronals-2021\/\"]}]},{\"@type\":\"BreadcrumbList\",\"@id\":\"https:\/\/www.sanbernardoalzira.com\/web\/val\/festes-patronals-2021\/#breadcrumb\",\"itemListElement\":[{\"@type\":\"ListItem\",\"position\":1,\"name\":\"Home\",\"item\":\"https:\/\/www.sanbernardoalzira.es\/web\/\"},{\"@type\":\"ListItem\",\"position\":2,\"name\":\"Festes Patronals 2021\"}]},{\"@type\":\"WebSite\",\"@id\":\"https:\/\/www.sanbernardoalzira.com\/web\/#website\",\"url\":\"https:\/\/www.sanbernardoalzira.com\/web\/\",\"name\":\"Santos Patronos de Alzira Bernardo, Mar\u00eda y Gracia\",\"description\":\"Pontificia Archicofrad\u00eda de los Santos Patronos de Alzira\",\"publisher\":{\"@id\":\"https:\/\/www.sanbernardoalzira.com\/web\/#organization\"},\"potentialAction\":[{\"@type\":\"SearchAction\",\"target\":{\"@type\":\"EntryPoint\",\"urlTemplate\":\"https:\/\/www.sanbernardoalzira.com\/web\/?s={search_term_string}\"},\"query-input\":\"required name=search_term_string\"}],\"inLanguage\":\"es\"},{\"@type\":\"Organization\",\"@id\":\"https:\/\/www.sanbernardoalzira.com\/web\/#organization\",\"name\":\"Archicofrad\u00eda de los Santos Patronos de Alzira\",\"url\":\"https:\/\/www.sanbernardoalzira.com\/web\/\",\"logo\":{\"@type\":\"ImageObject\",\"inLanguage\":\"es\",\"@id\":\"https:\/\/www.sanbernardoalzira.com\/web\/#\/schema\/logo\/image\/\",\"url\":\"https:\/\/www.sanbernardoalzira.com\/web\/wp-content\/uploads\/2018\/07\/logo.png\",\"contentUrl\":\"https:\/\/www.sanbernardoalzira.com\/web\/wp-content\/uploads\/2018\/07\/logo.png\",\"width\":816,\"height\":804,\"caption\":\"Archicofrad\u00eda de los Santos Patronos de Alzira\"},\"image\":{\"@id\":\"https:\/\/www.sanbernardoalzira.com\/web\/#\/schema\/logo\/image\/\"},\"sameAs\":[\"https:\/\/www.facebook.com\/SanBernardoAlzira\/\"]},false]}<\/script>\n<!-- \/ Yoast SEO plugin. -->","yoast_head_json":{"title":"Festes Patronals 2021 - Santos Patronos de Alzira Bernardo, Mar\u00eda y Gracia","description":"El 23 de juliol, en les festes d'Alzira en honor a Sant Bernat, es va celebrar l'Eucarist\u00eda presidida per D. Domingo J. Galindo Mat\u00edas.","robots":{"index":"index","follow":"follow","max-snippet":"max-snippet:-1","max-image-preview":"max-image-preview:large","max-video-preview":"max-video-preview:-1"},"canonical":"https:\/\/www.sanbernardoalzira.com\/web\/val\/festes-patronals-2021\/","og_locale":"es_ES","og_type":"article","og_title":"Festes Patronals 2021 - Santos Patronos de Alzira Bernardo, Mar\u00eda y Gracia","og_description":"El 23 de juliol, en les festes d'Alzira en honor a Sant Bernat, es va celebrar l'Eucarist\u00eda presidida per D. Domingo J. Galindo Mat\u00edas.","og_url":"https:\/\/www.sanbernardoalzira.com\/web\/val\/festes-patronals-2021\/","og_site_name":"Santos Patronos de Alzira Bernardo, Mar\u00eda y Gracia","article_publisher":"https:\/\/www.facebook.com\/SanBernardoAlzira\/","article_modified_time":"2023-01-23T18:25:41+00:00","og_image":[{"width":400,"height":300,"url":"https:\/\/www.sanbernardoalzira.com\/web\/wp-content\/uploads\/2021\/09\/fiestas-san-bernardo-2021a.jpg","type":"image\/jpeg"}],"twitter_card":"summary_large_image","twitter_misc":{"Tiempo de lectura":"9 minutos"},"schema":{"@context":"https:\/\/schema.org","@graph":[{"@type":"WebPage","@id":"https:\/\/www.sanbernardoalzira.com\/web\/val\/festes-patronals-2021\/","url":"https:\/\/www.sanbernardoalzira.com\/web\/val\/festes-patronals-2021\/","name":"Festes Patronals 2021 - Santos Patronos de Alzira Bernardo, Mar\u00eda y Gracia","isPartOf":{"@id":"https:\/\/www.sanbernardoalzira.com\/web\/#website"},"datePublished":"2021-09-26T19:44:18+00:00","dateModified":"2023-01-23T18:25:41+00:00","description":"El 23 de juliol, en les festes d'Alzira en honor a Sant Bernat, es va celebrar l'Eucarist\u00eda presidida per D. Domingo J. Galindo Mat\u00edas.","breadcrumb":{"@id":"https:\/\/www.sanbernardoalzira.com\/web\/val\/festes-patronals-2021\/#breadcrumb"},"inLanguage":"es","potentialAction":[{"@type":"ReadAction","target":["https:\/\/www.sanbernardoalzira.com\/web\/val\/festes-patronals-2021\/"]}]},{"@type":"BreadcrumbList","@id":"https:\/\/www.sanbernardoalzira.com\/web\/val\/festes-patronals-2021\/#breadcrumb","itemListElement":[{"@type":"ListItem","position":1,"name":"Home","item":"https:\/\/www.sanbernardoalzira.es\/web\/"},{"@type":"ListItem","position":2,"name":"Festes Patronals 2021"}]},{"@type":"WebSite","@id":"https:\/\/www.sanbernardoalzira.com\/web\/#website","url":"https:\/\/www.sanbernardoalzira.com\/web\/","name":"Santos Patronos de Alzira Bernardo, Mar\u00eda y Gracia","description":"Pontificia Archicofrad\u00eda de los Santos Patronos de Alzira","publisher":{"@id":"https:\/\/www.sanbernardoalzira.com\/web\/#organization"},"potentialAction":[{"@type":"SearchAction","target":{"@type":"EntryPoint","urlTemplate":"https:\/\/www.sanbernardoalzira.com\/web\/?s={search_term_string}"},"query-input":"required name=search_term_string"}],"inLanguage":"es"},{"@type":"Organization","@id":"https:\/\/www.sanbernardoalzira.com\/web\/#organization","name":"Archicofrad\u00eda de los Santos Patronos de Alzira","url":"https:\/\/www.sanbernardoalzira.com\/web\/","logo":{"@type":"ImageObject","inLanguage":"es","@id":"https:\/\/www.sanbernardoalzira.com\/web\/#\/schema\/logo\/image\/","url":"https:\/\/www.sanbernardoalzira.com\/web\/wp-content\/uploads\/2018\/07\/logo.png","contentUrl":"https:\/\/www.sanbernardoalzira.com\/web\/wp-content\/uploads\/2018\/07\/logo.png","width":816,"height":804,"caption":"Archicofrad\u00eda de los Santos Patronos de Alzira"},"image":{"@id":"https:\/\/www.sanbernardoalzira.com\/web\/#\/schema\/logo\/image\/"},"sameAs":["https:\/\/www.facebook.com\/SanBernardoAlzira\/"]},false]}},"yasr_visitor_votes":{"stars_attributes":{"read_only":false,"span_bottom":false},"number_of_votes":0,"sum_votes":0},"_links":{"self":[{"href":"https:\/\/www.sanbernardoalzira.com\/web\/wp-json\/wp\/v2\/pages\/4910"}],"collection":[{"href":"https:\/\/www.sanbernardoalzira.com\/web\/wp-json\/wp\/v2\/pages"}],"about":[{"href":"https:\/\/www.sanbernardoalzira.com\/web\/wp-json\/wp\/v2\/types\/page"}],"author":[{"embeddable":true,"href":"https:\/\/www.sanbernardoalzira.com\/web\/wp-json\/wp\/v2\/users\/4"}],"replies":[{"embeddable":true,"href":"https:\/\/www.sanbernardoalzira.com\/web\/wp-json\/wp\/v2\/comments?post=4910"}],"version-history":[{"count":2,"href":"https:\/\/www.sanbernardoalzira.com\/web\/wp-json\/wp\/v2\/pages\/4910\/revisions"}],"predecessor-version":[{"id":5088,"href":"https:\/\/www.sanbernardoalzira.com\/web\/wp-json\/wp\/v2\/pages\/4910\/revisions\/5088"}],"wp:featuredmedia":[{"embeddable":true,"href":"https:\/\/www.sanbernardoalzira.com\/web\/wp-json\/wp\/v2\/media\/4876"}],"wp:attachment":[{"href":"https:\/\/www.sanbernardoalzira.com\/web\/wp-json\/wp\/v2\/media?parent=4910"}],"curies":[{"name":"wp","href":"https:\/\/api.w.org\/{rel}","templated":true}]}}