{"id":50,"date":"2018-07-05T14:07:33","date_gmt":"2018-07-05T14:07:33","guid":{"rendered":"http:\/\/localhost\/sb\/?page_id=50"},"modified":"2023-01-22T23:28:41","modified_gmt":"2023-01-22T23:28:41","slug":"iglesia-de-santa-eulalia-en-italia","status":"publish","type":"page","link":"https:\/\/www.sanbernardoalzira.com\/web\/iglesia-de-santa-eulalia-en-italia\/","title":{"rendered":"Iglesia de Santa Eulalia en Italia"},"content":{"rendered":"\n<center><h2>Chiesa Matrice di Santa Eulalia (Treviso &#8211; Italia)<\/h2><\/center>\n<p>Aunque nos parezca mentira, a nuestro patr\u00f3n tambi\u00e9n le rinden culto en un pueblo del norte de Italia, hablamos del municipio de <b>Borso del Grappa<\/b> en la provincia de Treviso, al norte de Venecia. All\u00ed en el camino de acceso a la preciosa <strong>iglesia de Santa Eulalia<\/strong> encontramos una estatua de \u00ab<i>San Bernardo di Alzira (o Poblet) Martire<\/i> \u00bb. Pero lo mejor ser\u00e1 que lo cuente Don Manuel Fabris, parroco de dicha iglesia y autor del libro publicado en 2016 \u00ab<a href=\"https:\/\/www.sanbernardoalzira.com\/web\/libros\/la-chiesa-matrice-di-santa-eulalia-di-merida\/\"><b>La Chiesa Matrice di Santa Eulalia di M\u00e9rida V.M.<\/b><\/a>\u00bb, quien en 2015 escribi\u00f3 el siguiente art\u00edculo que se incluy\u00f3 en el anuario de ese a\u00f1o de la Archicofrad\u00eda:<\/p>\n<div style=\"background-color: #dcccff; padding: 0.5em 1em;\">\n<div id=\"attachment_54\" style=\"width: 310px\" class=\"wp-caption alignright\"><a href=\"https:\/\/www.sanbernardoalzira.com\/web\/wp-content\/uploads\/2018\/07\/chiesa_di_santeulalia-600.jpg\"><img aria-describedby=\"caption-attachment-54\" decoding=\"async\" class=\"size-full wp-image-54\" src=\"https:\/\/www.sanbernardoalzira.com\/web\/wp-content\/uploads\/2018\/07\/chiesa_di_santeulalia-400.jpg\" alt=\"Iglesia de Santa Eulalia (Treviso-ITALIA)\" width=\"300\" height=\"142\"><\/a><p id=\"caption-attachment-54\" class=\"wp-caption-text\">Iglesia de Santa Eulalia.<br>La estatua a la izquierda del camino es la de San Bernardo<\/p><\/div>\n<p>Para muchas personas o turistas la estatua de San Bernardo es confundida por San Domingo de Guzm\u00e1n, tal vez por la figura del perro que se encuentra a sus pies\u2026 pero se trata de otro santo que no tuvo dudas en ofrecer su vida por la fe en Cristo: Bernardo de Alcira, m\u00e1rtir de la fe en el periodo de la dominaci\u00f3n \u00e1rabe en Espa\u00f1a.<\/p>\n<p>Quien escribe es don Manuel Fabris, p\u00e1rroco de una peque\u00f1a parroquia en la regi\u00f3n del Veneto, en el norte de Italia, que se encuentra entre el verde de las colinas del vino <i>Prosecco<\/i> a los pies de los Alpes. Una ciudad que lleva el nombre de otra grande santa espa\u00f1ola: Santa Eulalia.<\/p>\n<p>En este antiguo centro de origen pre-romano que vio su m\u00e1ximo desarrollo urbano y administrativo durante la \u00e9poca del imperio de Roma, surge la m\u00e1s antigua Iglesia de la zona (Iglesia Matriz de 12 parroquias dependientes) que cuenta con m\u00e1s de 1400 a\u00f1os de historia y de una particularidad: en su territorio se veneran un gran n\u00famero de santos espa\u00f1oles, que constituyen un \u00abunicum\u00bb en el norte de la pen\u00ednsula italiana.<\/p>\n<p>El verano pasado ordenando el archivo parroquial, me vino entre las manos un peque\u00f1o libro que conten\u00eda un Triduo a San Bernardo de Poblet m\u00e1rtir, escrito en 1916 por Don Sante Piva, Arcipreste de Santa Eulalia en el periodo de la Primera Guerra Mundial.<\/p>\n<p>Esto hizo que se encendiera en m\u00ed el deseo de conocer mejor este santo, celebrado en la parroquia cada a\u00f1o el 21 de agosto, pero tal vez recordado s\u00f3lo por los m\u00e1s ancianos de la localidad.<\/p>\n<p>Por lo cual en octubre del a\u00f1o pasado fui en Espa\u00f1a en busca de informaciones sobre estas figuras de santidad en vista de una publicaci\u00f3n que se imprimir\u00e1 en ocasi\u00f3n del bicentenario de la consagraci\u00f3n de la \u00faltima Iglesia Matriz (la tercera en orden de construcci\u00f3n) el pr\u00f3ximo a\u00f1o 2016.<\/p>\n<p><strong>La pregunta que me llev\u00f3 a vuestra ciudad de Alcira fue: \u00bfC\u00f3mo lleg\u00f3 el culto de san Bernardo entre nosotros?<\/strong><\/p>\n<p>Su veneraci\u00f3n fue introducida en nuestra comunidad por un sacerdote espa\u00f1ol de nombre <a href=\"https:\/\/www.sanbernardoalzira.com\/web\/historia\/devocion-san-bernardo-en-italia\/\"><b>Don Carlos Rodr\u00edguez<\/b><\/a> que fue Arcipreste de Santa Eulalia en el siglo XVII por m\u00e1s de 40 a\u00f1os.<\/p>\n<p>Don Sante Piva, en el libro antes citado, hace referencia de algunos manuscritos que desafortunadamente el Archivo ya no conserva; los cuales citan este Santo y de su relaci\u00f3n con Don Rodr\u00edguez.<\/p>\n<p>De hecho es importante notar una singular coincidencia: Don Rodr\u00edguez tuvo su formaci\u00f3n en uno de los m\u00e1s prestigiosos monasterios de Catalu\u00f1a: el monasterio cisterciense de S. Mar\u00eda de Poblet, el mismo que acogi\u00f3 a San Bernardo como monje y en el cual su culto es celebrado con rito propio.<\/p>\n<p>Nada nos impide de pensar que Don Rodr\u00edguez trajo consigo, desde el tiempo de su formaci\u00f3n, la veneraci\u00f3n a este santo, visto que ejerciera su ministerio en territorio veneciano y ,como bien sabemos, Venecia (unida a la flota espa\u00f1ola) tuvo un rol determinante en la batalla de Lepanto del 1571, que detuvo la amenazadora invasi\u00f3n turca en Europa.<\/p>\n<p>Bernardo m\u00e1rtir desde este punto de vista representa la \u00abresistencia\u00bb de la fe cristiana en contra de aquella musulm\u00e1n, tema en auge en la sociedad veneciana del siglo XVII, tanto que en la misma ciudad de Venecia se difundi\u00f3 una manera de decir: \u00abcani ai mori\u00bb (trad. \u00abperros a los moros\u00bb). Gracias a Dios estas expresiones mediavales fueron superadas. Hay que hablar de amor, misericordia, perd\u00f3n, hermandad y respeto a la persona sin distinci\u00f3n de raza, color, ideolog\u00eda ni creencias.<\/p>\n<div id=\"attachment_55\" style=\"width: 330px\" class=\"wp-caption alignleft\"><a href=\"https:\/\/www.sanbernardoalzira.com\/web\/wp-content\/uploads\/2018\/07\/SanBernardoMartire-550.jpg\"><img aria-describedby=\"caption-attachment-55\" fetchpriority=\"high\" decoding=\"async\" class=\"size-full wp-image-55\" src=\"https:\/\/www.sanbernardoalzira.com\/web\/wp-content\/uploads\/2018\/07\/SanBernardoMartire-360.jpg\" alt=\"Estatua de San Bernardo en el exterior de la iglesia de Santa Eulalia\" width=\"320\" height=\"426\"><\/a><p id=\"caption-attachment-55\" class=\"wp-caption-text\">San Bernardo en el exterior de la iglesia de Santa Eulalia.<br>Obra del escultor Orazio Marinali. Finales del siglo XVII.<\/p><\/div>\n<p>De aqu\u00ed se entiende por lo tanto la presencia de la figura del perro en nuestra estatua: es la imagen del hermano Almanzor (el fraticida), representado en modo despreciativo a los pies de San Bernardo en la figura de un perro que ataca.<\/p>\n<p>Adem\u00e1s, Don Sante Piva nos confirma que la imagen proviene del Altar Mayor de la segunda Iglesia Matriz, que se derrumb\u00f3 a causa de un terremoto en 1697, situada ahora en la parte izquierda al externo de la Iglesia.<\/p>\n<p>En su descripci\u00f3n el Arcipreste subraya un particular singular: \u00ab<i>es representado con un clavo unido a la palma del martirio en la mano derecha, hoy brutalmente agredida por un golpe de artiller\u00eda y conservada en la can\u00f3nica <\/i>(=casa parroquial, en italiano)<i> en espera de tiempos mejores<\/i> \u00bb (estuvimos en el pleno furor de la Primera Guerra Mundial).<\/p>\n<p>Dicha mano est\u00e1 desaparecida&#8230; con otros antiguos documentos (entre los cuales los escritos aut\u00f3grafos de Don Rodr\u00edguez), tal vez a causa de los saqueos que recibi\u00f3 la parroquia tanto durante la Primera como en la Segunda Guerra Mundial. Pero el hecho que los signos sean la \u00abpalma\u00bb y el \u00abclavo\u00bb nos aseguran que se trate de San Bernardo.<\/p>\n<p>Nuestra imagen adem\u00e1s presenta otra singularidad: en la cintura lleva un \u00abrosario\u00bb&#8230; tambi\u00e9n esto podr\u00eda confundirlo con San Domingo, pero este rosario es particular. Un atento observador notar\u00e1 que el \u00abrosario\u00bb es en realidad un \u00abtasbeeh\u00bb (el rosario musulm\u00e1n breve, con 34 perlas), pero con el crucifijo. Estamos enfrente a una extraordinaria \u00abhistoria de conversi\u00f3n\u00bb tratada en im\u00e1genes: el paso de la fe musulm\u00e1n (el tasbeeh) a aquella cristiana (la cruz). Bajo la cruz encontramos una medalla que tiene escrita dos letras \u00abH\u00bb y \u00abB\u00bb; el nombre antes y despu\u00e9s de la conversi\u00f3n: <strong>H<\/strong>-amed y <strong>B<\/strong>-ernardo.<\/p>\n<p>El deseo que les hago es que pueda crecer la comuni\u00f3n espiritual tambi\u00e9n entre nuestras comunidades parroquiales, unidas por la com\u00fan devoci\u00f3n de esta figura extraordinaria de hombre y santo, actual tambi\u00e9n hoy, tiempo en el cual ser cristiano se est\u00e1 volviendo peligroso, basta s\u00f3lo pensar a cuantos de nuestros hermanos contin\u00faan a ofrecer su sangre por no traicionar a nuestro Se\u00f1or Jesucristo.<\/p>\n<p>El culto a San Bernardo, unido a aquello de la titular Santa Eulalia, ambos m\u00e1rtires de la tierra Ib\u00e9rica, hacen surgir muchas preguntas, antes que nada: \u00bfC\u00f3mo se desarroll\u00f3 el culto a estos santos entre nosotros en Italia? Es lo que buscaremos de descubrir, aunque si fuera s\u00f3lo a nivel de hip\u00f3tesis, en la publicaci\u00f3n del bicentenario.<\/p>\n<p>Mientras tanto dejamos espacio a la b\u00fasqueda y investigaci\u00f3n.<\/p>\n<p>Don Manuel Fabris.<\/p>\n<\/div>\n<div class=\"mini\"><iframe style=\"border: 0;\" src=\"https:\/\/www.google.com\/maps\/embed?pb=!1m18!1m12!1m3!1d3306.686609833396!2d11.814308968596398!3d45.81965088679889!2m3!1f0!2f0!3f0!3m2!1i1024!2i768!4f13.1!3m3!1m2!1s0x4778d957891e9d23%3A0x7844115fc2cf92ba!2sParrocchia+Pieve+di+Santa+Eulalia!5e0!3m2!1ses!2ses!4v1555923096613!5m2!1ses!2ses\" width=\"400\" height=\"300\" frameborder=\"0\" allowfullscreen=\"allowfullscreen\"><\/iframe><\/div>\n<div class=\"mediano\"><center><br><iframe style=\"border: 0;\" src=\"https:\/\/www.google.com\/maps\/embed?pb=!1m18!1m12!1m3!1d3306.686609833396!2d11.814308968596398!3d45.81965088679889!2m3!1f0!2f0!3f0!3m2!1i1024!2i768!4f13.1!3m3!1m2!1s0x4778d957891e9d23%3A0x7844115fc2cf92ba!2sParrocchia+Pieve+di+Santa+Eulalia!5e0!3m2!1ses!2ses!4v1555923096613!5m2!1ses!2ses\" width=\"600\" height=\"450\" frameborder=\"0\" allowfullscreen=\"allowfullscreen\"><\/iframe><\/center><\/div>\n<div class=\"grande\"><center><br><iframe style=\"border: 0;\" src=\"https:\/\/www.google.com\/maps\/embed?pb=!1m18!1m12!1m3!1d3306.686609833396!2d11.814308968596398!3d45.81965088679889!2m3!1f0!2f0!3f0!3m2!1i1024!2i768!4f13.1!3m3!1m2!1s0x4778d957891e9d23%3A0x7844115fc2cf92ba!2sParrocchia+Pieve+di+Santa+Eulalia!5e0!3m2!1ses!2ses!4v1555923096613!5m2!1ses!2ses\" width=\"900\" height=\"600\" frameborder=\"0\" allowfullscreen=\"allowfullscreen\"><\/iframe><\/center><\/div>\n<p> <\/p>\n<ul>Para saber m\u00e1s consultar:\n<li>El libro \u00ab<a href=\"https:\/\/www.sanbernardoalzira.com\/web\/libros\/la-chiesa-matrice-di-santa-eulalia-di-merida\/\"><b>La Chiesa Matrice di Santa Eulalia di M\u00e9rida V.M.<\/b><\/a>\u00bb de Don Manuel Fabris. 2016<\/li>\n<li>El art\u00edculo \u00ab<a href=\"https:\/\/www.sanbernardoalzira.com\/web\/noticias\/devocion-san-bernardo-en-italia\/\">Un plebano espa\u00f1ol&#8230; un santo&#8230; un culto<\/a>\u00bb de D.Manuel Fabris.<\/li>\n<li>El art\u00edculo \u00ab<a href=\"https:\/\/www.sanbernardoalzira.com\/web\/historia\/los-milagros-existen-de-verdad\/\">El milagro de San Bernardo durante la 1\u00aa Guerra Mundial<\/a>\u00bb de D.Manuel Fabris.<\/li>\n<li>Ir a <a href=\"http:\/\/santeulalia.altervista.org\/santi-compatroni.html\" target=\"_blank\" rel=\"noopener noreferrer\">SAN BERNARDO MARTIRE<\/a> en la web Parrocchia Pieve di Santa Eulalia<\/li>\n<\/ul>\n<p><script type=\"application\/ld+json\">{\"@context\":\"http:\/\/schema.org\",\"@type\":\"CatholicChurch\",\"name\":\"Chiesa di Santa Eulalia\",\"alternateName\":\"La Chiesa Matrice di Santa Eulalia di M\u00e9rida\",\"description\":\"Preciosa iglesia donde tambi\u00e9n veneran a San Bernardo. Su devoci\u00f3n fue introducida por el sacerdote espa\u00f1ol Don Carlos Rodriguez en el siglo XVII. El edificio actual tiene m\u00e1s de 200 a\u00f1os.\",\"hasMap\": \"https:\/\/goo.gl\/maps\/g8fvKj3JBVK2\",\"geo\":{\"@type\":\"GeoCoordinates\",\"latitude\":\"45.819525\",\"longitude\":\"11.817278\"},\"photo\":\"http:\/\/santeulalia.altervista.org\/alterpages\/chiesa_di_santeulalia-1520587979100.jpg\",\"url\":\"http:\/\/santeulalia.altervista.org\/index.html\",\"address\":{\"@type\":\"PostalAddress\",\"addressCountry\":\"IT\",\"addressRegion\":\"Treviso\",\"addressLocality\":\"Borso del Grappa - Santa Eulalia\",\"postalCode\":\"31030\",\"streetAddress\":\"Via Vecchia del Molinetto, 5\"},\"review\":{\"@type\":\"Review\",\"author\":{\"@type\":\"Person\",\"familyName\":\"Palacios Tortola\",\"givenName\":\"Alberto\",\"name\":\"Alberto Palacios Tortola\"},\"datePublished\":\"2018-07-05\",\"description\":\"Preciosa\",\"reviewRating\":{\"@type\":\"Rating\",\"bestRating\":\"5\",\"ratingValue\":\"5\",\"worstRating\":\"1\"}}}<\/script><\/p>\n","protected":false},"excerpt":{"rendered":"<p>Chiesa Matrice di Santa Eulalia (Treviso &#8211; Italia) Aunque nos parezca mentira, a nuestro patr\u00f3n tambi\u00e9n le rinden culto en un pueblo del norte de Italia, hablamos del municipio de Borso del Grappa en la provincia de Treviso, al norte de Venecia. All\u00ed en el camino de acceso a la preciosa iglesia de Santa Eulalia<\/p>\n<p class=\"more-link\"><a href=\"https:\/\/www.sanbernardoalzira.com\/web\/iglesia-de-santa-eulalia-en-italia\/\" class=\"themebutton\">Leer m\u00e1s<\/a><\/p>\n","protected":false},"author":3,"featured_media":531,"parent":0,"menu_order":0,"comment_status":"closed","ping_status":"closed","template":"","meta":{"yasr_overall_rating":0,"yasr_post_is_review":"","yasr_auto_insert_disabled":"","yasr_review_type":""},"yoast_head":"<!-- This site is optimized with the Yoast SEO plugin v20.13 - https:\/\/yoast.com\/wordpress\/plugins\/seo\/ -->\n<title>Iglesia de Santa Eulalia en Italia - Santos Patronos de Alzira Bernardo, Mar\u00eda y Gracia<\/title>\n<meta name=\"description\" content=\"El culto a San Bernardo de Alzira tambi\u00e9n se sigue en el pueblo de Borso del Grappa al norte de Italia, en la parroquia de Santa Eulalia.\" \/>\n<meta name=\"robots\" content=\"index, follow, max-snippet:-1, max-image-preview:large, max-video-preview:-1\" \/>\n<link rel=\"canonical\" href=\"https:\/\/www.sanbernardoalzira.com\/web\/iglesia-de-santa-eulalia-en-italia\/\" \/>\n<meta property=\"og:locale\" content=\"es_ES\" \/>\n<meta property=\"og:type\" content=\"article\" \/>\n<meta property=\"og:title\" content=\"Iglesia de Santa Eulalia en Italia - Santos Patronos de Alzira Bernardo, Mar\u00eda y Gracia\" \/>\n<meta property=\"og:description\" content=\"El culto a San Bernardo de Alzira tambi\u00e9n se sigue en el pueblo de Borso del Grappa al norte de Italia, en la parroquia de Santa Eulalia.\" \/>\n<meta property=\"og:url\" content=\"https:\/\/www.sanbernardoalzira.com\/web\/iglesia-de-santa-eulalia-en-italia\/\" \/>\n<meta property=\"og:site_name\" content=\"Santos Patronos de Alzira Bernardo, Mar\u00eda y Gracia\" \/>\n<meta property=\"article:publisher\" content=\"https:\/\/www.facebook.com\/SanBernardoAlzira\/\" \/>\n<meta property=\"article:modified_time\" content=\"2023-01-22T23:28:41+00:00\" \/>\n<meta property=\"og:image\" content=\"https:\/\/www.sanbernardoalzira.com\/web\/wp-content\/uploads\/2018\/07\/chiesa_di_santeulalia-1.jpg\" \/>\n\t<meta property=\"og:image:width\" content=\"1024\" \/>\n\t<meta property=\"og:image:height\" content=\"483\" \/>\n\t<meta property=\"og:image:type\" content=\"image\/jpeg\" \/>\n<meta name=\"twitter:card\" content=\"summary_large_image\" \/>\n<meta name=\"twitter:label1\" content=\"Tiempo de lectura\" \/>\n\t<meta name=\"twitter:data1\" content=\"7 minutos\" \/>\n<script type=\"application\/ld+json\" class=\"yoast-schema-graph\">{\"@context\":\"https:\/\/schema.org\",\"@graph\":[{\"@type\":\"WebPage\",\"@id\":\"https:\/\/www.sanbernardoalzira.com\/web\/iglesia-de-santa-eulalia-en-italia\/\",\"url\":\"https:\/\/www.sanbernardoalzira.com\/web\/iglesia-de-santa-eulalia-en-italia\/\",\"name\":\"Iglesia de Santa Eulalia en Italia - Santos Patronos de Alzira Bernardo, Mar\u00eda y Gracia\",\"isPartOf\":{\"@id\":\"https:\/\/www.sanbernardoalzira.com\/web\/#website\"},\"datePublished\":\"2018-07-05T14:07:33+00:00\",\"dateModified\":\"2023-01-22T23:28:41+00:00\",\"description\":\"El culto a San Bernardo de Alzira tambi\u00e9n se sigue en el pueblo de Borso del Grappa al norte de Italia, en la parroquia de Santa Eulalia.\",\"breadcrumb\":{\"@id\":\"https:\/\/www.sanbernardoalzira.com\/web\/iglesia-de-santa-eulalia-en-italia\/#breadcrumb\"},\"inLanguage\":\"es\",\"potentialAction\":[{\"@type\":\"ReadAction\",\"target\":[\"https:\/\/www.sanbernardoalzira.com\/web\/iglesia-de-santa-eulalia-en-italia\/\"]}]},{\"@type\":\"BreadcrumbList\",\"@id\":\"https:\/\/www.sanbernardoalzira.com\/web\/iglesia-de-santa-eulalia-en-italia\/#breadcrumb\",\"itemListElement\":[{\"@type\":\"ListItem\",\"position\":1,\"name\":\"Home\",\"item\":\"https:\/\/www.sanbernardoalzira.es\/web\/\"},{\"@type\":\"ListItem\",\"position\":2,\"name\":\"Iglesia de Santa Eulalia en Italia\"}]},{\"@type\":\"WebSite\",\"@id\":\"https:\/\/www.sanbernardoalzira.com\/web\/#website\",\"url\":\"https:\/\/www.sanbernardoalzira.com\/web\/\",\"name\":\"Santos Patronos de Alzira Bernardo, Mar\u00eda y Gracia\",\"description\":\"Pontificia Archicofrad\u00eda de los Santos Patronos de Alzira\",\"publisher\":{\"@id\":\"https:\/\/www.sanbernardoalzira.com\/web\/#organization\"},\"potentialAction\":[{\"@type\":\"SearchAction\",\"target\":{\"@type\":\"EntryPoint\",\"urlTemplate\":\"https:\/\/www.sanbernardoalzira.com\/web\/?s={search_term_string}\"},\"query-input\":\"required name=search_term_string\"}],\"inLanguage\":\"es\"},{\"@type\":\"Organization\",\"@id\":\"https:\/\/www.sanbernardoalzira.com\/web\/#organization\",\"name\":\"Archicofrad\u00eda de los Santos Patronos de Alzira\",\"url\":\"https:\/\/www.sanbernardoalzira.com\/web\/\",\"logo\":{\"@type\":\"ImageObject\",\"inLanguage\":\"es\",\"@id\":\"https:\/\/www.sanbernardoalzira.com\/web\/#\/schema\/logo\/image\/\",\"url\":\"https:\/\/www.sanbernardoalzira.com\/web\/wp-content\/uploads\/2018\/07\/logo.png\",\"contentUrl\":\"https:\/\/www.sanbernardoalzira.com\/web\/wp-content\/uploads\/2018\/07\/logo.png\",\"width\":816,\"height\":804,\"caption\":\"Archicofrad\u00eda de los Santos Patronos de Alzira\"},\"image\":{\"@id\":\"https:\/\/www.sanbernardoalzira.com\/web\/#\/schema\/logo\/image\/\"},\"sameAs\":[\"https:\/\/www.facebook.com\/SanBernardoAlzira\/\"]},false]}<\/script>\n<!-- \/ Yoast SEO plugin. -->","yoast_head_json":{"title":"Iglesia de Santa Eulalia en Italia - Santos Patronos de Alzira Bernardo, Mar\u00eda y Gracia","description":"El culto a San Bernardo de Alzira tambi\u00e9n se sigue en el pueblo de Borso del Grappa al norte de Italia, en la parroquia de Santa Eulalia.","robots":{"index":"index","follow":"follow","max-snippet":"max-snippet:-1","max-image-preview":"max-image-preview:large","max-video-preview":"max-video-preview:-1"},"canonical":"https:\/\/www.sanbernardoalzira.com\/web\/iglesia-de-santa-eulalia-en-italia\/","og_locale":"es_ES","og_type":"article","og_title":"Iglesia de Santa Eulalia en Italia - Santos Patronos de Alzira Bernardo, Mar\u00eda y Gracia","og_description":"El culto a San Bernardo de Alzira tambi\u00e9n se sigue en el pueblo de Borso del Grappa al norte de Italia, en la parroquia de Santa Eulalia.","og_url":"https:\/\/www.sanbernardoalzira.com\/web\/iglesia-de-santa-eulalia-en-italia\/","og_site_name":"Santos Patronos de Alzira Bernardo, Mar\u00eda y Gracia","article_publisher":"https:\/\/www.facebook.com\/SanBernardoAlzira\/","article_modified_time":"2023-01-22T23:28:41+00:00","og_image":[{"width":1024,"height":483,"url":"https:\/\/www.sanbernardoalzira.com\/web\/wp-content\/uploads\/2018\/07\/chiesa_di_santeulalia-1.jpg","type":"image\/jpeg"}],"twitter_card":"summary_large_image","twitter_misc":{"Tiempo de lectura":"7 minutos"},"schema":{"@context":"https:\/\/schema.org","@graph":[{"@type":"WebPage","@id":"https:\/\/www.sanbernardoalzira.com\/web\/iglesia-de-santa-eulalia-en-italia\/","url":"https:\/\/www.sanbernardoalzira.com\/web\/iglesia-de-santa-eulalia-en-italia\/","name":"Iglesia de Santa Eulalia en Italia - Santos Patronos de Alzira Bernardo, Mar\u00eda y Gracia","isPartOf":{"@id":"https:\/\/www.sanbernardoalzira.com\/web\/#website"},"datePublished":"2018-07-05T14:07:33+00:00","dateModified":"2023-01-22T23:28:41+00:00","description":"El culto a San Bernardo de Alzira tambi\u00e9n se sigue en el pueblo de Borso del Grappa al norte de Italia, en la parroquia de Santa Eulalia.","breadcrumb":{"@id":"https:\/\/www.sanbernardoalzira.com\/web\/iglesia-de-santa-eulalia-en-italia\/#breadcrumb"},"inLanguage":"es","potentialAction":[{"@type":"ReadAction","target":["https:\/\/www.sanbernardoalzira.com\/web\/iglesia-de-santa-eulalia-en-italia\/"]}]},{"@type":"BreadcrumbList","@id":"https:\/\/www.sanbernardoalzira.com\/web\/iglesia-de-santa-eulalia-en-italia\/#breadcrumb","itemListElement":[{"@type":"ListItem","position":1,"name":"Home","item":"https:\/\/www.sanbernardoalzira.es\/web\/"},{"@type":"ListItem","position":2,"name":"Iglesia de Santa Eulalia en Italia"}]},{"@type":"WebSite","@id":"https:\/\/www.sanbernardoalzira.com\/web\/#website","url":"https:\/\/www.sanbernardoalzira.com\/web\/","name":"Santos Patronos de Alzira Bernardo, Mar\u00eda y Gracia","description":"Pontificia Archicofrad\u00eda de los Santos Patronos de Alzira","publisher":{"@id":"https:\/\/www.sanbernardoalzira.com\/web\/#organization"},"potentialAction":[{"@type":"SearchAction","target":{"@type":"EntryPoint","urlTemplate":"https:\/\/www.sanbernardoalzira.com\/web\/?s={search_term_string}"},"query-input":"required name=search_term_string"}],"inLanguage":"es"},{"@type":"Organization","@id":"https:\/\/www.sanbernardoalzira.com\/web\/#organization","name":"Archicofrad\u00eda de los Santos Patronos de Alzira","url":"https:\/\/www.sanbernardoalzira.com\/web\/","logo":{"@type":"ImageObject","inLanguage":"es","@id":"https:\/\/www.sanbernardoalzira.com\/web\/#\/schema\/logo\/image\/","url":"https:\/\/www.sanbernardoalzira.com\/web\/wp-content\/uploads\/2018\/07\/logo.png","contentUrl":"https:\/\/www.sanbernardoalzira.com\/web\/wp-content\/uploads\/2018\/07\/logo.png","width":816,"height":804,"caption":"Archicofrad\u00eda de los Santos Patronos de Alzira"},"image":{"@id":"https:\/\/www.sanbernardoalzira.com\/web\/#\/schema\/logo\/image\/"},"sameAs":["https:\/\/www.facebook.com\/SanBernardoAlzira\/"]},false]}},"yasr_visitor_votes":{"stars_attributes":{"read_only":false,"span_bottom":false},"number_of_votes":0,"sum_votes":0},"_links":{"self":[{"href":"https:\/\/www.sanbernardoalzira.com\/web\/wp-json\/wp\/v2\/pages\/50"}],"collection":[{"href":"https:\/\/www.sanbernardoalzira.com\/web\/wp-json\/wp\/v2\/pages"}],"about":[{"href":"https:\/\/www.sanbernardoalzira.com\/web\/wp-json\/wp\/v2\/types\/page"}],"author":[{"embeddable":true,"href":"https:\/\/www.sanbernardoalzira.com\/web\/wp-json\/wp\/v2\/users\/3"}],"replies":[{"embeddable":true,"href":"https:\/\/www.sanbernardoalzira.com\/web\/wp-json\/wp\/v2\/comments?post=50"}],"version-history":[{"count":10,"href":"https:\/\/www.sanbernardoalzira.com\/web\/wp-json\/wp\/v2\/pages\/50\/revisions"}],"predecessor-version":[{"id":5082,"href":"https:\/\/www.sanbernardoalzira.com\/web\/wp-json\/wp\/v2\/pages\/50\/revisions\/5082"}],"wp:featuredmedia":[{"embeddable":true,"href":"https:\/\/www.sanbernardoalzira.com\/web\/wp-json\/wp\/v2\/media\/531"}],"wp:attachment":[{"href":"https:\/\/www.sanbernardoalzira.com\/web\/wp-json\/wp\/v2\/media?parent=50"}],"curies":[{"name":"wp","href":"https:\/\/api.w.org\/{rel}","templated":true}]}}