{"id":532,"date":"2018-07-14T02:12:48","date_gmt":"2018-07-14T02:12:48","guid":{"rendered":"https:\/\/www.sanbernardoalzira.es\/web\/?page_id=532"},"modified":"2025-10-06T07:57:11","modified_gmt":"2025-10-06T07:57:11","slug":"ruta-bernardina","status":"publish","type":"page","link":"https:\/\/www.sanbernardoalzira.com\/web\/ruta-bernardina\/","title":{"rendered":"Ruta Bernardina"},"content":{"rendered":"\n<h2>La ruta de San Bernardo por la comarca de la Ribera Alta<\/h2>\n\n<p>Se trata de un recorrido llano, de unos 15 km, por diversas localidades de la Ribera Alta que se inicia en la <strong>Ermita de Sant Bernat en Carlet<\/strong> y finaliza en la <strong>iglesia de Santa Catalina en Alzira<\/strong>.<\/p>\n<div id=\"attachment_34\" style=\"width: 330px\" class=\"wp-caption alignright\"><a href=\"https:\/\/www.sanbernardoalzira.com\/web\/wp-content\/uploads\/2018\/07\/Inauguracion-Ruta-2012-2-400.jpg\"><img aria-describedby=\"caption-attachment-34\" fetchpriority=\"high\" decoding=\"async\" class=\"size-full wp-image-34\" src=\"https:\/\/www.sanbernardoalzira.com\/web\/wp-content\/uploads\/2018\/07\/Inauguracion-Ruta-2012-2-400.jpg\" title=\"Clicar para ampliar\" alt=\"Diversas autoridades civiles el d\u00eda de la inauguraci\u00f3n de la ruta\" width=\"320\" height=\"220\"><\/a><p id=\"caption-attachment-34\" class=\"wp-caption-text\">Diversas autoridades civiles el d\u00eda de la inauguraci\u00f3n de la ruta<\/p><\/div>\n<p>La Ruta Bernardina se inici\u00f3 en el 2012 gracias a una iniciativa de los ayuntamientos de Alzira y Carlet y las cofrad\u00edas de los Santos Patronos de ambas ciudades. La comisi\u00f3n bernardina la forman representantes de \u00e9stas entidades junto a otras como los ayuntamientos de Benimodo, Guadassuar y l&#8217;Alcudia, la Mancomunidad de la Ribera Alta y la Fundaci\u00f3n Caixa Carlet.<\/p>\n<p>Todos los a\u00f1os, en primavera, la comisi\u00f3n bernardina organiza una nueva edici\u00f3n de esta ruta que recorre los principales lugares por donde vivieron, murieron y se les rinde culto a los santos Bernardo, Mar\u00eda y Gracia, hijos de Carlet y m\u00e1rtires de Alzira.<\/p>\n<p>Tiene, por tanto, un importante componente cultural y religioso. Normalmente se inicia a primera hora de la ma\u00f1ana en la <a href=\"https:\/\/www.sanbernardoalzira.com\/web\/ermita-de-san-bernardo-carlet\/\">Ermita de Sant Bernat en Carlet<\/a> donde, seg\u00fan la tradici\u00f3n, estaba el palacio donde nacieron los santos hermanos. La primera parte del recorrido nos lleva hasta la iglesia de la Asunci\u00f3n en Carlet. La ruta sigue por Benimodo, L&#8217;Alcudia y Guadasuar donde en la plaza del Ravalet encontramos una lapida que nos recuerda que en ese sitio San Bernardo bautiz\u00f3 a sus hermanas Zaida y Zoraida y adoptando los nuevos nombres de Mar\u00eda y Gracia.<\/p>\n<div id=\"attachment_34\" style=\"width: 330px\" class=\"wp-caption alignleft\"><img aria-describedby=\"caption-attachment-34\" decoding=\"async\" class=\"size-full wp-image-34\" src=\"https:\/\/www.sanbernardoalzira.com\/web\/wp-content\/uploads\/2018\/07\/Inauguracion-Ruta-2012-1-400.jpg\" alt=\"Momento de la inauguraci\u00f3n en 2012\" width=\"320\" height=\"220\"><p id=\"caption-attachment-34\" class=\"wp-caption-text\">Momento de la inauguraci\u00f3n en 2012<\/p><\/div>\n<p>El descanso para comer se realiza ya en el t\u00e9rmino de Alzira, a veces en la propia <a href=\"https:\/\/www.sanbernardoalzira.com\/web\/pileta-del-martiri\/\">Pileta del Martiri<\/a>. All\u00ed es donde en el a\u00f1o 1180 fueron martirizados nuestros Santos Patronos.<\/p>\n<p>A continuaci\u00f3n se emprende la marcha hacia la ciudad de Alzira hasta los <a href=\"https:\/\/www.sanbernardoalzira.com\/web\/casalicios-santos-patronos\/\">Casalicios de los Santos Patronos<\/a> sobre el desaparecido puente que cruzaba el, tambi\u00e9n desaparecido, brazo del r\u00edo J\u00facar. La ruta finaliza, a mitad de tarde, en la iglesia de Santa Catalina donde se encuentran las im\u00e1genes-relicario de los Santos Patronos.<\/p>\n<p>El apoyo institucional a la ruta bernardina se refleja claramente cuando los peregrinos y senderistas son recibidos al llegar a los distintos municipios por alguna autoridad, normalmente el alcalde. Tambi\u00e9n es habitual que alg\u00fan alcalde o concejal recorran, al menos, parte de la ruta.<\/p>\n<p>Para aquellos interesados en realizar la ruta es importante contactar con los organizadores porque la ruta no finaliza donde se inicia. As\u00ed, por un m\u00f3dico precio (en 2019 fue de tan solo 3\u20ac) se dispone de un autob\u00fas para el traslado a primera hora desde Alzira a la Ermita de Sant Bernat en Carlet o, seg\u00fan sea la opci\u00f3n elegida, al final del d\u00eda para el traslado desde Alzira a Carlet. Adem\u00e1s el precio incluye un seguro, y por si fuera poco, la organizaci\u00f3n pone un coche-escoba.<\/p>\n<div id=\"attachment_34\" style=\"width: 410px\" class=\"wp-caption alignright\"><a href=\"https:\/\/www.sanbernardoalzira.com\/web\/wp-content\/uploads\/2018\/07\/rutapileta2012.jpg\"><img aria-describedby=\"caption-attachment-34\" decoding=\"async\" class=\"size-full wp-image-34\" src=\"https:\/\/www.sanbernardoalzira.com\/web\/wp-content\/uploads\/2018\/07\/rutapileta2012-400.jpg\" title=\"Clicar para ampliar\" alt=\"Los senderistas en la Pileta del Martiri\" width=\"400\" height=\"197\"><\/a><p id=\"caption-attachment-34\" class=\"wp-caption-text\">Los senderistas en la <i>Pileta del Martiri<\/i>, a\u00f1o 2012<\/p><\/div>\n<p>Aunque siempre se pasa por los lugares de significado bernardino, no todas las ediciones siguen la misma ruta. Incluso alguna vez se ha realizado al rev\u00e9s. Es decir, con inicio en Alzira y final en la Ermita de Carlet.<\/p>\n<p>Esta ruta que recorre distintos pueblos de la comarca y buena parte de su recorrido lo hace entre campos de naranjos. Est\u00e1 homologada como sendero de corto y f\u00e1cil recorrido por la Federaci\u00f3n de Deportes de Monta\u00f1a como PR-CV 421.<\/p>\n<p>La ruta bernardina es una oportunidad para conocer un poco m\u00e1s algunos pueblos de la comarca y su historia.<\/p>\n<p>Enlace a <a href=\"https:\/\/es.wikiloc.com\/rutas-senderismo\/pr-cv-421-ruta-bernardina-carlet-alzira-6219897\" target=\"_blank\" rel=\"noopener noreferrer\">wikiloc Ruta Bernardina<\/a>.<\/p>\n<ul><li>Ver art\u00edculo \u00ab<a href=\"https:\/\/www.sanbernardoalzira.com\/web\/noticias\/ruta-bernardina-2012-edicion1\/\">I Edici\u00f3n de la Ruta Bernardina &#8211; 2012<\/a>\u00bb.<\/li>\n<li>Ver art\u00edculo \u00ab<a href=\"https:\/\/www.sanbernardoalzira.com\/web\/noticias\/ruta-bernardina-2016-edicion4\/\">IV Edici\u00f3n de la Ruta Bernardina &#8211; 2016<\/a>\u00bb.<\/li>\n<li>Ver art\u00edculo \u00ab<a href=\"https:\/\/www.sanbernardoalzira.com\/web\/noticias\/ruta-bernardina-2018-edicion6\/\">VI Edici\u00f3n de la Ruta Bernardina &#8211; 2018<\/a>\u00bb.<\/li>\n<li>Ver art\u00edculo \u00ab<a href=\"https:\/\/www.sanbernardoalzira.com\/web\/noticias\/ruta-bernardina-2019-edicion7\/\">VII Edici\u00f3n de la Ruta Bernardina &#8211; 2019<\/a>\u00bb.<\/li>\n<\/ul>\n<p>&nbsp;<\/p>\n<center><h3>Video de Canal 9 del 11\/03\/2012 sobre el inicio de la Ruta Bernardina<\/h3><\/center>\n<p>&nbsp;<\/p>\n<center><iframe src=\"https:\/\/www.youtube.com\/embed\/lq231nXvHtU?rel=0&amp;start=30\" allowfullscreen=\"allowfullscreen\" width=\"560\" height=\"315\" frameborder=\"0\"><\/iframe><\/center>\n<p>&nbsp;<\/p>\n","protected":false},"excerpt":{"rendered":"<p>La ruta de San Bernardo por la comarca de la Ribera Alta Se trata de un recorrido llano, de unos 15 km, por diversas localidades de la Ribera Alta que se inicia en la Ermita de Sant Bernat en Carlet y finaliza en la iglesia de Santa Catalina en Alzira. La Ruta Bernardina se inici\u00f3<\/p>\n<p class=\"more-link\"><a href=\"https:\/\/www.sanbernardoalzira.com\/web\/ruta-bernardina\/\" class=\"themebutton\">Leer m\u00e1s<\/a><\/p>\n","protected":false},"author":3,"featured_media":536,"parent":0,"menu_order":0,"comment_status":"closed","ping_status":"closed","template":"","meta":{"yasr_overall_rating":0,"yasr_post_is_review":"","yasr_auto_insert_disabled":"","yasr_review_type":""},"yoast_head":"<!-- This site is optimized with the Yoast SEO plugin v20.13 - https:\/\/yoast.com\/wordpress\/plugins\/seo\/ -->\n<title>Ruta Bernardina - Santos Patronos de Alzira Bernardo, Mar\u00eda y Gracia<\/title>\n<meta name=\"description\" content=\"La Ruta Bernardina se realiza todos los a\u00f1os. Empieza en la Ermita de Sant Bernat en Carlet y finaliza en la iglesia de Santa Catalina en Alzira.\" \/>\n<meta name=\"robots\" content=\"index, follow, max-snippet:-1, max-image-preview:large, max-video-preview:-1\" \/>\n<link rel=\"canonical\" href=\"https:\/\/www.sanbernardoalzira.com\/web\/ruta-bernardina\/\" \/>\n<meta property=\"og:locale\" content=\"es_ES\" \/>\n<meta property=\"og:type\" content=\"article\" \/>\n<meta property=\"og:title\" content=\"Ruta Bernardina - Santos Patronos de Alzira Bernardo, Mar\u00eda y Gracia\" \/>\n<meta property=\"og:description\" content=\"La Ruta Bernardina se realiza todos los a\u00f1os. Empieza en la Ermita de Sant Bernat en Carlet y finaliza en la iglesia de Santa Catalina en Alzira.\" \/>\n<meta property=\"og:url\" content=\"https:\/\/www.sanbernardoalzira.com\/web\/ruta-bernardina\/\" \/>\n<meta property=\"og:site_name\" content=\"Santos Patronos de Alzira Bernardo, Mar\u00eda y Gracia\" \/>\n<meta property=\"article:publisher\" content=\"https:\/\/www.facebook.com\/SanBernardoAlzira\/\" \/>\n<meta property=\"article:modified_time\" content=\"2025-10-06T07:57:11+00:00\" \/>\n<meta property=\"og:image\" content=\"https:\/\/www.sanbernardoalzira.com\/web\/wp-content\/uploads\/2018\/07\/RutaBernardina.jpg\" \/>\n\t<meta property=\"og:image:width\" content=\"491\" \/>\n\t<meta property=\"og:image:height\" content=\"199\" \/>\n\t<meta property=\"og:image:type\" content=\"image\/jpeg\" \/>\n<meta name=\"twitter:card\" content=\"summary_large_image\" \/>\n<meta name=\"twitter:label1\" content=\"Tiempo de lectura\" \/>\n\t<meta name=\"twitter:data1\" content=\"4 minutos\" \/>\n<script type=\"application\/ld+json\" class=\"yoast-schema-graph\">{\"@context\":\"https:\/\/schema.org\",\"@graph\":[{\"@type\":\"WebPage\",\"@id\":\"https:\/\/www.sanbernardoalzira.com\/web\/ruta-bernardina\/\",\"url\":\"https:\/\/www.sanbernardoalzira.com\/web\/ruta-bernardina\/\",\"name\":\"Ruta Bernardina - Santos Patronos de Alzira Bernardo, Mar\u00eda y Gracia\",\"isPartOf\":{\"@id\":\"https:\/\/www.sanbernardoalzira.com\/web\/#website\"},\"datePublished\":\"2018-07-14T02:12:48+00:00\",\"dateModified\":\"2025-10-06T07:57:11+00:00\",\"description\":\"La Ruta Bernardina se realiza todos los a\u00f1os. Empieza en la Ermita de Sant Bernat en Carlet y finaliza en la iglesia de Santa Catalina en Alzira.\",\"breadcrumb\":{\"@id\":\"https:\/\/www.sanbernardoalzira.com\/web\/ruta-bernardina\/#breadcrumb\"},\"inLanguage\":\"es\",\"potentialAction\":[{\"@type\":\"ReadAction\",\"target\":[\"https:\/\/www.sanbernardoalzira.com\/web\/ruta-bernardina\/\"]}]},{\"@type\":\"BreadcrumbList\",\"@id\":\"https:\/\/www.sanbernardoalzira.com\/web\/ruta-bernardina\/#breadcrumb\",\"itemListElement\":[{\"@type\":\"ListItem\",\"position\":1,\"name\":\"Home\",\"item\":\"https:\/\/www.sanbernardoalzira.es\/web\/\"},{\"@type\":\"ListItem\",\"position\":2,\"name\":\"Ruta Bernardina\"}]},{\"@type\":\"WebSite\",\"@id\":\"https:\/\/www.sanbernardoalzira.com\/web\/#website\",\"url\":\"https:\/\/www.sanbernardoalzira.com\/web\/\",\"name\":\"Santos Patronos de Alzira Bernardo, Mar\u00eda y Gracia\",\"description\":\"Pontificia Archicofrad\u00eda de los Santos Patronos de Alzira\",\"publisher\":{\"@id\":\"https:\/\/www.sanbernardoalzira.com\/web\/#organization\"},\"potentialAction\":[{\"@type\":\"SearchAction\",\"target\":{\"@type\":\"EntryPoint\",\"urlTemplate\":\"https:\/\/www.sanbernardoalzira.com\/web\/?s={search_term_string}\"},\"query-input\":\"required name=search_term_string\"}],\"inLanguage\":\"es\"},{\"@type\":\"Organization\",\"@id\":\"https:\/\/www.sanbernardoalzira.com\/web\/#organization\",\"name\":\"Archicofrad\u00eda de los Santos Patronos de Alzira\",\"url\":\"https:\/\/www.sanbernardoalzira.com\/web\/\",\"logo\":{\"@type\":\"ImageObject\",\"inLanguage\":\"es\",\"@id\":\"https:\/\/www.sanbernardoalzira.com\/web\/#\/schema\/logo\/image\/\",\"url\":\"https:\/\/www.sanbernardoalzira.com\/web\/wp-content\/uploads\/2018\/07\/logo.png\",\"contentUrl\":\"https:\/\/www.sanbernardoalzira.com\/web\/wp-content\/uploads\/2018\/07\/logo.png\",\"width\":816,\"height\":804,\"caption\":\"Archicofrad\u00eda de los Santos Patronos de Alzira\"},\"image\":{\"@id\":\"https:\/\/www.sanbernardoalzira.com\/web\/#\/schema\/logo\/image\/\"},\"sameAs\":[\"https:\/\/www.facebook.com\/SanBernardoAlzira\/\"]},false]}<\/script>\n<!-- \/ Yoast SEO plugin. -->","yoast_head_json":{"title":"Ruta Bernardina - Santos Patronos de Alzira Bernardo, Mar\u00eda y Gracia","description":"La Ruta Bernardina se realiza todos los a\u00f1os. Empieza en la Ermita de Sant Bernat en Carlet y finaliza en la iglesia de Santa Catalina en Alzira.","robots":{"index":"index","follow":"follow","max-snippet":"max-snippet:-1","max-image-preview":"max-image-preview:large","max-video-preview":"max-video-preview:-1"},"canonical":"https:\/\/www.sanbernardoalzira.com\/web\/ruta-bernardina\/","og_locale":"es_ES","og_type":"article","og_title":"Ruta Bernardina - Santos Patronos de Alzira Bernardo, Mar\u00eda y Gracia","og_description":"La Ruta Bernardina se realiza todos los a\u00f1os. Empieza en la Ermita de Sant Bernat en Carlet y finaliza en la iglesia de Santa Catalina en Alzira.","og_url":"https:\/\/www.sanbernardoalzira.com\/web\/ruta-bernardina\/","og_site_name":"Santos Patronos de Alzira Bernardo, Mar\u00eda y Gracia","article_publisher":"https:\/\/www.facebook.com\/SanBernardoAlzira\/","article_modified_time":"2025-10-06T07:57:11+00:00","og_image":[{"width":491,"height":199,"url":"https:\/\/www.sanbernardoalzira.com\/web\/wp-content\/uploads\/2018\/07\/RutaBernardina.jpg","type":"image\/jpeg"}],"twitter_card":"summary_large_image","twitter_misc":{"Tiempo de lectura":"4 minutos"},"schema":{"@context":"https:\/\/schema.org","@graph":[{"@type":"WebPage","@id":"https:\/\/www.sanbernardoalzira.com\/web\/ruta-bernardina\/","url":"https:\/\/www.sanbernardoalzira.com\/web\/ruta-bernardina\/","name":"Ruta Bernardina - Santos Patronos de Alzira Bernardo, Mar\u00eda y Gracia","isPartOf":{"@id":"https:\/\/www.sanbernardoalzira.com\/web\/#website"},"datePublished":"2018-07-14T02:12:48+00:00","dateModified":"2025-10-06T07:57:11+00:00","description":"La Ruta Bernardina se realiza todos los a\u00f1os. Empieza en la Ermita de Sant Bernat en Carlet y finaliza en la iglesia de Santa Catalina en Alzira.","breadcrumb":{"@id":"https:\/\/www.sanbernardoalzira.com\/web\/ruta-bernardina\/#breadcrumb"},"inLanguage":"es","potentialAction":[{"@type":"ReadAction","target":["https:\/\/www.sanbernardoalzira.com\/web\/ruta-bernardina\/"]}]},{"@type":"BreadcrumbList","@id":"https:\/\/www.sanbernardoalzira.com\/web\/ruta-bernardina\/#breadcrumb","itemListElement":[{"@type":"ListItem","position":1,"name":"Home","item":"https:\/\/www.sanbernardoalzira.es\/web\/"},{"@type":"ListItem","position":2,"name":"Ruta Bernardina"}]},{"@type":"WebSite","@id":"https:\/\/www.sanbernardoalzira.com\/web\/#website","url":"https:\/\/www.sanbernardoalzira.com\/web\/","name":"Santos Patronos de Alzira Bernardo, Mar\u00eda y Gracia","description":"Pontificia Archicofrad\u00eda de los Santos Patronos de Alzira","publisher":{"@id":"https:\/\/www.sanbernardoalzira.com\/web\/#organization"},"potentialAction":[{"@type":"SearchAction","target":{"@type":"EntryPoint","urlTemplate":"https:\/\/www.sanbernardoalzira.com\/web\/?s={search_term_string}"},"query-input":"required name=search_term_string"}],"inLanguage":"es"},{"@type":"Organization","@id":"https:\/\/www.sanbernardoalzira.com\/web\/#organization","name":"Archicofrad\u00eda de los Santos Patronos de Alzira","url":"https:\/\/www.sanbernardoalzira.com\/web\/","logo":{"@type":"ImageObject","inLanguage":"es","@id":"https:\/\/www.sanbernardoalzira.com\/web\/#\/schema\/logo\/image\/","url":"https:\/\/www.sanbernardoalzira.com\/web\/wp-content\/uploads\/2018\/07\/logo.png","contentUrl":"https:\/\/www.sanbernardoalzira.com\/web\/wp-content\/uploads\/2018\/07\/logo.png","width":816,"height":804,"caption":"Archicofrad\u00eda de los Santos Patronos de Alzira"},"image":{"@id":"https:\/\/www.sanbernardoalzira.com\/web\/#\/schema\/logo\/image\/"},"sameAs":["https:\/\/www.facebook.com\/SanBernardoAlzira\/"]},false]}},"yasr_visitor_votes":{"stars_attributes":{"read_only":false,"span_bottom":false},"number_of_votes":0,"sum_votes":0},"_links":{"self":[{"href":"https:\/\/www.sanbernardoalzira.com\/web\/wp-json\/wp\/v2\/pages\/532"}],"collection":[{"href":"https:\/\/www.sanbernardoalzira.com\/web\/wp-json\/wp\/v2\/pages"}],"about":[{"href":"https:\/\/www.sanbernardoalzira.com\/web\/wp-json\/wp\/v2\/types\/page"}],"author":[{"embeddable":true,"href":"https:\/\/www.sanbernardoalzira.com\/web\/wp-json\/wp\/v2\/users\/3"}],"replies":[{"embeddable":true,"href":"https:\/\/www.sanbernardoalzira.com\/web\/wp-json\/wp\/v2\/comments?post=532"}],"version-history":[{"count":10,"href":"https:\/\/www.sanbernardoalzira.com\/web\/wp-json\/wp\/v2\/pages\/532\/revisions"}],"predecessor-version":[{"id":5251,"href":"https:\/\/www.sanbernardoalzira.com\/web\/wp-json\/wp\/v2\/pages\/532\/revisions\/5251"}],"wp:featuredmedia":[{"embeddable":true,"href":"https:\/\/www.sanbernardoalzira.com\/web\/wp-json\/wp\/v2\/media\/536"}],"wp:attachment":[{"href":"https:\/\/www.sanbernardoalzira.com\/web\/wp-json\/wp\/v2\/media?parent=532"}],"curies":[{"name":"wp","href":"https:\/\/api.w.org\/{rel}","templated":true}]}}